{"id":86,"date":"2016-11-02T16:38:30","date_gmt":"2016-11-02T15:38:30","guid":{"rendered":"http:\/\/www.virtosango.org\/?page_id=86"},"modified":"2020-12-03T20:17:27","modified_gmt":"2020-12-03T19:17:27","slug":"partnership","status":"publish","type":"page","link":"https:\/\/www.virtosango.org\/fr\/partnership\/","title":{"rendered":"Partnership"},"content":{"rendered":"<p class=\"qtranxs-available-languages-message qtranxs-available-languages-message-fr\">D\u00e9sol\u00e9, ce contenu est seulement disponible en <a href=\"https:\/\/www.virtosango.org\/en\/wp-json\/wp\/v2\/pages\/86\" class=\"qtranxs-available-language-link qtranxs-available-language-link-en\" title=\"English\">Anglais Am\u00e9ricain<\/a>. Pour le confort de l\u2019utilisateur, le contenu est affich\u00e9 ci-dessous dans une autre langue. Vous pouvez cliquer le lien pour changer de langue active.<\/p>[mk_page_section sidebar=\u00a0\u00bbsidebar-1&Prime;][vc_column][mk_font_icons icon=\u00a0\u00bbmk-li-link\u00a0\u00bb color=\u00a0\u00bb#4c341c\u00a0\u00bb size=\u00a0\u00bbmedium\u00a0\u00bb align=\u00a0\u00bbcenter\u00a0\u00bb][mk_ornamental_title text_color=\u00a0\u00bb#4c341c\u00a0\u00bb font_family=\u00a0\u00bbnone\u00a0\u00bb font_size=\u00a0\u00bb32&Prime; ornament_style=\u00a0\u00bbnorman-single\u00a0\u00bb]Partnership[\/mk_ornamental_title][vc_row_inner disable_element=\u00a0\u00bbyes\u00a0\u00bb][vc_column_inner][mk_clients style=\u00a0\u00bbcolumn\u00a0\u00bb border_style=\u00a0\u00bbopened_edges\u00a0\u00bb column=\u00a0\u00bb2&Prime; count=\u00a0\u00bb2&Prime; order=\u00a0\u00bbDESC\u00a0\u00bb orderby=\u00a0\u00bbnone\u00a0\u00bb border_color=\u00a0\u00bb#4c341c\u00a0\u00bb target=\u00a0\u00bb_blank\u00a0\u00bb margin_bottom=\u00a0\u00bb10&Prime; clients=\u00a0\u00bb787, 781&Prime;][mk_clients count=\u00a0\u00bb3&Prime; order=\u00a0\u00bbDESC\u00a0\u00bb orderby=\u00a0\u00bbnone\u00a0\u00bb autoplay=\u00a0\u00bbfalse\u00a0\u00bb target=\u00a0\u00bb_blank\u00a0\u00bb margin_bottom=\u00a0\u00bb10&Prime; clients=\u00a0\u00bb787, 781, 789&Prime;][\/vc_column_inner][\/vc_row_inner][\/vc_column][\/mk_page_section][vc_row animation=\u00a0\u00bbfade-in\u00a0\u00bb disable_element=\u00a0\u00bbyes\u00a0\u00bb id=\u00a0\u00bbclient\u00a0\u00bb][vc_column][mk_font_icons icon=\u00a0\u00bbmk-moon-crown\u00a0\u00bb color=\u00a0\u00bb#4c341c\u00a0\u00bb size=\u00a0\u00bbmedium\u00a0\u00bb align=\u00a0\u00bbcenter\u00a0\u00bb][mk_ornamental_title text_color=\u00a0\u00bb#4c341c\u00a0\u00bb font_family=\u00a0\u00bbnone\u00a0\u00bb font_size=\u00a0\u00bb32&Prime; ornament_style=\u00a0\u00bbnorman-single\u00a0\u00bb]Client \u00b7 Citizen[\/mk_ornamental_title][mk_icon_box2 icon_size=\u00a0\u00bb32&Prime; icon=\u00a0\u00bbmk-li-portfolio\u00a0\u00bb title=\u00a0\u00bbTEACHING \u00b7 CONSULTING\u00a0\u00bb title_size=\u00a0\u00bb16&Prime;][\/mk_icon_box2][vc_row_inner][vc_column_inner width=\u00a0\u00bb1\/4&Prime;][mk_image src=\u00a0\u00bbhttp:\/\/www.virtosango.org\/wp-content\/uploads\/2016\/11\/university-of-economics-prague-logotype.png\u00a0\u00bb image_size=\u00a0\u00bbfull\u00a0\u00bb target=\u00a0\u00bb_blank\u00a0\u00bb title=\u00a0\u00bbV\u0160E Prague School of Economics\u00a0\u00bb desc=\u00a0\u00bbFirst business school in the eastern European zone\u00a0\u00bb caption_location=\u00a0\u00bboutside-image\u00a0\u00bb align=\u00a0\u00bbcenter\u00a0\u00bb][\/vc_column_inner][vc_column_inner width=\u00a0\u00bb1\/4&Prime;][mk_image src=\u00a0\u00bbhttp:\/\/www.virtosango.org\/wp-content\/uploads\/2016\/11\/international-university-in-geneva-logotype.png\u00a0\u00bb image_size=\u00a0\u00bbfull\u00a0\u00bb target=\u00a0\u00bb_blank\u00a0\u00bb title=\u00a0\u00bbInternational University in Geneva\u00a0\u00bb desc=\u00a0\u00bbSixth best business school in Switzerland\u00a0\u00bb caption_location=\u00a0\u00bboutside-image\u00a0\u00bb align=\u00a0\u00bbcenter\u00a0\u00bb][\/vc_column_inner][vc_column_inner width=\u00a0\u00bb1\/4&Prime;][mk_image src=\u00a0\u00bbhttp:\/\/www.virtosango.org\/wp-content\/uploads\/2016\/11\/hes-so-logotype.png\u00a0\u00bb image_size=\u00a0\u00bbfull\u00a0\u00bb target=\u00a0\u00bb_blank\u00a0\u00bb title=\u00a0\u00bbUniversity of Applied Sciences and Arts Western Switzerland\u00a0\u00bb desc=\u00a0\u00bbFourth largest Swiss university\u00a0\u00bb caption_location=\u00a0\u00bboutside-image\u00a0\u00bb align=\u00a0\u00bbcenter\u00a0\u00bb][\/vc_column_inner][vc_column_inner width=\u00a0\u00bb1\/4&Prime;][mk_image src=\u00a0\u00bbhttp:\/\/www.virtosango.org\/wp-content\/uploads\/2016\/11\/valeureux-activateurs-de-richesses-logotype.png\u00a0\u00bb image_size=\u00a0\u00bbfull\u00a0\u00bb target=\u00a0\u00bb_blank\u00a0\u00bb title=\u00a0\u00bbValeureux Activateurs de Richesses\u00a0\u00bb desc=\u00a0\u00bbValue co-creation advisory firm\u00a0\u00bb caption_location=\u00a0\u00bboutside-image\u00a0\u00bb align=\u00a0\u00bbcenter\u00a0\u00bb][\/vc_column_inner][\/vc_row_inner][vc_column_text title=\u00a0\u00bbTestimonials\u00a0\u00bb disable_pattern=\u00a0\u00bbfalse\u00a0\u00bb][\/vc_column_text][mk_padding_divider size=\u00a0\u00bb30&Prime;][mk_testimonials count=\u00a0\u00bb4&Prime; order=\u00a0\u00bbDESC\u00a0\u00bb orderby=\u00a0\u00bbnone\u00a0\u00bb text_color=\u00a0\u00bb#4c341c\u00a0\u00bb author_color=\u00a0\u00bb#4c341c\u00a0\u00bb skill_color=\u00a0\u00bb#4c341c\u00a0\u00bb font_size=\u00a0\u00bb16&Prime; font_style=\u00a0\u00bbinherit\u00a0\u00bb categories=\u00a0\u00bbclient\u00a0\u00bb][vc_column_text title=\u00a0\u00bbRating\u00a0\u00bb disable_pattern=\u00a0\u00bbfalse\u00a0\u00bb][\/vc_column_text][mk_chart percent=\u00a0\u00bb82.5&Prime; bar_color=\u00a0\u00bb#4c341c\u00a0\u00bb track_color=\u00a0\u00bb#fffde0&Prime; line_width=\u00a0\u00bb7&Prime; bar_size=\u00a0\u00bb95&Prime; content_type=\u00a0\u00bbicon\u00a0\u00bb icon=\u00a0\u00bbmk-icon-star\u00a0\u00bb icon_color=\u00a0\u00bb#4c341c\u00a0\u00bb desc=\u00a0\u00bb83% SATISFACTION RATE\u00a0\u00bb desc_text_size=\u00a0\u00bb16&Prime; desc_color=\u00a0\u00bb#4c341c\u00a0\u00bb][mk_padding_divider size=\u00a0\u00bb30&Prime;][\/vc_column][\/vc_row][vc_row animation=\u00a0\u00bbfade-in\u00a0\u00bb disable_element=\u00a0\u00bbyes\u00a0\u00bb id=\u00a0\u00bbaffiliation\u00a0\u00bb][vc_column][mk_font_icons icon=\u00a0\u00bbmk-icon-sun-o\u00a0\u00bb color=\u00a0\u00bb#4c341c\u00a0\u00bb size=\u00a0\u00bbmedium\u00a0\u00bb align=\u00a0\u00bbcenter\u00a0\u00bb][mk_ornamental_title text_color=\u00a0\u00bb#4c341c\u00a0\u00bb font_family=\u00a0\u00bbnone\u00a0\u00bb font_size=\u00a0\u00bb32&Prime; ornament_style=\u00a0\u00bbnorman-single\u00a0\u00bb]Affiliation \u00b7 Patronage[\/mk_ornamental_title][vc_column_text title=\u00a0\u00bbAmbassador, consul, honorary godmother\/father, miss\/mister\/guardian angels\u00a0\u00bb disable_pattern=\u00a0\u00bbfalse\u00a0\u00bb]Ambassador, consul, honorary godmother\/father, miss\/mister\/guardian angels[\/vc_column_text][vc_column_text title=\u00a0\u00bbGodparent\/godchild\u00a0\u00bb disable_pattern=\u00a0\u00bbfalse\u00a0\u00bb]Godparent\/godchild[\/vc_column_text][vc_column_text title=\u00a0\u00bbRepresentative task-force\u00a0\u00bb disable_pattern=\u00a0\u00bbfalse\u00a0\u00bb]Representative task-force[\/vc_column_text][\/vc_column][\/vc_row][vc_row animation=\u00a0\u00bbfade-in\u00a0\u00bb disable_element=\u00a0\u00bbyes\u00a0\u00bb id=\u00a0\u00bbfinancial\u00a0\u00bb][vc_column][mk_font_icons icon=\u00a0\u00bbmk-moon-busy-2&Prime; color=\u00a0\u00bb#4c341c\u00a0\u00bb size=\u00a0\u00bbmedium\u00a0\u00bb align=\u00a0\u00bbcenter\u00a0\u00bb][mk_ornamental_title text_color=\u00a0\u00bb#4c341c\u00a0\u00bb font_family=\u00a0\u00bbnone\u00a0\u00bb font_size=\u00a0\u00bb32&Prime; ornament_style=\u00a0\u00bbnorman-single\u00a0\u00bb]Financial[\/mk_ornamental_title][vc_column_text title=\u00a0\u00bbPublic\u00a0\u00bb disable_pattern=\u00a0\u00bbfalse\u00a0\u00bb]Public[\/vc_column_text][vc_column_text title=\u00a0\u00bbPrivate\u00a0\u00bb disable_pattern=\u00a0\u00bbfalse\u00a0\u00bb]Private[\/vc_column_text][vc_column_text title=\u00a0\u00bbInstitutional\u00a0\u00bb disable_pattern=\u00a0\u00bbfalse\u00a0\u00bb]Institutional[\/vc_column_text][vc_column_text title=\u00a0\u00bbSponsor\u00a0\u00bb disable_pattern=\u00a0\u00bbfalse\u00a0\u00bb]Sponsor[\/vc_column_text][vc_column_text title=\u00a0\u00bbInvestor\u00a0\u00bb disable_pattern=\u00a0\u00bbfalse\u00a0\u00bb]Investor[\/vc_column_text][\/vc_column][\/vc_row][vc_row animation=\u00a0\u00bbfade-in\u00a0\u00bb id=\u00a0\u00bbstrategic\u00a0\u00bb][vc_column][mk_font_icons icon=\u00a0\u00bbmk-li-target\u00a0\u00bb color=\u00a0\u00bb#4c341c\u00a0\u00bb size=\u00a0\u00bbmedium\u00a0\u00bb align=\u00a0\u00bbcenter\u00a0\u00bb][mk_ornamental_title text_color=\u00a0\u00bb#4c341c\u00a0\u00bb font_family=\u00a0\u00bbnone\u00a0\u00bb font_size=\u00a0\u00bb32&Prime; ornament_style=\u00a0\u00bbnorman-single\u00a0\u00bb]Strategic[\/mk_ornamental_title][mk_icon_box2 icon_size=\u00a0\u00bb32&Prime; icon=\u00a0\u00bbmk-li-posion\u00a0\u00bb title=\u00a0\u00bbENTREPRENEURSHIP PROGRAMMES \u00b7 SEED INCUBATOR\u00a0\u00bb title_size=\u00a0\u00bb16&Prime;][\/mk_icon_box2][vc_row_inner][vc_column_inner width=\u00a0\u00bb1\/4&Prime;][mk_image src=\u00a0\u00bbhttp:\/\/www.virtosango.org\/wp-content\/uploads\/2016\/11\/upeace-logotype.png\u00a0\u00bb image_size=\u00a0\u00bbfull\u00a0\u00bb target=\u00a0\u00bb_blank\u00a0\u00bb title=\u00a0\u00bbUnited Nations mandated University for Peace\u00a0\u00bb desc=\u00a0\u00bbEntrepreneurship, Innovation and Social Change\u00a0\u00bb caption_location=\u00a0\u00bboutside-image\u00a0\u00bb align=\u00a0\u00bbcenter\u00a0\u00bb][\/vc_column_inner][vc_column_inner width=\u00a0\u00bb1\/4&Prime;][mk_image src=\u00a0\u00bbhttp:\/\/www.virtosango.org\/wp-content\/uploads\/2016\/11\/cti-entrepreneurship-training-logotype.png\u00a0\u00bb image_size=\u00a0\u00bbfull\u00a0\u00bb target=\u00a0\u00bb_blank\u00a0\u00bb title=\u00a0\u00bbCommission pour la Technologie et l&rsquo;Innovation\u00a0\u00bb desc=\u00a0\u00bbBusiness Creation\u00a0\u00bb caption_location=\u00a0\u00bboutside-image\u00a0\u00bb align=\u00a0\u00bbcenter\u00a0\u00bb][\/vc_column_inner][vc_column_inner width=\u00a0\u00bb1\/4&Prime;][mk_image src=\u00a0\u00bbhttp:\/\/www.virtosango.org\/wp-content\/uploads\/2016\/11\/venture-lab-logotype.png\u00a0\u00bb image_size=\u00a0\u00bbfull\u00a0\u00bb target=\u00a0\u00bb_blank\u00a0\u00bb title=\u00a0\u00bbVenture Lab\u00a0\u00bb desc=\u00a0\u00bbVenture Plan High-Tech Start-Up\u00a0\u00bb caption_location=\u00a0\u00bboutside-image\u00a0\u00bb align=\u00a0\u00bbcenter\u00a0\u00bb][\/vc_column_inner][vc_column_inner width=\u00a0\u00bb1\/4&Prime;][mk_image src=\u00a0\u00bbhttp:\/\/www.virtosango.org\/wp-content\/uploads\/2016\/11\/start-up-week-end-logotype.png\u00a0\u00bb image_size=\u00a0\u00bbfull\u00a0\u00bb target=\u00a0\u00bb_blank\u00a0\u00bb title=\u00a0\u00bbStart-Up Weekend Geneva\u00a0\u00bb desc=\u00a0\u00bbSelected\u00a0\u00bb caption_location=\u00a0\u00bboutside-image\u00a0\u00bb align=\u00a0\u00bbcenter\u00a0\u00bb][\/vc_column_inner][\/vc_row_inner][mk_icon_box2 icon_size=\u00a0\u00bb32&Prime; icon=\u00a0\u00bbmk-moon-microscope\u00a0\u00bb title=\u00a0\u00bbTHINK AND ACT TANK\u00a0\u00bb title_size=\u00a0\u00bb16&Prime;][\/mk_icon_box2][vc_row_inner][vc_column_inner][mk_image src=\u00a0\u00bbhttp:\/\/www.virtosango.org\/wp-content\/uploads\/2016\/11\/finance-for-entrepreneurs-logotype.png\u00a0\u00bb image_size=\u00a0\u00bbfull\u00a0\u00bb target=\u00a0\u00bb_blank\u00a0\u00bb title=\u00a0\u00bbFinance for Entrepreneurs\u00a0\u00bb desc=\u00a0\u00bbEntrepreneurship Assessment\u00a0\u00bb caption_location=\u00a0\u00bboutside-image\u00a0\u00bb align=\u00a0\u00bbcenter\u00a0\u00bb][\/vc_column_inner][\/vc_row_inner][\/vc_column][\/vc_row][vc_row animation=\u00a0\u00bbfade-in\u00a0\u00bb id=\u00a0\u00bbacademic\u00a0\u00bb][vc_column][mk_font_icons icon=\u00a0\u00bbmk-icon-mortar-board\u00a0\u00bb color=\u00a0\u00bb#4c341c\u00a0\u00bb size=\u00a0\u00bbmedium\u00a0\u00bb align=\u00a0\u00bbcenter\u00a0\u00bb][mk_ornamental_title text_color=\u00a0\u00bb#4c341c\u00a0\u00bb font_family=\u00a0\u00bbnone\u00a0\u00bb font_size=\u00a0\u00bb32&Prime; ornament_style=\u00a0\u00bbnorman-single\u00a0\u00bb]Academic[\/mk_ornamental_title][mk_icon_box2 icon_size=\u00a0\u00bb32&Prime; icon=\u00a0\u00bbmk-li-lab\u00a0\u00bb title=\u00a0\u00bbRESEARCH AND DEVELOPMENT \u00b7 ACADEMIC PUBLICATION\u00a0\u00bb title_size=\u00a0\u00bb16&Prime;][\/mk_icon_box2][vc_row_inner][vc_column_inner width=\u00a0\u00bb1\/4&Prime;][mk_image src=\u00a0\u00bbhttp:\/\/www.virtosango.org\/wp-content\/uploads\/2016\/11\/unrisd-logotype.png\u00a0\u00bb image_size=\u00a0\u00bbfull\u00a0\u00bb target=\u00a0\u00bb_blank\u00a0\u00bb title=\u00a0\u00bbUnited Nation Research Institute for Social Development\u00a0\u00bb desc=\u00a0\u00bbInternational Conference on Potential and Limits of Social and Solidarity Economy\u00a0\u00bb caption_location=\u00a0\u00bboutside-image\u00a0\u00bb align=\u00a0\u00bbcenter\u00a0\u00bb][\/vc_column_inner][vc_column_inner width=\u00a0\u00bb1\/4&Prime;][mk_image src=\u00a0\u00bbhttp:\/\/www.virtosango.org\/wp-content\/uploads\/2016\/11\/community-currency-in-action-logotype.png\u00a0\u00bb image_size=\u00a0\u00bbfull\u00a0\u00bb target=\u00a0\u00bb_blank\u00a0\u00bb title=\u00a0\u00bbEuropean Regional Development Fund\u00a0\u00bb desc=\u00a0\u00bbCommunity Currency in Action Project Observer\u00a0\u00bb caption_location=\u00a0\u00bboutside-image\u00a0\u00bb align=\u00a0\u00bbcenter\u00a0\u00bb][\/vc_column_inner][vc_column_inner width=\u00a0\u00bb1\/4&Prime;][mk_image src=\u00a0\u00bbhttp:\/\/www.virtosango.org\/wp-content\/uploads\/2016\/11\/ijccr-logotype.png\u00a0\u00bb image_size=\u00a0\u00bbfull\u00a0\u00bb target=\u00a0\u00bb_blank\u00a0\u00bb title=\u00a0\u00bbInternational Journal of Community Currency Research\u00a0\u00bb desc=\u00a0\u00bbSpecial Issue\u00a0\u00bb caption_location=\u00a0\u00bboutside-image\u00a0\u00bb align=\u00a0\u00bbcenter\u00a0\u00bb][\/vc_column_inner][vc_column_inner width=\u00a0\u00bb1\/4&Prime;][mk_image src=\u00a0\u00bbhttp:\/\/www.virtosango.org\/wp-content\/uploads\/2016\/11\/sustainable-finance-geneva-logotype.png\u00a0\u00bb image_size=\u00a0\u00bbfull\u00a0\u00bb target=\u00a0\u00bb_blank\u00a0\u00bb title=\u00a0\u00bbSustainable Finance Geneva\u00a0\u00bb desc=\u00a0\u00bbCase Study of Individual Principles for the Responsible Investor\u00a0\u00bb caption_location=\u00a0\u00bboutside-image\u00a0\u00bb align=\u00a0\u00bbcenter\u00a0\u00bb][\/vc_column_inner][\/vc_row_inner][\/vc_column][\/vc_row][vc_row animation=\u00a0\u00bbfade-in\u00a0\u00bb id=\u00a0\u00bbrecognition\u00a0\u00bb][vc_column][mk_font_icons icon=\u00a0\u00bbmk-icon-pagelines\u00a0\u00bb color=\u00a0\u00bb#4c341c\u00a0\u00bb size=\u00a0\u00bbmedium\u00a0\u00bb align=\u00a0\u00bbcenter\u00a0\u00bb][mk_ornamental_title text_color=\u00a0\u00bb#4c341c\u00a0\u00bb font_family=\u00a0\u00bbnone\u00a0\u00bb font_size=\u00a0\u00bb32&Prime; ornament_style=\u00a0\u00bbnorman-single\u00a0\u00bb]Recognition[\/mk_ornamental_title][mk_icon_box2 icon_size=\u00a0\u00bb32&Prime; icon=\u00a0\u00bbmk-li-cup\u00a0\u00bb title=\u00a0\u00bbRECOGNITION PRIZE\u00a0\u00bb title_size=\u00a0\u00bb16&Prime;][\/mk_icon_box2][vc_row_inner][vc_column_inner width=\u00a0\u00bb1\/4&Prime;][mk_image src=\u00a0\u00bbhttp:\/\/www.virtosango.org\/wp-content\/uploads\/2016\/11\/prix-genilem-hes-so-ge-logotype.png\u00a0\u00bb image_size=\u00a0\u00bbfull\u00a0\u00bb target=\u00a0\u00bb_blank\u00a0\u00bb title=\u00a0\u00bbGenilem HES-SO-GE Prize\u00a0\u00bb desc=\u00a0\u00bbFinalist\u00a0\u00bb caption_location=\u00a0\u00bboutside-image\u00a0\u00bb align=\u00a0\u00bbcenter\u00a0\u00bb][\/vc_column_inner][vc_column_inner width=\u00a0\u00bb1\/4&Prime;][mk_image src=\u00a0\u00bbhttp:\/\/www.virtosango.org\/wp-content\/uploads\/2016\/11\/start-up-lab-logotype.png\u00a0\u00bb image_size=\u00a0\u00bbfull\u00a0\u00bb target=\u00a0\u00bb_blank\u00a0\u00bb title=\u00a0\u00bbArtemisia Start-Up Lab\u00a0\u00bb desc=\u00a0\u00bbFinalist\u00a0\u00bb caption_location=\u00a0\u00bboutside-image\u00a0\u00bb align=\u00a0\u00bbcenter\u00a0\u00bb][\/vc_column_inner][vc_column_inner width=\u00a0\u00bb1\/4&Prime;][mk_image src=\u00a0\u00bbhttp:\/\/www.virtosango.org\/wp-content\/uploads\/2016\/11\/innopark-logotype.png\u00a0\u00bb image_size=\u00a0\u00bbfull\u00a0\u00bb target=\u00a0\u00bb_blank\u00a0\u00bb title=\u00a0\u00bbInnOscars original project category\u00a0\u00bb desc=\u00a0\u00bbFinalist\u00a0\u00bb caption_location=\u00a0\u00bboutside-image\u00a0\u00bb align=\u00a0\u00bbcenter\u00a0\u00bb][\/vc_column_inner][vc_column_inner width=\u00a0\u00bb1\/4&Prime;][mk_image src=\u00a0\u00bbhttp:\/\/www.virtosango.org\/wp-content\/uploads\/2016\/11\/incubateur-hec-logotype.png\u00a0\u00bb image_size=\u00a0\u00bbfull\u00a0\u00bb target=\u00a0\u00bb_blank\u00a0\u00bb title=\u00a0\u00bbTroph\u00e9es Rethink Incubateur HEC-Paris\u00a0\u00bb desc=\u00a0\u00bbSelected\u00a0\u00bb caption_location=\u00a0\u00bboutside-image\u00a0\u00bb align=\u00a0\u00bbcenter\u00a0\u00bb][\/vc_column_inner][\/vc_row_inner][\/vc_column][\/vc_row][vc_row animation=\u00a0\u00bbfade-in\u00a0\u00bb disable_element=\u00a0\u00bbyes\u00a0\u00bb id=\u00a0\u00bbaccreditation\u00a0\u00bb][vc_column][mk_font_icons icon=\u00a0\u00bbmk-icon-certificate\u00a0\u00bb color=\u00a0\u00bb#4c341c\u00a0\u00bb size=\u00a0\u00bbmedium\u00a0\u00bb align=\u00a0\u00bbcenter\u00a0\u00bb][mk_ornamental_title text_color=\u00a0\u00bb#4c341c\u00a0\u00bb font_family=\u00a0\u00bbnone\u00a0\u00bb font_size=\u00a0\u00bb32&Prime; ornament_style=\u00a0\u00bbnorman-single\u00a0\u00bb]Accreditation[\/mk_ornamental_title][\/vc_column][\/vc_row]","protected":false},"excerpt":{"rendered":"<p>D\u00e9sol\u00e9, ce contenu est seulement disponible en Anglais Am\u00e9ricain. Pour le confort de l\u2019utilisateur, le contenu est affich\u00e9 ci-dessous dans une autre langue. Vous pouvez cliquer le lien pour changer de langue active.[mk_page_section sidebar=\u00a0\u00bbsidebar-1&Prime;][vc_column][mk_font_icons icon=\u00a0\u00bbmk-li-link\u00a0\u00bb color=\u00a0\u00bb#4c341c\u00a0\u00bb size=\u00a0\u00bbmedium\u00a0\u00bb align=\u00a0\u00bbcenter\u00a0\u00bb][mk_ornamental_title text_color=\u00a0\u00bb#4c341c\u00a0\u00bb font_family=\u00a0\u00bbnone\u00a0\u00bb font_size=\u00a0\u00bb32&Prime; ornament_style=\u00a0\u00bbnorman-single\u00a0\u00bb]Partnership[\/mk_ornamental_title][vc_row_inner disable_element=\u00a0\u00bbyes\u00a0\u00bb][vc_column_inner][mk_clients style=\u00a0\u00bbcolumn\u00a0\u00bb border_style=\u00a0\u00bbopened_edges\u00a0\u00bb column=\u00a0\u00bb2&Prime; count=\u00a0\u00bb2&Prime; order=\u00a0\u00bbDESC\u00a0\u00bb orderby=\u00a0\u00bbnone\u00a0\u00bb border_color=\u00a0\u00bb#4c341c\u00a0\u00bb target=\u00a0\u00bb_blank\u00a0\u00bb margin_bottom=\u00a0\u00bb10&Prime; clients=\u00a0\u00bb787, 781&Prime;][mk_clients count=\u00a0\u00bb3&Prime; [&hellip;]<\/p>\n","protected":false},"author":1,"featured_media":0,"parent":0,"menu_order":0,"comment_status":"closed","ping_status":"closed","template":"","meta":[],"_links":{"self":[{"href":"https:\/\/www.virtosango.org\/fr\/wp-json\/wp\/v2\/pages\/86"}],"collection":[{"href":"https:\/\/www.virtosango.org\/fr\/wp-json\/wp\/v2\/pages"}],"about":[{"href":"https:\/\/www.virtosango.org\/fr\/wp-json\/wp\/v2\/types\/page"}],"author":[{"embeddable":true,"href":"https:\/\/www.virtosango.org\/fr\/wp-json\/wp\/v2\/users\/1"}],"replies":[{"embeddable":true,"href":"https:\/\/www.virtosango.org\/fr\/wp-json\/wp\/v2\/comments?post=86"}],"version-history":[{"count":85,"href":"https:\/\/www.virtosango.org\/fr\/wp-json\/wp\/v2\/pages\/86\/revisions"}],"predecessor-version":[{"id":1671,"href":"https:\/\/www.virtosango.org\/fr\/wp-json\/wp\/v2\/pages\/86\/revisions\/1671"}],"wp:attachment":[{"href":"https:\/\/www.virtosango.org\/fr\/wp-json\/wp\/v2\/media?parent=86"}],"curies":[{"name":"wp","href":"https:\/\/api.w.org\/{rel}","templated":true}]}}