{"id":110,"date":"2016-11-02T16:47:29","date_gmt":"2016-11-02T15:47:29","guid":{"rendered":"http:\/\/www.virtosango.org\/?page_id=110"},"modified":"2020-11-26T21:34:48","modified_gmt":"2020-11-26T20:34:48","slug":"developers","status":"publish","type":"page","link":"https:\/\/www.virtosango.org\/fr\/developers\/","title":{"rendered":"Developers"},"content":{"rendered":"<p class=\"qtranxs-available-languages-message qtranxs-available-languages-message-fr\">D\u00e9sol\u00e9, ce contenu est seulement disponible en <a href=\"https:\/\/www.virtosango.org\/en\/wp-json\/wp\/v2\/pages\/110\" class=\"qtranxs-available-language-link qtranxs-available-language-link-en\" title=\"English\">Anglais Am\u00e9ricain<\/a>. Pour le confort de l\u2019utilisateur, le contenu est affich\u00e9 ci-dessous dans une autre langue. Vous pouvez cliquer le lien pour changer de langue active.<\/p>[mk_page_section sidebar=\u00a0\u00bbsidebar-1&Prime;][vc_column][mk_font_icons icon=\u00a0\u00bbmk-icon-wrench\u00a0\u00bb color=\u00a0\u00bb#4c341c\u00a0\u00bb size=\u00a0\u00bbmedium\u00a0\u00bb align=\u00a0\u00bbcenter\u00a0\u00bb][mk_ornamental_title text_color=\u00a0\u00bb#4c341c\u00a0\u00bb font_family=\u00a0\u00bbnone\u00a0\u00bb font_size=\u00a0\u00bb32&Prime; ornament_style=\u00a0\u00bbnorman-single\u00a0\u00bb]Developers[\/mk_ornamental_title][\/vc_column][\/mk_page_section][vc_row animation=\u00a0\u00bbfade-in\u00a0\u00bb disable_element=\u00a0\u00bbyes\u00a0\u00bb id=\u00a0\u00bbapplication\u00a0\u00bb][vc_column][vc_row_inner][vc_column_inner width=\u00a0\u00bb1\/2&Prime;][mk_font_icons icon=\u00a0\u00bbmk-icon-mobile\u00a0\u00bb color=\u00a0\u00bb#4c341c\u00a0\u00bb size=\u00a0\u00bbmedium\u00a0\u00bb align=\u00a0\u00bbright\u00a0\u00bb][\/vc_column_inner][vc_column_inner width=\u00a0\u00bb1\/2&Prime;][mk_font_icons icon=\u00a0\u00bbmk-icon-tablet\u00a0\u00bb color=\u00a0\u00bb#4c341c\u00a0\u00bb size=\u00a0\u00bbmedium\u00a0\u00bb align=\u00a0\u00bbleft\u00a0\u00bb][\/vc_column_inner][\/vc_row_inner][mk_ornamental_title text_color=\u00a0\u00bb#4c341c\u00a0\u00bb font_family=\u00a0\u00bbnone\u00a0\u00bb font_size=\u00a0\u00bb32&Prime; ornament_style=\u00a0\u00bbnorman-single\u00a0\u00bb]Application \u00b7 Mobile \u00b7 Tablet[\/mk_ornamental_title][vc_column_text title=\u00a0\u00bbMobile \u00b7 Tablet\u00a0\u00bb disable_pattern=\u00a0\u00bbfalse\u00a0\u00bb]Mobile \u00b7 Tablet: Android, iOS, Windows<br \/>\nRich Internet Application[\/vc_column_text][\/vc_column][\/vc_row][vc_row animation=\u00a0\u00bbfade-in\u00a0\u00bb disable_element=\u00a0\u00bbyes\u00a0\u00bb id=\u00a0\u00bbsoftware\u00a0\u00bb][vc_column][vc_row_inner][vc_column_inner width=\u00a0\u00bb1\/2&Prime;][mk_font_icons icon=\u00a0\u00bbmk-moon-screen\u00a0\u00bb color=\u00a0\u00bb#4c341c\u00a0\u00bb size=\u00a0\u00bbmedium\u00a0\u00bb align=\u00a0\u00bbright\u00a0\u00bb][\/vc_column_inner][vc_column_inner width=\u00a0\u00bb1\/2&Prime;][mk_font_icons icon=\u00a0\u00bbmk-icon-laptop\u00a0\u00bb color=\u00a0\u00bb#4c341c\u00a0\u00bb size=\u00a0\u00bbmedium\u00a0\u00bb align=\u00a0\u00bbleft\u00a0\u00bb][\/vc_column_inner][\/vc_row_inner][mk_ornamental_title text_color=\u00a0\u00bb#4c341c\u00a0\u00bb font_family=\u00a0\u00bbnone\u00a0\u00bb font_size=\u00a0\u00bb32&Prime; ornament_style=\u00a0\u00bbnorman-single\u00a0\u00bb]Software \u00b7 Desktop \u00b7 Laptop[\/mk_ornamental_title][vc_column_text title=\u00a0\u00bbDesktop \u00b7 Laptop\u00a0\u00bb disable_pattern=\u00a0\u00bbfalse\u00a0\u00bb]Desktop \u00b7 Laptop: Windows, Apple<br \/>\nRich Desktop Application[\/vc_column_text][\/vc_column][\/vc_row][vc_row animation=\u00a0\u00bbfade-in\u00a0\u00bb disable_element=\u00a0\u00bbyes\u00a0\u00bb id=\u00a0\u00bbsaas\u00a0\u00bb][vc_column][mk_font_icons icon=\u00a0\u00bbmk-icon-cloud\u00a0\u00bb color=\u00a0\u00bb#4c341c\u00a0\u00bb size=\u00a0\u00bbmedium\u00a0\u00bb align=\u00a0\u00bbcenter\u00a0\u00bb][mk_ornamental_title text_color=\u00a0\u00bb#4c341c\u00a0\u00bb font_family=\u00a0\u00bbnone\u00a0\u00bb font_size=\u00a0\u00bb32&Prime; ornament_style=\u00a0\u00bbnorman-single\u00a0\u00bb]SAAS[\/mk_ornamental_title][vc_column_text title=\u00a0\u00bbService as a Software\u00a0\u00bb disable_pattern=\u00a0\u00bbfalse\u00a0\u00bb]Service as a Software[\/vc_column_text][\/vc_column][\/vc_row][vc_row id=\u00a0\u00bbco-branding\u00a0\u00bb][vc_column][mk_font_icons icon=\u00a0\u00bbmk-icon-tags\u00a0\u00bb color=\u00a0\u00bb#4c341c\u00a0\u00bb size=\u00a0\u00bbmedium\u00a0\u00bb align=\u00a0\u00bbcenter\u00a0\u00bb][mk_ornamental_title text_color=\u00a0\u00bb#4c341c\u00a0\u00bb font_family=\u00a0\u00bbnone\u00a0\u00bb font_size=\u00a0\u00bb32&Prime; ornament_style=\u00a0\u00bbnorman-single\u00a0\u00bb]Co-branding[\/mk_ornamental_title][vc_column_text title=\u00a0\u00bbJoint venture \u00b7 Private label\u00a0\u00bb disable_pattern=\u00a0\u00bbfalse\u00a0\u00bb css=\u00a0\u00bb.vc_custom_1606422887277{margin-bottom: 0px !important;}\u00a0\u00bb]For joint venture or private label co-branding, <a href=\"https:\/\/www.virtosango.org\/contact#contact-form\">contact us<\/a>.[\/vc_column_text][\/vc_column][\/vc_row][vc_row animation=\u00a0\u00bbfade-in\u00a0\u00bb disable_element=\u00a0\u00bbyes\u00a0\u00bb id=\u00a0\u00bbembed\u00a0\u00bb][vc_column][mk_font_icons icon=\u00a0\u00bbmk-icon-code\u00a0\u00bb color=\u00a0\u00bb#4c341c\u00a0\u00bb size=\u00a0\u00bbmedium\u00a0\u00bb align=\u00a0\u00bbcenter\u00a0\u00bb][mk_ornamental_title text_color=\u00a0\u00bb#4c341c\u00a0\u00bb font_family=\u00a0\u00bbnone\u00a0\u00bb font_size=\u00a0\u00bb32&Prime; ornament_style=\u00a0\u00bbnorman-single\u00a0\u00bb]Embed[\/mk_ornamental_title][vc_column_text title=\u00a0\u00bbVirto\u00a0\u00bb disable_pattern=\u00a0\u00bbfalse\u00a0\u00bb]Embed code[\/vc_column_text][\/vc_column][\/vc_row][vc_row animation=\u00a0\u00bbfade-in\u00a0\u00bb disable_element=\u00a0\u00bbyes\u00a0\u00bb id=\u00a0\u00bbplugin\u00a0\u00bb][vc_column][mk_font_icons icon=\u00a0\u00bbmk-icon-plug\u00a0\u00bb color=\u00a0\u00bb#4c341c\u00a0\u00bb size=\u00a0\u00bbmedium\u00a0\u00bb align=\u00a0\u00bbcenter\u00a0\u00bb][mk_ornamental_title text_color=\u00a0\u00bb#4c341c\u00a0\u00bb font_family=\u00a0\u00bbnone\u00a0\u00bb font_size=\u00a0\u00bb32&Prime; ornament_style=\u00a0\u00bbnorman-single\u00a0\u00bb]Plugin[\/mk_ornamental_title][vc_column_text title=\u00a0\u00bbSocial network\u00a0\u00bb disable_pattern=\u00a0\u00bbfalse\u00a0\u00bb]Social network[\/vc_column_text][vc_column_text title=\u00a0\u00bbMicro-donation\u00a0\u00bb disable_pattern=\u00a0\u00bbfalse\u00a0\u00bb]Micro-donation[\/vc_column_text][\/vc_column][\/vc_row][vc_row animation=\u00a0\u00bbfade-in\u00a0\u00bb disable_element=\u00a0\u00bbyes\u00a0\u00bb id=\u00a0\u00bbapi\u00a0\u00bb][vc_column][mk_font_icons icon=\u00a0\u00bbmk-icon-unlock-alt\u00a0\u00bb color=\u00a0\u00bb#4c341c\u00a0\u00bb size=\u00a0\u00bbmedium\u00a0\u00bb align=\u00a0\u00bbcenter\u00a0\u00bb][mk_ornamental_title text_color=\u00a0\u00bb#4c341c\u00a0\u00bb font_family=\u00a0\u00bbnone\u00a0\u00bb font_size=\u00a0\u00bb32&Prime; ornament_style=\u00a0\u00bbnorman-single\u00a0\u00bb]API[\/mk_ornamental_title][vc_column_text title=\u00a0\u00bbOpen Source Application Programming Interface\u00a0\u00bb disable_pattern=\u00a0\u00bbfalse\u00a0\u00bb]Open Source Application Programming Interface[\/vc_column_text][\/vc_column][\/vc_row]","protected":false},"excerpt":{"rendered":"<p>D\u00e9sol\u00e9, ce contenu est seulement disponible en Anglais Am\u00e9ricain. Pour le confort de l\u2019utilisateur, le contenu est affich\u00e9 ci-dessous dans une autre langue. Vous pouvez cliquer le lien pour changer de langue active.[mk_page_section sidebar=\u00a0\u00bbsidebar-1&Prime;][vc_column][mk_font_icons icon=\u00a0\u00bbmk-icon-wrench\u00a0\u00bb color=\u00a0\u00bb#4c341c\u00a0\u00bb size=\u00a0\u00bbmedium\u00a0\u00bb align=\u00a0\u00bbcenter\u00a0\u00bb][mk_ornamental_title text_color=\u00a0\u00bb#4c341c\u00a0\u00bb font_family=\u00a0\u00bbnone\u00a0\u00bb font_size=\u00a0\u00bb32&Prime; ornament_style=\u00a0\u00bbnorman-single\u00a0\u00bb]Developers[\/mk_ornamental_title][\/vc_column][\/mk_page_section][vc_row animation=\u00a0\u00bbfade-in\u00a0\u00bb disable_element=\u00a0\u00bbyes\u00a0\u00bb id=\u00a0\u00bbapplication\u00a0\u00bb][vc_column][vc_row_inner][vc_column_inner width=\u00a0\u00bb1\/2&Prime;][mk_font_icons icon=\u00a0\u00bbmk-icon-mobile\u00a0\u00bb color=\u00a0\u00bb#4c341c\u00a0\u00bb size=\u00a0\u00bbmedium\u00a0\u00bb align=\u00a0\u00bbright\u00a0\u00bb][\/vc_column_inner][vc_column_inner width=\u00a0\u00bb1\/2&Prime;][mk_font_icons icon=\u00a0\u00bbmk-icon-tablet\u00a0\u00bb color=\u00a0\u00bb#4c341c\u00a0\u00bb size=\u00a0\u00bbmedium\u00a0\u00bb align=\u00a0\u00bbleft\u00a0\u00bb][\/vc_column_inner][\/vc_row_inner][mk_ornamental_title [&hellip;]<\/p>\n","protected":false},"author":1,"featured_media":0,"parent":0,"menu_order":0,"comment_status":"closed","ping_status":"closed","template":"","meta":[],"_links":{"self":[{"href":"https:\/\/www.virtosango.org\/fr\/wp-json\/wp\/v2\/pages\/110"}],"collection":[{"href":"https:\/\/www.virtosango.org\/fr\/wp-json\/wp\/v2\/pages"}],"about":[{"href":"https:\/\/www.virtosango.org\/fr\/wp-json\/wp\/v2\/types\/page"}],"author":[{"embeddable":true,"href":"https:\/\/www.virtosango.org\/fr\/wp-json\/wp\/v2\/users\/1"}],"replies":[{"embeddable":true,"href":"https:\/\/www.virtosango.org\/fr\/wp-json\/wp\/v2\/comments?post=110"}],"version-history":[{"count":19,"href":"https:\/\/www.virtosango.org\/fr\/wp-json\/wp\/v2\/pages\/110\/revisions"}],"predecessor-version":[{"id":1655,"href":"https:\/\/www.virtosango.org\/fr\/wp-json\/wp\/v2\/pages\/110\/revisions\/1655"}],"wp:attachment":[{"href":"https:\/\/www.virtosango.org\/fr\/wp-json\/wp\/v2\/media?parent=110"}],"curies":[{"name":"wp","href":"https:\/\/api.w.org\/{rel}","templated":true}]}}