{"id":108,"date":"2016-11-02T16:46:47","date_gmt":"2016-11-02T15:46:47","guid":{"rendered":"http:\/\/www.virtosango.org\/?page_id=108"},"modified":"2017-02-27T18:05:00","modified_gmt":"2017-02-27T17:05:00","slug":"media","status":"publish","type":"page","link":"https:\/\/www.virtosango.org\/fr\/media\/","title":{"rendered":"Media"},"content":{"rendered":"<p class=\"qtranxs-available-languages-message qtranxs-available-languages-message-fr\">D\u00e9sol\u00e9, ce contenu est seulement disponible en <a href=\"https:\/\/www.virtosango.org\/en\/wp-json\/wp\/v2\/pages\/108\" class=\"qtranxs-available-language-link qtranxs-available-language-link-en\" title=\"English\">Anglais Am\u00e9ricain<\/a>. Pour le confort de l\u2019utilisateur, le contenu est affich\u00e9 ci-dessous dans une autre langue. Vous pouvez cliquer le lien pour changer de langue active.<\/p>[mk_page_section sidebar=\u00a0\u00bbsidebar-1&Prime;][vc_column][mk_font_icons icon=\u00a0\u00bbmk-icon-exclamation\u00a0\u00bb color=\u00a0\u00bb#4c341c\u00a0\u00bb size=\u00a0\u00bbmedium\u00a0\u00bb align=\u00a0\u00bbcenter\u00a0\u00bb][mk_ornamental_title text_color=\u00a0\u00bb#4c341c\u00a0\u00bb font_family=\u00a0\u00bbnone\u00a0\u00bb font_size=\u00a0\u00bb32&Prime; ornament_style=\u00a0\u00bbnorman-single\u00a0\u00bb]Media[\/mk_ornamental_title][\/vc_column][\/mk_page_section][vc_row animation=\u00a0\u00bbfade-in\u00a0\u00bb id=\u00a0\u00bbemblem\u00a0\u00bb][vc_column][mk_font_icons icon=\u00a0\u00bbmk-icon-paw\u00a0\u00bb color=\u00a0\u00bb#4c341c\u00a0\u00bb size=\u00a0\u00bbmedium\u00a0\u00bb align=\u00a0\u00bbcenter\u00a0\u00bb][mk_ornamental_title text_color=\u00a0\u00bb#4c341c\u00a0\u00bb font_family=\u00a0\u00bbnone\u00a0\u00bb font_size=\u00a0\u00bb32&Prime; ornament_style=\u00a0\u00bbnorman-single\u00a0\u00bb]Emblem[\/mk_ornamental_title][vc_column_text title=\u00a0\u00bbSign \u00b7 Motto\u00a0\u00bb disable_pattern=\u00a0\u00bbfalse\u00a0\u00bb]VirtoSango \u00b7 Vitam Sensu[\/vc_column_text][mk_image src=\u00a0\u00bbhttp:\/\/www.virtosango.org\/wp-content\/uploads\/2017\/01\/virtosango-sign.png\u00a0\u00bb image_size=\u00a0\u00bbfull\u00a0\u00bb align=\u00a0\u00bbcenter\u00a0\u00bb][vc_column_text title=\u00a0\u00bbSeal\u00a0\u00bb disable_pattern=\u00a0\u00bbfalse\u00a0\u00bb]VS \u00b7 VirtoSango[\/vc_column_text][vc_row_inner][vc_column_inner width=\u00a0\u00bb1\/3&Prime;][mk_image src=\u00a0\u00bbhttp:\/\/www.virtosango.org\/wp-content\/uploads\/2017\/01\/virtosango-seal-circle.png\u00a0\u00bb image_size=\u00a0\u00bbfull\u00a0\u00bb align=\u00a0\u00bbcenter\u00a0\u00bb][\/vc_column_inner][vc_column_inner width=\u00a0\u00bb1\/3&Prime;][mk_image src=\u00a0\u00bbhttp:\/\/www.virtosango.org\/wp-content\/uploads\/2017\/01\/virtosango-seal.png\u00a0\u00bb image_size=\u00a0\u00bbfull\u00a0\u00bb align=\u00a0\u00bbcenter\u00a0\u00bb][\/vc_column_inner][vc_column_inner width=\u00a0\u00bb1\/3&Prime;][mk_image src=\u00a0\u00bbhttp:\/\/www.virtosango.org\/wp-content\/uploads\/2017\/01\/virtosango-seal-square.png\u00a0\u00bb image_size=\u00a0\u00bbfull\u00a0\u00bb align=\u00a0\u00bbcenter\u00a0\u00bb][\/vc_column_inner][\/vc_row_inner][vc_column_text title=\u00a0\u00bbCurrency symbol\u00a0\u00bb disable_pattern=\u00a0\u00bbfalse\u00a0\u00bb]VIR \u00b7 Virto[\/vc_column_text][mk_image src=\u00a0\u00bbhttp:\/\/www.virtosango.org\/wp-content\/uploads\/2016\/11\/virto-symbol.png\u00a0\u00bb image_size=\u00a0\u00bbfull\u00a0\u00bb align=\u00a0\u00bbcenter\u00a0\u00bb][mk_padding_divider size=\u00a0\u00bb30&Prime;][\/vc_column][\/vc_row][vc_row animation=\u00a0\u00bbfade-in\u00a0\u00bb id=\u00a0\u00bbpress-book\u00a0\u00bb][vc_column][mk_font_icons icon=\u00a0\u00bbmk-moon-bullhorn\u00a0\u00bb color=\u00a0\u00bb#4c341c\u00a0\u00bb size=\u00a0\u00bbmedium\u00a0\u00bb align=\u00a0\u00bbcenter\u00a0\u00bb][mk_ornamental_title text_color=\u00a0\u00bb#4c341c\u00a0\u00bb font_family=\u00a0\u00bbnone\u00a0\u00bb font_size=\u00a0\u00bb32&Prime; ornament_style=\u00a0\u00bbnorman-single\u00a0\u00bb]Press book[\/mk_ornamental_title][mk_icon_box2 icon_size=\u00a0\u00bb32&Prime; icon=\u00a0\u00bbmk-li-news\u00a0\u00bb title=\u00a0\u00bbPRESS REVIEW \u00b7 PERIODICAL ARTICLES\u00a0\u00bb title_size=\u00a0\u00bb16&Prime;][\/mk_icon_box2][vc_row_inner][vc_column_inner width=\u00a0\u00bb1\/4&Prime;][mk_image src=\u00a0\u00bbhttp:\/\/www.virtosango.org\/wp-content\/uploads\/2016\/11\/le-dauphine-libere-logotype.png\u00a0\u00bb image_size=\u00a0\u00bbfull\u00a0\u00bb target=\u00a0\u00bb_blank\u00a0\u00bb title=\u00a0\u00bbLe Dauphin\u00e9 Lib\u00e9r\u00e9\u00a0\u00bb desc=\u00a0\u00bb09.11.2010 \u00b7 06.12.2010&Prime; caption_location=\u00a0\u00bboutside-image\u00a0\u00bb align=\u00a0\u00bbcenter\u00a0\u00bb][\/vc_column_inner][vc_column_inner width=\u00a0\u00bb1\/4&Prime;][mk_image src=\u00a0\u00bbhttp:\/\/www.virtosango.org\/wp-content\/uploads\/2016\/11\/tribune-de-geneve-logotype.jpg\u00a0\u00bb image_size=\u00a0\u00bbfull\u00a0\u00bb target=\u00a0\u00bb_blank\u00a0\u00bb title=\u00a0\u00bbTribune de Gen\u00e8ve\u00a0\u00bb desc=\u00a0\u00bb19.10.2010&Prime; caption_location=\u00a0\u00bboutside-image\u00a0\u00bb align=\u00a0\u00bbcenter\u00a0\u00bb][\/vc_column_inner][vc_column_inner width=\u00a0\u00bb1\/4&Prime;][mk_image src=\u00a0\u00bbhttp:\/\/www.virtosango.org\/wp-content\/uploads\/2016\/11\/le-messager-logotype.png\u00a0\u00bb image_size=\u00a0\u00bbfull\u00a0\u00bb target=\u00a0\u00bb_blank\u00a0\u00bb title=\u00a0\u00bbLe Messager\u00a0\u00bb desc=\u00a0\u00bb18.11.2010&Prime; caption_location=\u00a0\u00bboutside-image\u00a0\u00bb align=\u00a0\u00bbcenter\u00a0\u00bb][\/vc_column_inner][vc_column_inner width=\u00a0\u00bb1\/4&Prime;][mk_image src=\u00a0\u00bbhttp:\/\/www.virtosango.org\/wp-content\/uploads\/2016\/11\/youphil-logotype.png\u00a0\u00bb image_size=\u00a0\u00bbfull\u00a0\u00bb target=\u00a0\u00bb_blank\u00a0\u00bb title=\u00a0\u00bbYouphil\u00a0\u00bb desc=\u00a0\u00bbAltern-Actif \u00b7 2010-2016&Prime; caption_location=\u00a0\u00bboutside-image\u00a0\u00bb align=\u00a0\u00bbcenter\u00a0\u00bb][\/vc_column_inner][\/vc_row_inner][vc_row_inner disable_element=\u00a0\u00bbyes\u00a0\u00bb][vc_column_inner][vc_column_text title=\u00a0\u00bbPress review\u00a0\u00bb disable_pattern=\u00a0\u00bbfalse\u00a0\u00bb][\/vc_column_text][mk_clients style=\u00a0\u00bbcolumn\u00a0\u00bb border_style=\u00a0\u00bbopened_edges\u00a0\u00bb column=\u00a0\u00bb1&Prime; count=\u00a0\u00bb1&Prime; order=\u00a0\u00bbDESC\u00a0\u00bb orderby=\u00a0\u00bbnone\u00a0\u00bb border_color=\u00a0\u00bb#4c341c\u00a0\u00bb target=\u00a0\u00bb_blank\u00a0\u00bb margin_bottom=\u00a0\u00bb10&Prime; clients=\u00a0\u00bb789&Prime;][vc_column_text title=\u00a0\u00bbMedia communication\u00a0\u00bb disable_pattern=\u00a0\u00bbfalse\u00a0\u00bb]Media communication[\/vc_column_text][\/vc_column_inner][\/vc_row_inner][\/vc_column][\/vc_row][vc_row animation=\u00a0\u00bbfade-in\u00a0\u00bb id=\u00a0\u00bbnetworking\u00a0\u00bb][vc_column][vc_row_inner][vc_column_inner][mk_font_icons icon=\u00a0\u00bbmk-li-web\u00a0\u00bb color=\u00a0\u00bb#4c341c\u00a0\u00bb size=\u00a0\u00bbmedium\u00a0\u00bb align=\u00a0\u00bbcenter\u00a0\u00bb][\/vc_column_inner][\/vc_row_inner][mk_ornamental_title text_color=\u00a0\u00bb#4c341c\u00a0\u00bb font_family=\u00a0\u00bbnone\u00a0\u00bb font_size=\u00a0\u00bb32&Prime; ornament_style=\u00a0\u00bbnorman-single\u00a0\u00bb]Networking[\/mk_ornamental_title][vc_column_text title=\u00a0\u00bbSocial media links\u00a0\u00bb disable_pattern=\u00a0\u00bbfalse\u00a0\u00bb align=\u00a0\u00bbcenter\u00a0\u00bb][\/vc_column_text][mk_social_networks size=\u00a0\u00bbmedium\u00a0\u00bb style=\u00a0\u00bbsimple\u00a0\u00bb margin=\u00a0\u00bb20&Prime; icon_color=\u00a0\u00bb#35286d\u00a0\u00bb icon_hover_color=\u00a0\u00bb#f36f23&Prime; align=\u00a0\u00bbcenter\u00a0\u00bb linkedin=\u00a0\u00bbhttps:\/\/www.linkedin.com\/company\/virtosango\u00a0\u00bb youtube=\u00a0\u00bbhttps:\/\/www.youtube.com\/channel\/UCZuGNWxnpgxSpBu88QE3MEQ\u00a0\u00bb][vc_row_inner][vc_column_inner width=\u00a0\u00bb1\/3&Prime;][mk_icon_box2 icon_size=\u00a0\u00bb32&Prime; icon=\u00a0\u00bbmk-icon-share\u00a0\u00bb title=\u00a0\u00bbFOLLOW\u00a0\u00bb title_size=\u00a0\u00bb16&Prime;][\/mk_icon_box2][\/vc_column_inner][vc_column_inner width=\u00a0\u00bb1\/3&Prime;][mk_icon_box2 icon_size=\u00a0\u00bb32&Prime; icon=\u00a0\u00bbmk-icon-thumbs-up\u00a0\u00bb title=\u00a0\u00bbLIKE\u00a0\u00bb title_size=\u00a0\u00bb16&Prime;][\/mk_icon_box2][\/vc_column_inner][vc_column_inner width=\u00a0\u00bb1\/3&Prime;][mk_icon_box2 icon_size=\u00a0\u00bb32&Prime; icon=\u00a0\u00bbmk-icon-share-alt\u00a0\u00bb title=\u00a0\u00bbSHARE\u00a0\u00bb title_size=\u00a0\u00bb16&Prime;][\/mk_icon_box2][\/vc_column_inner][\/vc_row_inner][vc_row_inner disable_element=\u00a0\u00bbyes\u00a0\u00bb][vc_column_inner width=\u00a0\u00bb1\/6&Prime;][mk_font_icons icon=\u00a0\u00bbmk-li-web\u00a0\u00bb color=\u00a0\u00bb#4c341c\u00a0\u00bb size=\u00a0\u00bbmedium\u00a0\u00bb align=\u00a0\u00bbcenter\u00a0\u00bb][\/vc_column_inner][vc_column_inner width=\u00a0\u00bb1\/6&Prime;][mk_font_icons icon=\u00a0\u00bbmk-icon-rss\u00a0\u00bb color=\u00a0\u00bb#4c341c\u00a0\u00bb size=\u00a0\u00bbmedium\u00a0\u00bb align=\u00a0\u00bbcenter\u00a0\u00bb][\/vc_column_inner][vc_column_inner width=\u00a0\u00bb1\/6&Prime;][mk_font_icons icon=\u00a0\u00bbmk-icon-linkedin\u00a0\u00bb color=\u00a0\u00bb#4c341c\u00a0\u00bb size=\u00a0\u00bbmedium\u00a0\u00bb align=\u00a0\u00bbcenter\u00a0\u00bb][\/vc_column_inner][vc_column_inner width=\u00a0\u00bb1\/6&Prime;][mk_font_icons icon=\u00a0\u00bbmk-icon-twitter\u00a0\u00bb color=\u00a0\u00bb#4c341c\u00a0\u00bb size=\u00a0\u00bbmedium\u00a0\u00bb align=\u00a0\u00bbcenter\u00a0\u00bb][\/vc_column_inner][vc_column_inner width=\u00a0\u00bb1\/6&Prime;][mk_font_icons icon=\u00a0\u00bbmk-icon-facebook\u00a0\u00bb color=\u00a0\u00bb#4c341c\u00a0\u00bb size=\u00a0\u00bbmedium\u00a0\u00bb align=\u00a0\u00bbcenter\u00a0\u00bb][\/vc_column_inner][vc_column_inner width=\u00a0\u00bb1\/6&Prime;][mk_font_icons icon=\u00a0\u00bbmk-icon-youtube\u00a0\u00bb color=\u00a0\u00bb#4c341c\u00a0\u00bb size=\u00a0\u00bbmedium\u00a0\u00bb align=\u00a0\u00bbcenter\u00a0\u00bb][\/vc_column_inner][\/vc_row_inner][\/vc_column][\/vc_row]","protected":false},"excerpt":{"rendered":"<p>D\u00e9sol\u00e9, ce contenu est seulement disponible en Anglais Am\u00e9ricain. Pour le confort de l\u2019utilisateur, le contenu est affich\u00e9 ci-dessous dans une autre langue. Vous pouvez cliquer le lien pour changer de langue active.[mk_page_section sidebar=\u00a0\u00bbsidebar-1&Prime;][vc_column][mk_font_icons icon=\u00a0\u00bbmk-icon-exclamation\u00a0\u00bb color=\u00a0\u00bb#4c341c\u00a0\u00bb size=\u00a0\u00bbmedium\u00a0\u00bb align=\u00a0\u00bbcenter\u00a0\u00bb][mk_ornamental_title text_color=\u00a0\u00bb#4c341c\u00a0\u00bb font_family=\u00a0\u00bbnone\u00a0\u00bb font_size=\u00a0\u00bb32&Prime; ornament_style=\u00a0\u00bbnorman-single\u00a0\u00bb]Media[\/mk_ornamental_title][\/vc_column][\/mk_page_section][vc_row animation=\u00a0\u00bbfade-in\u00a0\u00bb id=\u00a0\u00bbemblem\u00a0\u00bb][vc_column][mk_font_icons icon=\u00a0\u00bbmk-icon-paw\u00a0\u00bb color=\u00a0\u00bb#4c341c\u00a0\u00bb size=\u00a0\u00bbmedium\u00a0\u00bb align=\u00a0\u00bbcenter\u00a0\u00bb][mk_ornamental_title text_color=\u00a0\u00bb#4c341c\u00a0\u00bb font_family=\u00a0\u00bbnone\u00a0\u00bb font_size=\u00a0\u00bb32&Prime; ornament_style=\u00a0\u00bbnorman-single\u00a0\u00bb]Emblem[\/mk_ornamental_title][vc_column_text title=\u00a0\u00bbSign \u00b7 Motto\u00a0\u00bb [&hellip;]<\/p>\n","protected":false},"author":1,"featured_media":0,"parent":0,"menu_order":0,"comment_status":"closed","ping_status":"closed","template":"","meta":[],"_links":{"self":[{"href":"https:\/\/www.virtosango.org\/fr\/wp-json\/wp\/v2\/pages\/108"}],"collection":[{"href":"https:\/\/www.virtosango.org\/fr\/wp-json\/wp\/v2\/pages"}],"about":[{"href":"https:\/\/www.virtosango.org\/fr\/wp-json\/wp\/v2\/types\/page"}],"author":[{"embeddable":true,"href":"https:\/\/www.virtosango.org\/fr\/wp-json\/wp\/v2\/users\/1"}],"replies":[{"embeddable":true,"href":"https:\/\/www.virtosango.org\/fr\/wp-json\/wp\/v2\/comments?post=108"}],"version-history":[{"count":57,"href":"https:\/\/www.virtosango.org\/fr\/wp-json\/wp\/v2\/pages\/108\/revisions"}],"predecessor-version":[{"id":1608,"href":"https:\/\/www.virtosango.org\/fr\/wp-json\/wp\/v2\/pages\/108\/revisions\/1608"}],"wp:attachment":[{"href":"https:\/\/www.virtosango.org\/fr\/wp-json\/wp\/v2\/media?parent=108"}],"curies":[{"name":"wp","href":"https:\/\/api.w.org\/{rel}","templated":true}]}}