{"id":106,"date":"2016-11-02T16:44:39","date_gmt":"2016-11-02T15:44:39","guid":{"rendered":"http:\/\/www.virtosango.org\/?page_id=106"},"modified":"2020-11-26T20:54:55","modified_gmt":"2020-11-26T19:54:55","slug":"contact","status":"publish","type":"page","link":"https:\/\/www.virtosango.org\/fr\/contact\/","title":{"rendered":"Contact"},"content":{"rendered":"<p class=\"qtranxs-available-languages-message qtranxs-available-languages-message-fr\">D\u00e9sol\u00e9, ce contenu est seulement disponible en <a href=\"https:\/\/www.virtosango.org\/en\/wp-json\/wp\/v2\/pages\/106\" class=\"qtranxs-available-language-link qtranxs-available-language-link-en\" title=\"English\">Anglais Am\u00e9ricain<\/a>. Pour le confort de l\u2019utilisateur, le contenu est affich\u00e9 ci-dessous dans une autre langue. Vous pouvez cliquer le lien pour changer de langue active.<\/p>[mk_page_section sidebar=\u00a0\u00bbsidebar-1&Prime;][vc_column][mk_font_icons icon=\u00a0\u00bbmk-icon-at\u00a0\u00bb color=\u00a0\u00bb#4c341c\u00a0\u00bb size=\u00a0\u00bbmedium\u00a0\u00bb align=\u00a0\u00bbcenter\u00a0\u00bb][mk_ornamental_title text_color=\u00a0\u00bb#4c341c\u00a0\u00bb font_family=\u00a0\u00bbnone\u00a0\u00bb font_size=\u00a0\u00bb32&Prime; ornament_style=\u00a0\u00bbnorman-single\u00a0\u00bb]Contact us[\/mk_ornamental_title][\/vc_column][\/mk_page_section][vc_row animation=\u00a0\u00bbfade-in\u00a0\u00bb id=\u00a0\u00bbcontact-form\u00a0\u00bb][vc_column][mk_font_icons icon=\u00a0\u00bbmk-icon-envelope\u00a0\u00bb color=\u00a0\u00bb#4c341c\u00a0\u00bb size=\u00a0\u00bbmedium\u00a0\u00bb align=\u00a0\u00bbcenter\u00a0\u00bb][mk_ornamental_title text_color=\u00a0\u00bb#4c341c\u00a0\u00bb font_family=\u00a0\u00bbnone\u00a0\u00bb font_size=\u00a0\u00bb32&Prime; ornament_style=\u00a0\u00bbnorman-single\u00a0\u00bb]Contact form[\/mk_ornamental_title][mk_contact_form style=\u00a0\u00bbcorporate\u00a0\u00bb button_text=\u00a0\u00bbSUBMIT\u00a0\u00bb bg_color=\u00a0\u00bb#fffde0&Prime; border_color=\u00a0\u00bb#4c341c\u00a0\u00bb font_color=\u00a0\u00bb#4c341c\u00a0\u00bb button_color=\u00a0\u00bb#35286d\u00a0\u00bb button_font_color=\u00a0\u00bb#fffde0&Prime; phone=\u00a0\u00bbtrue\u00a0\u00bb][\/vc_column][\/vc_row][vc_row animation=\u00a0\u00bbfade-in\u00a0\u00bb id=\u00a0\u00bblocation\u00a0\u00bb][vc_column][mk_font_icons icon=\u00a0\u00bbmk-icon-location-arrow\u00a0\u00bb color=\u00a0\u00bb#4c341c\u00a0\u00bb size=\u00a0\u00bbmedium\u00a0\u00bb align=\u00a0\u00bbcenter\u00a0\u00bb][mk_ornamental_title text_color=\u00a0\u00bb#4c341c\u00a0\u00bb font_family=\u00a0\u00bbnone\u00a0\u00bb font_size=\u00a0\u00bb32&Prime; ornament_style=\u00a0\u00bbnorman-single\u00a0\u00bb]Location[\/mk_ornamental_title][vc_column_text title=\u00a0\u00bbHome office\u00a0\u00bb disable_pattern=\u00a0\u00bbfalse\u00a0\u00bb]VirtoSango \u00b7 Impact Hub Geneva \u00b7 Rue Fendt 1 \u00b7 1201 Gen\u00e8ve \u00b7 SWITZERLAND[\/vc_column_text][mk_advanced_gmaps custom_markers=\u00a0\u00bbtrue\u00a0\u00bb latitude=\u00a0\u00bb46.211316&Prime; longitude=\u00a0\u00bb6.141119&Prime; address=\u00a0\u00bbImpact Hub Geneva, Rue Fendt 1, 1201 Gen\u00e8ve, SWITZERLAND\u00a0\u00bb custom_marker_1=\u00a0\u00bbhttps:\/\/www.virtosango.org\/wp-content\/uploads\/2017\/01\/virtosango-seal-circle-medium.png\u00a0\u00bb content_bg_color=\u00a0\u00bb#4c341c\u00a0\u00bb content_font_color=\u00a0\u00bb#fffde0&Prime; pan_control=\u00a0\u00bbfalse\u00a0\u00bb draggable=\u00a0\u00bbfalse\u00a0\u00bb zoom_control=\u00a0\u00bbfalse\u00a0\u00bb map_type_control=\u00a0\u00bbfalse\u00a0\u00bb scale_control=\u00a0\u00bbfalse\u00a0\u00bb modify_coloring=\u00a0\u00bbtrue\u00a0\u00bb hue=\u00a0\u00bb#4c341c\u00a0\u00bb][\/vc_column][\/vc_row]","protected":false},"excerpt":{"rendered":"<p>D\u00e9sol\u00e9, ce contenu est seulement disponible en Anglais Am\u00e9ricain. Pour le confort de l\u2019utilisateur, le contenu est affich\u00e9 ci-dessous dans une autre langue. Vous pouvez cliquer le lien pour changer de langue active.[mk_page_section sidebar=\u00a0\u00bbsidebar-1&Prime;][vc_column][mk_font_icons icon=\u00a0\u00bbmk-icon-at\u00a0\u00bb color=\u00a0\u00bb#4c341c\u00a0\u00bb size=\u00a0\u00bbmedium\u00a0\u00bb align=\u00a0\u00bbcenter\u00a0\u00bb][mk_ornamental_title text_color=\u00a0\u00bb#4c341c\u00a0\u00bb font_family=\u00a0\u00bbnone\u00a0\u00bb font_size=\u00a0\u00bb32&Prime; ornament_style=\u00a0\u00bbnorman-single\u00a0\u00bb]Contact us[\/mk_ornamental_title][\/vc_column][\/mk_page_section][vc_row animation=\u00a0\u00bbfade-in\u00a0\u00bb id=\u00a0\u00bbcontact-form\u00a0\u00bb][vc_column][mk_font_icons icon=\u00a0\u00bbmk-icon-envelope\u00a0\u00bb color=\u00a0\u00bb#4c341c\u00a0\u00bb size=\u00a0\u00bbmedium\u00a0\u00bb align=\u00a0\u00bbcenter\u00a0\u00bb][mk_ornamental_title text_color=\u00a0\u00bb#4c341c\u00a0\u00bb font_family=\u00a0\u00bbnone\u00a0\u00bb font_size=\u00a0\u00bb32&Prime; ornament_style=\u00a0\u00bbnorman-single\u00a0\u00bb]Contact form[\/mk_ornamental_title][mk_contact_form style=\u00a0\u00bbcorporate\u00a0\u00bb [&hellip;]<\/p>\n","protected":false},"author":1,"featured_media":0,"parent":0,"menu_order":0,"comment_status":"closed","ping_status":"closed","template":"","meta":[],"_links":{"self":[{"href":"https:\/\/www.virtosango.org\/fr\/wp-json\/wp\/v2\/pages\/106"}],"collection":[{"href":"https:\/\/www.virtosango.org\/fr\/wp-json\/wp\/v2\/pages"}],"about":[{"href":"https:\/\/www.virtosango.org\/fr\/wp-json\/wp\/v2\/types\/page"}],"author":[{"embeddable":true,"href":"https:\/\/www.virtosango.org\/fr\/wp-json\/wp\/v2\/users\/1"}],"replies":[{"embeddable":true,"href":"https:\/\/www.virtosango.org\/fr\/wp-json\/wp\/v2\/comments?post=106"}],"version-history":[{"count":32,"href":"https:\/\/www.virtosango.org\/fr\/wp-json\/wp\/v2\/pages\/106\/revisions"}],"predecessor-version":[{"id":1651,"href":"https:\/\/www.virtosango.org\/fr\/wp-json\/wp\/v2\/pages\/106\/revisions\/1651"}],"wp:attachment":[{"href":"https:\/\/www.virtosango.org\/fr\/wp-json\/wp\/v2\/media?parent=106"}],"curies":[{"name":"wp","href":"https:\/\/api.w.org\/{rel}","templated":true}]}}