{"id":104,"date":"2016-11-02T16:43:06","date_gmt":"2016-11-02T15:43:06","guid":{"rendered":"http:\/\/www.virtosango.org\/?page_id=104"},"modified":"2017-02-06T18:20:54","modified_gmt":"2017-02-06T17:20:54","slug":"newsletter","status":"publish","type":"page","link":"https:\/\/www.virtosango.org\/fr\/newsletter\/","title":{"rendered":"Newsletter"},"content":{"rendered":"<p class=\"qtranxs-available-languages-message qtranxs-available-languages-message-fr\">D\u00e9sol\u00e9, ce contenu est seulement disponible en <a href=\"https:\/\/www.virtosango.org\/en\/wp-json\/wp\/v2\/pages\/104\" class=\"qtranxs-available-language-link qtranxs-available-language-link-en\" title=\"English\">Anglais Am\u00e9ricain<\/a>. Pour le confort de l\u2019utilisateur, le contenu est affich\u00e9 ci-dessous dans une autre langue. Vous pouvez cliquer le lien pour changer de langue active.<\/p>[mk_page_section sidebar=\u00a0\u00bbsidebar-1&Prime;][vc_column][mk_font_icons icon=\u00a0\u00bbmk-li-mail\u00a0\u00bb color=\u00a0\u00bb#4c341c\u00a0\u00bb size=\u00a0\u00bbmedium\u00a0\u00bb align=\u00a0\u00bbcenter\u00a0\u00bb][mk_ornamental_title text_color=\u00a0\u00bb#4c341c\u00a0\u00bb font_family=\u00a0\u00bbnone\u00a0\u00bb font_size=\u00a0\u00bb32&Prime; ornament_style=\u00a0\u00bbnorman-single\u00a0\u00bb]Newsletter[\/mk_ornamental_title][\/vc_column][\/mk_page_section][vc_row animation=\u00a0\u00bbfade-in\u00a0\u00bb id=\u00a0\u00bbsubscribe\u00a0\u00bb][vc_column][mk_font_icons icon=\u00a0\u00bbmk-moon-envelop\u00a0\u00bb color=\u00a0\u00bb#4c341c\u00a0\u00bb size=\u00a0\u00bbmedium\u00a0\u00bb align=\u00a0\u00bbcenter\u00a0\u00bb][mk_ornamental_title text_color=\u00a0\u00bb#4c341c\u00a0\u00bb font_family=\u00a0\u00bbnone\u00a0\u00bb font_size=\u00a0\u00bb32&Prime; ornament_style=\u00a0\u00bbnorman-single\u00a0\u00bb]Subscribe[\/mk_ornamental_title][mk_subscribe placeholder_text=\u00a0\u00bbEmail Address\u00a0\u00bb button_text=\u00a0\u00bbSUBSCRIBE\u00a0\u00bb list_id=\u00a0\u00bb77ac814f1f\u00a0\u00bb optin=\u00a0\u00bbtrue\u00a0\u00bb space_between=\u00a0\u00bb10&Prime; subscribe_size=\u00a0\u00bbmedium\u00a0\u00bb btn_bg_color=\u00a0\u00bb#35286d\u00a0\u00bb btn_text_color=\u00a0\u00bb#fffde0&Prime; btn_border_color=\u00a0\u00bb#35286d\u00a0\u00bb input_bg_color=\u00a0\u00bb#fffde0&Prime; input_placeholder_color=\u00a0\u00bb#4c341c\u00a0\u00bb input_border_color=\u00a0\u00bb#4c341c\u00a0\u00bb][\/vc_column][\/vc_row][vc_row animation=\u00a0\u00bbfade-in\u00a0\u00bb disable_element=\u00a0\u00bbyes\u00a0\u00bb id=\u00a0\u00bbunsubscribe\u00a0\u00bb][vc_column][mk_font_icons icon=\u00a0\u00bbmk-moon-cancel-circle\u00a0\u00bb color=\u00a0\u00bb#4c341c\u00a0\u00bb size=\u00a0\u00bbmedium\u00a0\u00bb align=\u00a0\u00bbcenter\u00a0\u00bb][mk_ornamental_title text_color=\u00a0\u00bb#4c341c\u00a0\u00bb font_family=\u00a0\u00bbnone\u00a0\u00bb font_size=\u00a0\u00bb32&Prime; ornament_style=\u00a0\u00bbnorman-single\u00a0\u00bb]Unsubscribe[\/mk_ornamental_title][mk_subscribe btn_text_color=\u00a0\u00bb#eeeeee\u00a0\u00bb btn_border_color=\u00a0\u00bb#eeeeee\u00a0\u00bb input_placeholder_color=\u00a0\u00bb#eeeeee\u00a0\u00bb input_border_color=\u00a0\u00bb#eeeeee\u00a0\u00bb][\/vc_column][\/vc_row][vc_row][vc_column][\/vc_column][\/vc_row]","protected":false},"excerpt":{"rendered":"<p>D\u00e9sol\u00e9, ce contenu est seulement disponible en Anglais Am\u00e9ricain. Pour le confort de l\u2019utilisateur, le contenu est affich\u00e9 ci-dessous dans une autre langue. Vous pouvez cliquer le lien pour changer de langue active.[mk_page_section sidebar=\u00a0\u00bbsidebar-1&Prime;][vc_column][mk_font_icons icon=\u00a0\u00bbmk-li-mail\u00a0\u00bb color=\u00a0\u00bb#4c341c\u00a0\u00bb size=\u00a0\u00bbmedium\u00a0\u00bb align=\u00a0\u00bbcenter\u00a0\u00bb][mk_ornamental_title text_color=\u00a0\u00bb#4c341c\u00a0\u00bb font_family=\u00a0\u00bbnone\u00a0\u00bb font_size=\u00a0\u00bb32&Prime; ornament_style=\u00a0\u00bbnorman-single\u00a0\u00bb]Newsletter[\/mk_ornamental_title][\/vc_column][\/mk_page_section][vc_row animation=\u00a0\u00bbfade-in\u00a0\u00bb id=\u00a0\u00bbsubscribe\u00a0\u00bb][vc_column][mk_font_icons icon=\u00a0\u00bbmk-moon-envelop\u00a0\u00bb color=\u00a0\u00bb#4c341c\u00a0\u00bb size=\u00a0\u00bbmedium\u00a0\u00bb align=\u00a0\u00bbcenter\u00a0\u00bb][mk_ornamental_title text_color=\u00a0\u00bb#4c341c\u00a0\u00bb font_family=\u00a0\u00bbnone\u00a0\u00bb font_size=\u00a0\u00bb32&Prime; ornament_style=\u00a0\u00bbnorman-single\u00a0\u00bb]Subscribe[\/mk_ornamental_title][mk_subscribe placeholder_text=\u00a0\u00bbEmail Address\u00a0\u00bb button_text=\u00a0\u00bbSUBSCRIBE\u00a0\u00bb [&hellip;]<\/p>\n","protected":false},"author":1,"featured_media":0,"parent":0,"menu_order":0,"comment_status":"closed","ping_status":"closed","template":"","meta":[],"_links":{"self":[{"href":"https:\/\/www.virtosango.org\/fr\/wp-json\/wp\/v2\/pages\/104"}],"collection":[{"href":"https:\/\/www.virtosango.org\/fr\/wp-json\/wp\/v2\/pages"}],"about":[{"href":"https:\/\/www.virtosango.org\/fr\/wp-json\/wp\/v2\/types\/page"}],"author":[{"embeddable":true,"href":"https:\/\/www.virtosango.org\/fr\/wp-json\/wp\/v2\/users\/1"}],"replies":[{"embeddable":true,"href":"https:\/\/www.virtosango.org\/fr\/wp-json\/wp\/v2\/comments?post=104"}],"version-history":[{"count":17,"href":"https:\/\/www.virtosango.org\/fr\/wp-json\/wp\/v2\/pages\/104\/revisions"}],"predecessor-version":[{"id":1557,"href":"https:\/\/www.virtosango.org\/fr\/wp-json\/wp\/v2\/pages\/104\/revisions\/1557"}],"wp:attachment":[{"href":"https:\/\/www.virtosango.org\/fr\/wp-json\/wp\/v2\/media?parent=104"}],"curies":[{"name":"wp","href":"https:\/\/api.w.org\/{rel}","templated":true}]}}