{"id":102,"date":"2016-11-02T16:41:18","date_gmt":"2016-11-02T15:41:18","guid":{"rendered":"http:\/\/www.virtosango.org\/?page_id=102"},"modified":"2017-04-20T09:56:34","modified_gmt":"2017-04-20T07:56:34","slug":"support-us","status":"publish","type":"page","link":"https:\/\/www.virtosango.org\/fr\/support-us\/","title":{"rendered":"Support us"},"content":{"rendered":"<p class=\"qtranxs-available-languages-message qtranxs-available-languages-message-fr\">D\u00e9sol\u00e9, ce contenu est seulement disponible en <a href=\"https:\/\/www.virtosango.org\/en\/wp-json\/wp\/v2\/pages\/102\" class=\"qtranxs-available-language-link qtranxs-available-language-link-en\" title=\"English\">Anglais Am\u00e9ricain<\/a>. Pour le confort de l\u2019utilisateur, le contenu est affich\u00e9 ci-dessous dans une autre langue. Vous pouvez cliquer le lien pour changer de langue active.<\/p>[mk_page_section sidebar=\u00a0\u00bbsidebar-1&Prime;][vc_column][mk_font_icons icon=\u00a0\u00bbmk-moon-heart\u00a0\u00bb color=\u00a0\u00bb#4c341c\u00a0\u00bb size=\u00a0\u00bbmedium\u00a0\u00bb align=\u00a0\u00bbcenter\u00a0\u00bb][mk_ornamental_title text_color=\u00a0\u00bb#4c341c\u00a0\u00bb font_family=\u00a0\u00bbnone\u00a0\u00bb font_size=\u00a0\u00bb32&Prime; ornament_style=\u00a0\u00bbnorman-single\u00a0\u00bb]Support us[\/mk_ornamental_title][\/vc_column][\/mk_page_section][vc_row disable_element=\u00a0\u00bbyes\u00a0\u00bb id=\u00a0\u00bbsponsoring\u00a0\u00bb][vc_column][mk_font_icons icon=\u00a0\u00bbmk-icon-leaf\u00a0\u00bb color=\u00a0\u00bb#4c341c\u00a0\u00bb size=\u00a0\u00bbmedium\u00a0\u00bb align=\u00a0\u00bbcenter\u00a0\u00bb][mk_ornamental_title text_color=\u00a0\u00bb#4c341c\u00a0\u00bb font_family=\u00a0\u00bbnone\u00a0\u00bb font_size=\u00a0\u00bb32&Prime; ornament_style=\u00a0\u00bbnorman-single\u00a0\u00bb]Sponsoring[\/mk_ornamental_title][vc_column_text title=\u00a0\u00bbCampaign\u00a0\u00bb disable_pattern=\u00a0\u00bbfalse\u00a0\u00bb][\/vc_column_text][\/vc_column][\/vc_row][vc_row animation=\u00a0\u00bbfade-in\u00a0\u00bb disable_element=\u00a0\u00bbyes\u00a0\u00bb id=\u00a0\u00bbintroducer\u00a0\u00bb][vc_column][mk_font_icons icon=\u00a0\u00bbmk-icon-puzzle-piece\u00a0\u00bb color=\u00a0\u00bb#4c341c\u00a0\u00bb size=\u00a0\u00bbmedium\u00a0\u00bb align=\u00a0\u00bbcenter\u00a0\u00bb][mk_ornamental_title text_color=\u00a0\u00bb#4c341c\u00a0\u00bb font_family=\u00a0\u00bbnone\u00a0\u00bb font_size=\u00a0\u00bb32&Prime; ornament_style=\u00a0\u00bbnorman-single\u00a0\u00bb]Introducer[\/mk_ornamental_title][vc_column_text title=\u00a0\u00bbAffiliation\u00a0\u00bb disable_pattern=\u00a0\u00bbfalse\u00a0\u00bb]Affiliation[\/vc_column_text][vc_column_text title=\u00a0\u00bbPatronage\u00a0\u00bb disable_pattern=\u00a0\u00bbfalse\u00a0\u00bb]Patronage[\/vc_column_text][vc_column_text title=\u00a0\u00bbDistribution\u00a0\u00bb disable_pattern=\u00a0\u00bbfalse\u00a0\u00bb]Distribution[\/vc_column_text][\/vc_column][\/vc_row][vc_row animation=\u00a0\u00bbfade-in\u00a0\u00bb disable_element=\u00a0\u00bbyes\u00a0\u00bb id=\u00a0\u00bbgift\u00a0\u00bb][vc_column][mk_font_icons icon=\u00a0\u00bbmk-icon-gift\u00a0\u00bb color=\u00a0\u00bb#4c341c\u00a0\u00bb size=\u00a0\u00bbmedium\u00a0\u00bb align=\u00a0\u00bbcenter\u00a0\u00bb][mk_ornamental_title text_color=\u00a0\u00bb#4c341c\u00a0\u00bb font_family=\u00a0\u00bbnone\u00a0\u00bb font_size=\u00a0\u00bb32&Prime; ornament_style=\u00a0\u00bbnorman-single\u00a0\u00bb]Gift[\/mk_ornamental_title][vc_column_text title=\u00a0\u00bbGift card certificate\u00a0\u00bb disable_pattern=\u00a0\u00bbfalse\u00a0\u00bb]Gift card certificate[\/vc_column_text][\/vc_column][\/vc_row][vc_row animation=\u00a0\u00bbfade-in\u00a0\u00bb disable_element=\u00a0\u00bbyes\u00a0\u00bb id=\u00a0\u00bbmicro-donation\u00a0\u00bb][vc_column][mk_font_icons icon=\u00a0\u00bbmk-icon-tint\u00a0\u00bb color=\u00a0\u00bb#4c341c\u00a0\u00bb size=\u00a0\u00bbmedium\u00a0\u00bb align=\u00a0\u00bbcenter\u00a0\u00bb][mk_ornamental_title text_color=\u00a0\u00bb#4c341c\u00a0\u00bb font_family=\u00a0\u00bbnone\u00a0\u00bb font_size=\u00a0\u00bb32&Prime; ornament_style=\u00a0\u00bbnorman-single\u00a0\u00bb]Micro-donation[\/mk_ornamental_title][vc_column_text title=\u00a0\u00bbVirto\u00a0\u00bb disable_pattern=\u00a0\u00bbfalse\u00a0\u00bb]Virto[\/vc_column_text][\/vc_column][\/vc_row][vc_row id=\u00a0\u00bbguestbook\u00a0\u00bb][vc_column][mk_font_icons icon=\u00a0\u00bbmk-moon-pen-2&Prime; color=\u00a0\u00bb#4c341c\u00a0\u00bb size=\u00a0\u00bbmedium\u00a0\u00bb align=\u00a0\u00bbcenter\u00a0\u00bb][mk_ornamental_title text_color=\u00a0\u00bb#4c341c\u00a0\u00bb font_family=\u00a0\u00bbnone\u00a0\u00bb font_size=\u00a0\u00bb32&Prime; ornament_style=\u00a0\u00bbnorman-single\u00a0\u00bb]Guestbook[\/mk_ornamental_title][\/vc_column][\/vc_row]","protected":false},"excerpt":{"rendered":"<p>D\u00e9sol\u00e9, ce contenu est seulement disponible en Anglais Am\u00e9ricain. Pour le confort de l\u2019utilisateur, le contenu est affich\u00e9 ci-dessous dans une autre langue. Vous pouvez cliquer le lien pour changer de langue active.[mk_page_section sidebar=\u00a0\u00bbsidebar-1&Prime;][vc_column][mk_font_icons icon=\u00a0\u00bbmk-moon-heart\u00a0\u00bb color=\u00a0\u00bb#4c341c\u00a0\u00bb size=\u00a0\u00bbmedium\u00a0\u00bb align=\u00a0\u00bbcenter\u00a0\u00bb][mk_ornamental_title text_color=\u00a0\u00bb#4c341c\u00a0\u00bb font_family=\u00a0\u00bbnone\u00a0\u00bb font_size=\u00a0\u00bb32&Prime; ornament_style=\u00a0\u00bbnorman-single\u00a0\u00bb]Support us[\/mk_ornamental_title][\/vc_column][\/mk_page_section][vc_row disable_element=\u00a0\u00bbyes\u00a0\u00bb id=\u00a0\u00bbsponsoring\u00a0\u00bb][vc_column][mk_font_icons icon=\u00a0\u00bbmk-icon-leaf\u00a0\u00bb color=\u00a0\u00bb#4c341c\u00a0\u00bb size=\u00a0\u00bbmedium\u00a0\u00bb align=\u00a0\u00bbcenter\u00a0\u00bb][mk_ornamental_title text_color=\u00a0\u00bb#4c341c\u00a0\u00bb font_family=\u00a0\u00bbnone\u00a0\u00bb font_size=\u00a0\u00bb32&Prime; ornament_style=\u00a0\u00bbnorman-single\u00a0\u00bb]Sponsoring[\/mk_ornamental_title][vc_column_text title=\u00a0\u00bbCampaign\u00a0\u00bb disable_pattern=\u00a0\u00bbfalse\u00a0\u00bb][\/vc_column_text][\/vc_column][\/vc_row][vc_row [&hellip;]<\/p>\n","protected":false},"author":1,"featured_media":0,"parent":0,"menu_order":0,"comment_status":"open","ping_status":"open","template":"","meta":[],"_links":{"self":[{"href":"https:\/\/www.virtosango.org\/fr\/wp-json\/wp\/v2\/pages\/102"}],"collection":[{"href":"https:\/\/www.virtosango.org\/fr\/wp-json\/wp\/v2\/pages"}],"about":[{"href":"https:\/\/www.virtosango.org\/fr\/wp-json\/wp\/v2\/types\/page"}],"author":[{"embeddable":true,"href":"https:\/\/www.virtosango.org\/fr\/wp-json\/wp\/v2\/users\/1"}],"replies":[{"embeddable":true,"href":"https:\/\/www.virtosango.org\/fr\/wp-json\/wp\/v2\/comments?post=102"}],"version-history":[{"count":21,"href":"https:\/\/www.virtosango.org\/fr\/wp-json\/wp\/v2\/pages\/102\/revisions"}],"predecessor-version":[{"id":1618,"href":"https:\/\/www.virtosango.org\/fr\/wp-json\/wp\/v2\/pages\/102\/revisions\/1618"}],"wp:attachment":[{"href":"https:\/\/www.virtosango.org\/fr\/wp-json\/wp\/v2\/media?parent=102"}],"curies":[{"name":"wp","href":"https:\/\/api.w.org\/{rel}","templated":true}]}}