{"id":86,"date":"2016-11-02T16:38:30","date_gmt":"2016-11-02T15:38:30","guid":{"rendered":"http:\/\/www.virtosango.org\/?page_id=86"},"modified":"2020-12-03T20:17:27","modified_gmt":"2020-12-03T19:17:27","slug":"partnership","status":"publish","type":"page","link":"https:\/\/www.virtosango.org\/es\/partnership\/","title":{"rendered":"Partnership"},"content":{"rendered":"<p class=\"qtranxs-available-languages-message qtranxs-available-languages-message-es\">Disculpa, pero este contenido est\u00e1 disponible s\u00f3lo en <a href=\"https:\/\/www.virtosango.org\/en\/wp-json\/wp\/v2\/pages\/86\" class=\"qtranxs-available-language-link qtranxs-available-language-link-en\" title=\"English\">Ingl\u00e9s Estadounidense<\/a>. For the sake of viewer convenience, the content is shown below in the alternative language. You may click the link to switch the active language.<\/p>[mk_page_section sidebar=\u00bbsidebar-1&#8243;][vc_column][mk_font_icons icon=\u00bbmk-li-link\u00bb color=\u00bb#4c341c\u00bb size=\u00bbmedium\u00bb align=\u00bbcenter\u00bb][mk_ornamental_title text_color=\u00bb#4c341c\u00bb font_family=\u00bbnone\u00bb font_size=\u00bb32&#8243; ornament_style=\u00bbnorman-single\u00bb]Partnership[\/mk_ornamental_title][vc_row_inner disable_element=\u00bbyes\u00bb][vc_column_inner][mk_clients style=\u00bbcolumn\u00bb border_style=\u00bbopened_edges\u00bb column=\u00bb2&#8243; count=\u00bb2&#8243; order=\u00bbDESC\u00bb orderby=\u00bbnone\u00bb border_color=\u00bb#4c341c\u00bb target=\u00bb_blank\u00bb margin_bottom=\u00bb10&#8243; clients=\u00bb787, 781&#8243;][mk_clients count=\u00bb3&#8243; order=\u00bbDESC\u00bb orderby=\u00bbnone\u00bb autoplay=\u00bbfalse\u00bb target=\u00bb_blank\u00bb margin_bottom=\u00bb10&#8243; clients=\u00bb787, 781, 789&#8243;][\/vc_column_inner][\/vc_row_inner][\/vc_column][\/mk_page_section][vc_row animation=\u00bbfade-in\u00bb disable_element=\u00bbyes\u00bb id=\u00bbclient\u00bb][vc_column][mk_font_icons icon=\u00bbmk-moon-crown\u00bb color=\u00bb#4c341c\u00bb size=\u00bbmedium\u00bb align=\u00bbcenter\u00bb][mk_ornamental_title text_color=\u00bb#4c341c\u00bb font_family=\u00bbnone\u00bb font_size=\u00bb32&#8243; ornament_style=\u00bbnorman-single\u00bb]Client \u00b7 Citizen[\/mk_ornamental_title][mk_icon_box2 icon_size=\u00bb32&#8243; icon=\u00bbmk-li-portfolio\u00bb title=\u00bbTEACHING \u00b7 CONSULTING\u00bb title_size=\u00bb16&#8243;][\/mk_icon_box2][vc_row_inner][vc_column_inner width=\u00bb1\/4&#8243;][mk_image src=\u00bbhttp:\/\/www.virtosango.org\/wp-content\/uploads\/2016\/11\/university-of-economics-prague-logotype.png\u00bb image_size=\u00bbfull\u00bb target=\u00bb_blank\u00bb title=\u00bbV\u0160E Prague School of Economics\u00bb desc=\u00bbFirst business school in the eastern European zone\u00bb caption_location=\u00bboutside-image\u00bb align=\u00bbcenter\u00bb][\/vc_column_inner][vc_column_inner width=\u00bb1\/4&#8243;][mk_image src=\u00bbhttp:\/\/www.virtosango.org\/wp-content\/uploads\/2016\/11\/international-university-in-geneva-logotype.png\u00bb image_size=\u00bbfull\u00bb target=\u00bb_blank\u00bb title=\u00bbInternational University in Geneva\u00bb desc=\u00bbSixth best business school in Switzerland\u00bb caption_location=\u00bboutside-image\u00bb align=\u00bbcenter\u00bb][\/vc_column_inner][vc_column_inner width=\u00bb1\/4&#8243;][mk_image src=\u00bbhttp:\/\/www.virtosango.org\/wp-content\/uploads\/2016\/11\/hes-so-logotype.png\u00bb image_size=\u00bbfull\u00bb target=\u00bb_blank\u00bb title=\u00bbUniversity of Applied Sciences and Arts Western Switzerland\u00bb desc=\u00bbFourth largest Swiss university\u00bb caption_location=\u00bboutside-image\u00bb align=\u00bbcenter\u00bb][\/vc_column_inner][vc_column_inner width=\u00bb1\/4&#8243;][mk_image src=\u00bbhttp:\/\/www.virtosango.org\/wp-content\/uploads\/2016\/11\/valeureux-activateurs-de-richesses-logotype.png\u00bb image_size=\u00bbfull\u00bb target=\u00bb_blank\u00bb title=\u00bbValeureux Activateurs de Richesses\u00bb desc=\u00bbValue co-creation advisory firm\u00bb caption_location=\u00bboutside-image\u00bb align=\u00bbcenter\u00bb][\/vc_column_inner][\/vc_row_inner][vc_column_text title=\u00bbTestimonials\u00bb disable_pattern=\u00bbfalse\u00bb][\/vc_column_text][mk_padding_divider size=\u00bb30&#8243;][mk_testimonials count=\u00bb4&#8243; order=\u00bbDESC\u00bb orderby=\u00bbnone\u00bb text_color=\u00bb#4c341c\u00bb author_color=\u00bb#4c341c\u00bb skill_color=\u00bb#4c341c\u00bb font_size=\u00bb16&#8243; font_style=\u00bbinherit\u00bb categories=\u00bbclient\u00bb][vc_column_text title=\u00bbRating\u00bb disable_pattern=\u00bbfalse\u00bb][\/vc_column_text][mk_chart percent=\u00bb82.5&#8243; bar_color=\u00bb#4c341c\u00bb track_color=\u00bb#fffde0&#8243; line_width=\u00bb7&#8243; bar_size=\u00bb95&#8243; content_type=\u00bbicon\u00bb icon=\u00bbmk-icon-star\u00bb icon_color=\u00bb#4c341c\u00bb desc=\u00bb83% SATISFACTION RATE\u00bb desc_text_size=\u00bb16&#8243; desc_color=\u00bb#4c341c\u00bb][mk_padding_divider size=\u00bb30&#8243;][\/vc_column][\/vc_row][vc_row animation=\u00bbfade-in\u00bb disable_element=\u00bbyes\u00bb id=\u00bbaffiliation\u00bb][vc_column][mk_font_icons icon=\u00bbmk-icon-sun-o\u00bb color=\u00bb#4c341c\u00bb size=\u00bbmedium\u00bb align=\u00bbcenter\u00bb][mk_ornamental_title text_color=\u00bb#4c341c\u00bb font_family=\u00bbnone\u00bb font_size=\u00bb32&#8243; ornament_style=\u00bbnorman-single\u00bb]Affiliation \u00b7 Patronage[\/mk_ornamental_title][vc_column_text title=\u00bbAmbassador, consul, honorary godmother\/father, miss\/mister\/guardian angels\u00bb disable_pattern=\u00bbfalse\u00bb]Ambassador, consul, honorary godmother\/father, miss\/mister\/guardian angels[\/vc_column_text][vc_column_text title=\u00bbGodparent\/godchild\u00bb disable_pattern=\u00bbfalse\u00bb]Godparent\/godchild[\/vc_column_text][vc_column_text title=\u00bbRepresentative task-force\u00bb disable_pattern=\u00bbfalse\u00bb]Representative task-force[\/vc_column_text][\/vc_column][\/vc_row][vc_row animation=\u00bbfade-in\u00bb disable_element=\u00bbyes\u00bb id=\u00bbfinancial\u00bb][vc_column][mk_font_icons icon=\u00bbmk-moon-busy-2&#8243; color=\u00bb#4c341c\u00bb size=\u00bbmedium\u00bb align=\u00bbcenter\u00bb][mk_ornamental_title text_color=\u00bb#4c341c\u00bb font_family=\u00bbnone\u00bb font_size=\u00bb32&#8243; ornament_style=\u00bbnorman-single\u00bb]Financial[\/mk_ornamental_title][vc_column_text title=\u00bbPublic\u00bb disable_pattern=\u00bbfalse\u00bb]Public[\/vc_column_text][vc_column_text title=\u00bbPrivate\u00bb disable_pattern=\u00bbfalse\u00bb]Private[\/vc_column_text][vc_column_text title=\u00bbInstitutional\u00bb disable_pattern=\u00bbfalse\u00bb]Institutional[\/vc_column_text][vc_column_text title=\u00bbSponsor\u00bb disable_pattern=\u00bbfalse\u00bb]Sponsor[\/vc_column_text][vc_column_text title=\u00bbInvestor\u00bb disable_pattern=\u00bbfalse\u00bb]Investor[\/vc_column_text][\/vc_column][\/vc_row][vc_row animation=\u00bbfade-in\u00bb id=\u00bbstrategic\u00bb][vc_column][mk_font_icons icon=\u00bbmk-li-target\u00bb color=\u00bb#4c341c\u00bb size=\u00bbmedium\u00bb align=\u00bbcenter\u00bb][mk_ornamental_title text_color=\u00bb#4c341c\u00bb font_family=\u00bbnone\u00bb font_size=\u00bb32&#8243; ornament_style=\u00bbnorman-single\u00bb]Strategic[\/mk_ornamental_title][mk_icon_box2 icon_size=\u00bb32&#8243; icon=\u00bbmk-li-posion\u00bb title=\u00bbENTREPRENEURSHIP PROGRAMMES \u00b7 SEED INCUBATOR\u00bb title_size=\u00bb16&#8243;][\/mk_icon_box2][vc_row_inner][vc_column_inner width=\u00bb1\/4&#8243;][mk_image src=\u00bbhttp:\/\/www.virtosango.org\/wp-content\/uploads\/2016\/11\/upeace-logotype.png\u00bb image_size=\u00bbfull\u00bb target=\u00bb_blank\u00bb title=\u00bbUnited Nations mandated University for Peace\u00bb desc=\u00bbEntrepreneurship, Innovation and Social Change\u00bb caption_location=\u00bboutside-image\u00bb align=\u00bbcenter\u00bb][\/vc_column_inner][vc_column_inner width=\u00bb1\/4&#8243;][mk_image src=\u00bbhttp:\/\/www.virtosango.org\/wp-content\/uploads\/2016\/11\/cti-entrepreneurship-training-logotype.png\u00bb image_size=\u00bbfull\u00bb target=\u00bb_blank\u00bb title=\u00bbCommission pour la Technologie et l&#8217;Innovation\u00bb desc=\u00bbBusiness Creation\u00bb caption_location=\u00bboutside-image\u00bb align=\u00bbcenter\u00bb][\/vc_column_inner][vc_column_inner width=\u00bb1\/4&#8243;][mk_image src=\u00bbhttp:\/\/www.virtosango.org\/wp-content\/uploads\/2016\/11\/venture-lab-logotype.png\u00bb image_size=\u00bbfull\u00bb target=\u00bb_blank\u00bb title=\u00bbVenture Lab\u00bb desc=\u00bbVenture Plan High-Tech Start-Up\u00bb caption_location=\u00bboutside-image\u00bb align=\u00bbcenter\u00bb][\/vc_column_inner][vc_column_inner width=\u00bb1\/4&#8243;][mk_image src=\u00bbhttp:\/\/www.virtosango.org\/wp-content\/uploads\/2016\/11\/start-up-week-end-logotype.png\u00bb image_size=\u00bbfull\u00bb target=\u00bb_blank\u00bb title=\u00bbStart-Up Weekend Geneva\u00bb desc=\u00bbSelected\u00bb caption_location=\u00bboutside-image\u00bb align=\u00bbcenter\u00bb][\/vc_column_inner][\/vc_row_inner][mk_icon_box2 icon_size=\u00bb32&#8243; icon=\u00bbmk-moon-microscope\u00bb title=\u00bbTHINK AND ACT TANK\u00bb title_size=\u00bb16&#8243;][\/mk_icon_box2][vc_row_inner][vc_column_inner][mk_image src=\u00bbhttp:\/\/www.virtosango.org\/wp-content\/uploads\/2016\/11\/finance-for-entrepreneurs-logotype.png\u00bb image_size=\u00bbfull\u00bb target=\u00bb_blank\u00bb title=\u00bbFinance for Entrepreneurs\u00bb desc=\u00bbEntrepreneurship Assessment\u00bb caption_location=\u00bboutside-image\u00bb align=\u00bbcenter\u00bb][\/vc_column_inner][\/vc_row_inner][\/vc_column][\/vc_row][vc_row animation=\u00bbfade-in\u00bb id=\u00bbacademic\u00bb][vc_column][mk_font_icons icon=\u00bbmk-icon-mortar-board\u00bb color=\u00bb#4c341c\u00bb size=\u00bbmedium\u00bb align=\u00bbcenter\u00bb][mk_ornamental_title text_color=\u00bb#4c341c\u00bb font_family=\u00bbnone\u00bb font_size=\u00bb32&#8243; ornament_style=\u00bbnorman-single\u00bb]Academic[\/mk_ornamental_title][mk_icon_box2 icon_size=\u00bb32&#8243; icon=\u00bbmk-li-lab\u00bb title=\u00bbRESEARCH AND DEVELOPMENT \u00b7 ACADEMIC PUBLICATION\u00bb title_size=\u00bb16&#8243;][\/mk_icon_box2][vc_row_inner][vc_column_inner width=\u00bb1\/4&#8243;][mk_image src=\u00bbhttp:\/\/www.virtosango.org\/wp-content\/uploads\/2016\/11\/unrisd-logotype.png\u00bb image_size=\u00bbfull\u00bb target=\u00bb_blank\u00bb title=\u00bbUnited Nation Research Institute for Social Development\u00bb desc=\u00bbInternational Conference on Potential and Limits of Social and Solidarity Economy\u00bb caption_location=\u00bboutside-image\u00bb align=\u00bbcenter\u00bb][\/vc_column_inner][vc_column_inner width=\u00bb1\/4&#8243;][mk_image src=\u00bbhttp:\/\/www.virtosango.org\/wp-content\/uploads\/2016\/11\/community-currency-in-action-logotype.png\u00bb image_size=\u00bbfull\u00bb target=\u00bb_blank\u00bb title=\u00bbEuropean Regional Development Fund\u00bb desc=\u00bbCommunity Currency in Action Project Observer\u00bb caption_location=\u00bboutside-image\u00bb align=\u00bbcenter\u00bb][\/vc_column_inner][vc_column_inner width=\u00bb1\/4&#8243;][mk_image src=\u00bbhttp:\/\/www.virtosango.org\/wp-content\/uploads\/2016\/11\/ijccr-logotype.png\u00bb image_size=\u00bbfull\u00bb target=\u00bb_blank\u00bb title=\u00bbInternational Journal of Community Currency Research\u00bb desc=\u00bbSpecial Issue\u00bb caption_location=\u00bboutside-image\u00bb align=\u00bbcenter\u00bb][\/vc_column_inner][vc_column_inner width=\u00bb1\/4&#8243;][mk_image src=\u00bbhttp:\/\/www.virtosango.org\/wp-content\/uploads\/2016\/11\/sustainable-finance-geneva-logotype.png\u00bb image_size=\u00bbfull\u00bb target=\u00bb_blank\u00bb title=\u00bbSustainable Finance Geneva\u00bb desc=\u00bbCase Study of Individual Principles for the Responsible Investor\u00bb caption_location=\u00bboutside-image\u00bb align=\u00bbcenter\u00bb][\/vc_column_inner][\/vc_row_inner][\/vc_column][\/vc_row][vc_row animation=\u00bbfade-in\u00bb id=\u00bbrecognition\u00bb][vc_column][mk_font_icons icon=\u00bbmk-icon-pagelines\u00bb color=\u00bb#4c341c\u00bb size=\u00bbmedium\u00bb align=\u00bbcenter\u00bb][mk_ornamental_title text_color=\u00bb#4c341c\u00bb font_family=\u00bbnone\u00bb font_size=\u00bb32&#8243; ornament_style=\u00bbnorman-single\u00bb]Recognition[\/mk_ornamental_title][mk_icon_box2 icon_size=\u00bb32&#8243; icon=\u00bbmk-li-cup\u00bb title=\u00bbRECOGNITION PRIZE\u00bb title_size=\u00bb16&#8243;][\/mk_icon_box2][vc_row_inner][vc_column_inner width=\u00bb1\/4&#8243;][mk_image src=\u00bbhttp:\/\/www.virtosango.org\/wp-content\/uploads\/2016\/11\/prix-genilem-hes-so-ge-logotype.png\u00bb image_size=\u00bbfull\u00bb target=\u00bb_blank\u00bb title=\u00bbGenilem HES-SO-GE Prize\u00bb desc=\u00bbFinalist\u00bb caption_location=\u00bboutside-image\u00bb align=\u00bbcenter\u00bb][\/vc_column_inner][vc_column_inner width=\u00bb1\/4&#8243;][mk_image src=\u00bbhttp:\/\/www.virtosango.org\/wp-content\/uploads\/2016\/11\/start-up-lab-logotype.png\u00bb image_size=\u00bbfull\u00bb target=\u00bb_blank\u00bb title=\u00bbArtemisia Start-Up Lab\u00bb desc=\u00bbFinalist\u00bb caption_location=\u00bboutside-image\u00bb align=\u00bbcenter\u00bb][\/vc_column_inner][vc_column_inner width=\u00bb1\/4&#8243;][mk_image src=\u00bbhttp:\/\/www.virtosango.org\/wp-content\/uploads\/2016\/11\/innopark-logotype.png\u00bb image_size=\u00bbfull\u00bb target=\u00bb_blank\u00bb title=\u00bbInnOscars original project category\u00bb desc=\u00bbFinalist\u00bb caption_location=\u00bboutside-image\u00bb align=\u00bbcenter\u00bb][\/vc_column_inner][vc_column_inner width=\u00bb1\/4&#8243;][mk_image src=\u00bbhttp:\/\/www.virtosango.org\/wp-content\/uploads\/2016\/11\/incubateur-hec-logotype.png\u00bb image_size=\u00bbfull\u00bb target=\u00bb_blank\u00bb title=\u00bbTroph\u00e9es Rethink Incubateur HEC-Paris\u00bb desc=\u00bbSelected\u00bb caption_location=\u00bboutside-image\u00bb align=\u00bbcenter\u00bb][\/vc_column_inner][\/vc_row_inner][\/vc_column][\/vc_row][vc_row animation=\u00bbfade-in\u00bb disable_element=\u00bbyes\u00bb id=\u00bbaccreditation\u00bb][vc_column][mk_font_icons icon=\u00bbmk-icon-certificate\u00bb color=\u00bb#4c341c\u00bb size=\u00bbmedium\u00bb align=\u00bbcenter\u00bb][mk_ornamental_title text_color=\u00bb#4c341c\u00bb font_family=\u00bbnone\u00bb font_size=\u00bb32&#8243; ornament_style=\u00bbnorman-single\u00bb]Accreditation[\/mk_ornamental_title][\/vc_column][\/vc_row]","protected":false},"excerpt":{"rendered":"<p>Disculpa, pero este contenido est\u00e1 disponible s\u00f3lo en Ingl\u00e9s Estadounidense. For the sake of viewer convenience, the content is shown below in the alternative language. You may click the link to switch the active language.[mk_page_section sidebar=\u00bbsidebar-1&#8243;][vc_column][mk_font_icons icon=\u00bbmk-li-link\u00bb color=\u00bb#4c341c\u00bb size=\u00bbmedium\u00bb align=\u00bbcenter\u00bb][mk_ornamental_title text_color=\u00bb#4c341c\u00bb font_family=\u00bbnone\u00bb font_size=\u00bb32&#8243; ornament_style=\u00bbnorman-single\u00bb]Partnership[\/mk_ornamental_title][vc_row_inner disable_element=\u00bbyes\u00bb][vc_column_inner][mk_clients style=\u00bbcolumn\u00bb border_style=\u00bbopened_edges\u00bb column=\u00bb2&#8243; count=\u00bb2&#8243; order=\u00bbDESC\u00bb orderby=\u00bbnone\u00bb border_color=\u00bb#4c341c\u00bb target=\u00bb_blank\u00bb margin_bottom=\u00bb10&#8243; clients=\u00bb787, [&hellip;]<\/p>\n","protected":false},"author":1,"featured_media":0,"parent":0,"menu_order":0,"comment_status":"closed","ping_status":"closed","template":"","meta":[],"_links":{"self":[{"href":"https:\/\/www.virtosango.org\/es\/wp-json\/wp\/v2\/pages\/86"}],"collection":[{"href":"https:\/\/www.virtosango.org\/es\/wp-json\/wp\/v2\/pages"}],"about":[{"href":"https:\/\/www.virtosango.org\/es\/wp-json\/wp\/v2\/types\/page"}],"author":[{"embeddable":true,"href":"https:\/\/www.virtosango.org\/es\/wp-json\/wp\/v2\/users\/1"}],"replies":[{"embeddable":true,"href":"https:\/\/www.virtosango.org\/es\/wp-json\/wp\/v2\/comments?post=86"}],"version-history":[{"count":85,"href":"https:\/\/www.virtosango.org\/es\/wp-json\/wp\/v2\/pages\/86\/revisions"}],"predecessor-version":[{"id":1671,"href":"https:\/\/www.virtosango.org\/es\/wp-json\/wp\/v2\/pages\/86\/revisions\/1671"}],"wp:attachment":[{"href":"https:\/\/www.virtosango.org\/es\/wp-json\/wp\/v2\/media?parent=86"}],"curies":[{"name":"wp","href":"https:\/\/api.w.org\/{rel}","templated":true}]}}