{"id":84,"date":"2016-11-02T16:37:31","date_gmt":"2016-11-02T15:37:31","guid":{"rendered":"http:\/\/www.virtosango.org\/?page_id=84"},"modified":"2020-12-03T20:13:50","modified_gmt":"2020-12-03T19:13:50","slug":"about","status":"publish","type":"page","link":"https:\/\/www.virtosango.org\/es\/about\/","title":{"rendered":"About"},"content":{"rendered":"<p class=\"qtranxs-available-languages-message qtranxs-available-languages-message-es\">Disculpa, pero este contenido est\u00e1 disponible s\u00f3lo en <a href=\"https:\/\/www.virtosango.org\/en\/wp-json\/wp\/v2\/pages\/84\" class=\"qtranxs-available-language-link qtranxs-available-language-link-en\" title=\"English\">Ingl\u00e9s Estadounidense<\/a>. For the sake of viewer convenience, the content is shown below in the alternative language. You may click the link to switch the active language.<\/p>[mk_page_section sidebar=\u00bbsidebar-1&#8243;][vc_column][mk_font_icons icon=\u00bbmk-icon-info\u00bb color=\u00bb#4c341c\u00bb size=\u00bbmedium\u00bb align=\u00bbcenter\u00bb][mk_ornamental_title text_color=\u00bb#4c341c\u00bb font_family=\u00bbnone\u00bb font_size=\u00bb32&#8243; ornament_style=\u00bbnorman-single\u00bb]About us[\/mk_ornamental_title][\/vc_column][\/mk_page_section][vc_row fullwidth=\u00bbtrue\u00bb equal_columns=\u00bbtrue\u00bb attached=\u00bbtrue\u00bb disable_element=\u00bbyes\u00bb][vc_column][mk_animated_columns column_height=\u00bb700&#8243; column_number=\u00bb7&#8243; orderby=\u00bbnone\u00bb title_size=\u00bb16&#8243; border_color=\u00bb#4c341c\u00bb bg_color=\u00bb#fffde0&#8243; bg_hover_color=\u00bb#35286d\u00bb icon_size=\u00bb32&#8243; icon_color=\u00bb#4c341c\u00bb icon_hover_color=\u00bb#fffde0&#8243; txt_color=\u00bb#4c341c\u00bb txt_hover_color=\u00bb#fffde0&#8243; btn_color=\u00bb#fffde0&#8243; btn_hover_color=\u00bb#35286d\u00bb btn_hover_txt_color=\u00bb#fffde0&#8243; columns=\u00bb430, 428, 432, 434, 436, 438, 440&#8243;][\/vc_column][\/vc_row][vc_row animation=\u00bbfade-in\u00bb id=\u00bbguiding-principle\u00bb][vc_column][mk_font_icons icon=\u00bbmk-moon-keyhole\u00bb color=\u00bb#4c341c\u00bb size=\u00bbmedium\u00bb align=\u00bbcenter\u00bb][mk_ornamental_title text_color=\u00bb#4c341c\u00bb font_family=\u00bbnone\u00bb font_size=\u00bb32&#8243; ornament_style=\u00bbnorman-single\u00bb]Guiding\u00a0principle[\/mk_ornamental_title][vc_column_text title=\u00bbMotto\u00bb disable_pattern=\u00bbfalse\u00bb]<em>Vitam Sensu<\/em> \u00b7\u00a0Meaningful Lifestyle[\/vc_column_text][vc_column_text title=\u00bbPhilosophy\u00bb disable_pattern=\u00bbfalse\u00bb]\u201cWealth as a whole consists in using things rather than in owning them\u201d \u00b7 Aristotle<br \/>\nLife philosophy and contentment is a question of way and <strong>meaning of life<\/strong>.<br \/>\nPursuit of happiness is a mindset and lifestyle, a way of thinking and acting, an <strong>art of living<\/strong>.[\/vc_column_text][vc_column_text title=\u00bbVision\u00bb disable_pattern=\u00bbfalse\u00bb]Contribute to the emergence, recognition and sharing of <strong>wealth and value<\/strong> with the finality of living in a perennial <strong>world of peace<\/strong> through harmonious and integral evolution of Mankind and Earth.[\/vc_column_text][vc_column_text title=\u00bbMission\u00bb disable_pattern=\u00bbfalse\u00bb]We reveal millions of individual and collective wealth co-creation within <strong>thousands of community, territory, organization<\/strong> for a better activity diversity equilibrium between social and environment, north and south, rural and urban through <strong>ecological footprint mitigration<\/strong> and <strong>well-being improvement<\/strong> by three-frouths by 2030.[\/vc_column_text][vc_column_text title=\u00bbTheory of change\u00bb disable_pattern=\u00bbfalse\u00bb]If people design various <strong>impactful tools<\/strong> to valorize, stimulate, exalt their virtuous behaviour, they can be in a state of <strong>self-emancipation <\/strong>to reach a common intention of <strong>continuous improvement<\/strong> of humanity with nature.[\/vc_column_text][vc_column_text title=\u00bbCore values\u00bb disable_pattern=\u00bbfalse\u00bb]<strong>Fulfilment<\/strong>: we share a legitimate aspiration of integral well-being, ecology and benevolence.<br \/>\n<strong>Deontology<\/strong>: we embrace a profound sense of loyalty, responsibility and ethics.<br \/>\n<strong>Alliance<\/strong>: we gather individual commitment and collective empowerment with bravery and nobility.<br \/>\n<strong>Vigour<\/strong>: we are both authentic and optimist, empathic and enthusiastic, perspicacious and peseverant.<br \/>\n<strong>Metamorphosis<\/strong>: we seek conviviality, creativity, altruism for our society enhancement and accomplishment.[\/vc_column_text][\/vc_column][\/vc_row][vc_row animation=\u00bbfade-in\u00bb id=\u00bbcharter\u00bb][vc_column][mk_font_icons icon=\u00bbmk-icon-key\u00bb color=\u00bb#4c341c\u00bb size=\u00bbmedium\u00bb align=\u00bbcenter\u00bb][mk_ornamental_title text_color=\u00bb#4c341c\u00bb font_family=\u00bbnone\u00bb font_size=\u00bb32&#8243; ornament_style=\u00bbnorman-single\u00bb]Charter[\/mk_ornamental_title][vc_column_text title=\u00bbConstitutional ethical charter\u00bb disable_pattern=\u00bbfalse\u00bb]Our belief make our reality\u00a0\u00b7 Virtuous creed<\/p>\n<ol>\n<li>We respect divine nature of sacred life, beyond birth and death, and its inconditionnal love.<\/li>\n<li>We respect cosmic spiral of evolution, individually, collectivelly, internally, externally.<\/li>\n<li>We respect that absolute is the quest, non-dual and intemporal, that truth is the sum of truths.<\/li>\n<li>We respect golden rule or ethics of reciprocity, treat others how you wish to be treated.<\/li>\n<li>We respect diversity and freedom of ethnic, language, cultural, spiritual affiliations and convictions.<\/li>\n<li>We respect participatory, deliberative or sortition democracy for open governance, election and decision voting system.<\/li>\n<li>We respect resource management, sharing and gift for common good, such as nature, heritage\u00a0and currency.<\/li>\n<li>We respect life integrity, privacy, intimacy and daily commitment for its preservation.<\/li>\n<\/ol>\n[\/vc_column_text][\/vc_column][\/vc_row][vc_row animation=\u00bbfade-in\u00bb disable_element=\u00bbyes\u00bb id=\u00bbculture\u00bb][vc_column][mk_font_icons icon=\u00bbmk-moon-quill-2&#8243; color=\u00bb#4c341c\u00bb size=\u00bbmedium\u00bb align=\u00bbcenter\u00bb][mk_ornamental_title text_color=\u00bb#4c341c\u00bb font_family=\u00bbnone\u00bb font_size=\u00bb32&#8243; ornament_style=\u00bbnorman-single\u00bb]Culture[\/mk_ornamental_title][vc_accordions style=\u00bbsimple-style\u00bb action_style=\u00bbtoggle-action\u00bb container_bg_color=\u00bb#fffde0&#8243;][vc_accordion_tab title=\u00bbVIRTUOUS VADE MECUM\u00bb][vc_column_text disable_pattern=\u00bbfalse\u00bb]Responsible and virtuous citizen memento<\/p>\n<ol>\n<li>Creative cultural:<\/li>\n<li>Ethical leader:<\/li>\n<li>Sustainable entrepreneur: eco-friendly, green business, social entrepreneur<\/li>\n<li>Prosperity changemaker<\/li>\n<li>Extra-ordinary hero: master of your life, not ordinary to be a conquering hero on a daily basis, Anonymous, \u03bb\u03ac\u03bc\u03b2\u03b4\u03b1, Tartempion, Bellatrix, Heimatlos, Qu\u012bdam, Anonimaj, refugee, stateless, exiled, emigrant, expatriated<\/li>\n<li>Skillful virtuoso: splendid, maestro, prodigy, incredible<\/li>\n<li>Artless ingenuous:<\/li>\n<li>Valourous valiant knight: chivalry and nobility<\/li>\n<li>Gallant dandy: galantery and gentlemany<\/li>\n<li>Steadfast loyalty: faithful, upright, unshakable, unfailing, unwavering<\/li>\n<li>Modest wise: sagacity, perspicacity, judicious<\/li>\n<li>Volontary sobriety: happy sobriety, voluntary simplicity<\/li>\n<\/ol>\n[\/vc_column_text][\/vc_accordion_tab][vc_accordion_tab title=\u00bbNATION \u00b7 CITIZENSHIP\u00bb][vc_column_text disable_pattern=\u00bbfalse\u00bb]Educative and imaginary nation<\/p>\n<ul>\n<li type=\"square\">Informally:<br \/>\nVirtoSango Nation (English)<br \/>\nNation VirtoSango (French)<br \/>\nNaci\u00f3n VirtoSango (Spanish)<br \/>\nNacio VirtoSango (Esperanto)<br \/>\nNatio VirtoSango (Latin)<\/li>\n<li type=\"square\">Acronym: VS<\/li>\n<li type=\"square\">Motto:<br \/>\nMeaningful Lifestyle (English)<br \/>\nUne Vie pleine de Sens (French)<br \/>\nVida Significativa (Spanish)<br \/>\nVivo Senco (Esperanto)<br \/>\nVitam Sensu (Latin)<\/li>\n<li type=\"square\">Virtuous virtues:<br \/>\nWisdom \u00b7 Prosperity \u00b7 Magnanimity (English)<br \/>\nSagesse \u00b7 Prosp\u00e9rit\u00e9 \u00b7 Magnanimit\u00e9 (French)<br \/>\nSabidur\u00eda \u00b7 Prosperidad \u00b7 Magnanimidad (Spanish)<br \/>\nSa\u011do \u00b7 Prospero \u00b7 Noblanimeco (Esperanto)<br \/>\nS\u0103p\u012dent\u012da \u00b7 Prosperitas \u00b7 Magnanim\u012dt\u0101s (Latin)<\/li>\n<li type=\"square\">Demonym:<br \/>\nVirtuous (English)<br \/>\nVertueux (French)<br \/>\nVirtuoso (Spanish)<br \/>\nVirta (Esperanto)<br \/>\nVirtuosus (Latin)<\/li>\n<li type=\"square\">Inception date: March 17, 2017<\/li>\n<li type=\"square\">Virtuous\u00a0languages:<br \/>\nEnglish, French <em>Fran\u00e7ais<\/em>, and Spanish <em>Espa\u00f1ol<\/em> at a common level<br \/>\nEsperanto <em>Esperanto<\/em>, and Latin <em>Latina<\/em> at an unusual level<\/li>\n<li type=\"square\">Currency: Virtuous virto (VIR)<\/li>\n<li type=\"square\">Live by: virtonisation<\/li>\n<li type=\"square\">Movement: virtonism<\/li>\n<li type=\"square\">Adept: virtonist<\/li>\n<li type=\"square\">Connoisseur: virtophilous<\/li>\n<\/ul>\n[\/vc_column_text][\/vc_accordion_tab][vc_accordion_tab title=\u00bbMONETARY INNOVATION\u00bb][vc_column_text disable_pattern=\u00bbfalse\u00bb]Artistic and virtual currency<\/p>\n<ul>\n<li type=\"square\">Abbreviation, label: virto<\/li>\n<li type=\"square\">Code, symbol: VIR<\/li>\n<li type=\"square\">Sign, icon: Vy<\/li>\n<li type=\"square\">Denomination: Virtuous virto (uncountable plural)<\/li>\n<li type=\"square\">Decimal fraction \u00a2 (plural):<br \/>\nCent(s) (English)<br \/>\nCentime(s) (Fran\u00e7ais)<br \/>\nCentavo(s) (Espa\u00f1ol)<br \/>\nCendo(j) (Esperanto)<br \/>\nCentesimus (Latin)<\/li>\n<li type=\"square\">Format:<br \/>\n\u201c&#8217;\u201d thousand separator<br \/>\n\u201c.\u201d 2 decimals mark<br \/>\nSuffix, right with space position<\/li>\n<li type=\"square\">Traditional European long scale number:<br \/>\nThousand for 1&#8217;000 or k for kilo<br \/>\nMillion (Mio) for 1&#8217;000&#8217;000 or M for Mega<br \/>\nMilliard (Mrd) for 1&#8217;000&#8217;000&#8217;000 or G for Giga<br \/>\nBillion for 1&#8217;000&#8217;000&#8217;000&#8217;000 or T for Tera<\/li>\n<\/ul>\n[\/vc_column_text][\/vc_accordion_tab][\/vc_accordions][\/vc_column][\/vc_row][vc_row animation=\u00bbfade-in\u00bb id=\u00bbobjectives\u00bb][vc_column][mk_font_icons icon=\u00bbmk-moon-compass\u00bb color=\u00bb#4c341c\u00bb size=\u00bbmedium\u00bb align=\u00bbcenter\u00bb][mk_ornamental_title text_color=\u00bb#4c341c\u00bb font_family=\u00bbnone\u00bb font_size=\u00bb32&#8243; ornament_style=\u00bbnorman-single\u00bb]Objectives[\/mk_ornamental_title][vc_row_inner disable_element=\u00bbyes\u00bb][vc_column_inner width=\u00bb1\/3&#8243;][vc_column_text title=\u00bbSince 2017&#8243; disable_pattern=\u00bbfalse\u00bb][\/vc_column_text][mk_milestone icon=\u00bbmk-moon-coins\u00bb align=\u00bbcenter\u00bb icon_color=\u00bb#4c341c\u00bb stop=\u00bb10000&#8243; speed=\u00bb1753&#8243; suffix=\u00bbVIR\u00bb text=\u00bbCIRCULATION\u00bb text_color=\u00bb#4c341c\u00bb text_size=\u00bb16&#8243; font_family=\u00bbnone\u00bb desc_size=\u00bb16&#8243;][\/vc_column_inner][vc_column_inner width=\u00bb1\/3&#8243;][mk_milestone icon=\u00bbmk-icon-paper-plane-o\u00bb align=\u00bbcenter\u00bb icon_color=\u00bb#4c341c\u00bb stop=\u00bb5&#8243; speed=\u00bb1753&#8243; text=\u00bbPROJECT LEADERS\u00bb text_color=\u00bb#4c341c\u00bb text_size=\u00bb16&#8243; font_family=\u00bbnone\u00bb desc_size=\u00bb16&#8243;][\/vc_column_inner][vc_column_inner width=\u00bb1\/3&#8243;][mk_milestone icon=\u00bbmk-moon-hand\u00bb align=\u00bbcenter\u00bb icon_color=\u00bb#4c341c\u00bb speed=\u00bb1753&#8243; text=\u00bbBACKERS\u00bb text_color=\u00bb#4c341c\u00bb text_size=\u00bb16&#8243; font_family=\u00bbnone\u00bb desc_size=\u00bb16&#8243;][\/vc_column_inner][\/vc_row_inner][vc_row_inner disable_element=\u00bbyes\u00bb][vc_column_inner width=\u00bb1\/3&#8243;][mk_icon_box2 icon_size=\u00bb32&#8243; icon=\u00bbmk-moon-medal-2&#8243; title=\u00bbFIRST ON CURRENCIES\u00bb title_size=\u00bb16&#8243;][\/mk_icon_box2][\/vc_column_inner][vc_column_inner width=\u00bb1\/3&#8243;][mk_icon_box2 icon_size=\u00bb32&#8243; icon=\u00bbmk-icon-trophy\u00bb title=\u00bbFIRST ON IMPACT\u00bb title_size=\u00bb16&#8243;][\/mk_icon_box2][\/vc_column_inner][vc_column_inner width=\u00bb1\/3&#8243;][mk_icon_box2 icon_size=\u00bb32&#8243; icon=\u00bbmk-moon-leaf-2&#8243; title=\u00bbFOOTPRINT CARBON NEUTRAL\u00bb title_size=\u00bb16&#8243;][\/mk_icon_box2][\/vc_column_inner][\/vc_row_inner][vc_column_text title=\u00bbBy 2050&#8243; disable_pattern=\u00bbfalse\u00bb][\/vc_column_text][vc_row_inner disable_element=\u00bbyes\u00bb][vc_column_inner width=\u00bb1\/3&#8243;][mk_milestone icon=\u00bbmk-li-net\u00bb align=\u00bbcenter\u00bb icon_color=\u00bb#4c341c\u00bb stop=\u00bb700000&#8243; speed=\u00bb1753&#8243; text=\u00bbNETWORKS\u00bb text_color=\u00bb#4c341c\u00bb text_size=\u00bb16&#8243; font_family=\u00bbnone\u00bb desc_size=\u00bb16&#8243;][\/vc_column_inner][vc_column_inner width=\u00bb1\/3&#8243;][mk_milestone icon=\u00bbmk-moon-home-4&#8243; align=\u00bbcenter\u00bb icon_color=\u00bb#4c341c\u00bb stop=\u00bb50000000&#8243; speed=\u00bb1753&#8243; text=\u00bbORGANIZATIONS\u00bb text_color=\u00bb#4c341c\u00bb text_size=\u00bb16&#8243; font_family=\u00bbnone\u00bb desc_size=\u00bb16&#8243;][\/vc_column_inner][vc_column_inner width=\u00bb1\/3&#8243;][mk_milestone icon=\u00bbmk-li-users\u00bb align=\u00bbcenter\u00bb icon_color=\u00bb#4c341c\u00bb stop=\u00bb3000000000&#8243; speed=\u00bb1753&#8243; text=\u00bbUSERS\u00bb text_color=\u00bb#4c341c\u00bb text_size=\u00bb16&#8243; font_family=\u00bbnone\u00bb desc_size=\u00bb16&#8243;][\/vc_column_inner][\/vc_row_inner][vc_row_inner][vc_column_inner width=\u00bb1\/3&#8243;][mk_chart percent=\u00bb75&#8243; bar_color=\u00bb#4c341c\u00bb track_color=\u00bb#fffde0&#8243; line_width=\u00bb7&#8243; bar_size=\u00bb95&#8243; content_type=\u00bbicon\u00bb icon=\u00bbmk-moon-bars\u00bb icon_color=\u00bb#4c341c\u00bb desc=\u00bbPROJECT SUCCESS RATE\u00bb desc_text_size=\u00bb16&#8243; desc_color=\u00bb#4c341c\u00bb][\/vc_column_inner][vc_column_inner width=\u00bb1\/3&#8243;][mk_chart percent=\u00bb75&#8243; bar_color=\u00bb#4c341c\u00bb track_color=\u00bb#fffde0&#8243; line_width=\u00bb7&#8243; bar_size=\u00bb95&#8243; content_type=\u00bbicon\u00bb icon=\u00bbmk-moon-flower\u00bb icon_color=\u00bb#4c341c\u00bb desc=\u00bbECOLOGICAL FOOTPRINT MITIGATION\u00bb desc_text_size=\u00bb16&#8243; desc_color=\u00bb#4c341c\u00bb][\/vc_column_inner][vc_column_inner width=\u00bb1\/3&#8243;][mk_chart percent=\u00bb75&#8243; bar_color=\u00bb#4c341c\u00bb track_color=\u00bb#fffde0&#8243; line_width=\u00bb7&#8243; bar_size=\u00bb95&#8243; content_type=\u00bbicon\u00bb icon=\u00bbmk-moon-happy\u00bb icon_color=\u00bb#4c341c\u00bb desc=\u00bbWELL-BEING IMPROVEMENT\u00bb desc_text_size=\u00bb16&#8243; desc_color=\u00bb#4c341c\u00bb][\/vc_column_inner][\/vc_row_inner][mk_padding_divider size=\u00bb30&#8243;][\/vc_column][\/vc_row][vc_row equal_columns=\u00bbtrue\u00bb attached=\u00bbtrue\u00bb animation=\u00bbfade-in\u00bb id=\u00bbpresentation\u00bb][vc_column][mk_font_icons icon=\u00bbmk-icon-magic\u00bb color=\u00bb#4c341c\u00bb size=\u00bbmedium\u00bb align=\u00bbcenter\u00bb][mk_ornamental_title text_color=\u00bb#4c341c\u00bb font_family=\u00bbnone\u00bb font_size=\u00bb32&#8243; ornament_style=\u00bbnorman-single\u00bb]Presentation[\/mk_ornamental_title][vc_row_inner disable_element=\u00bbyes\u00bb][vc_column_inner][mk_animated_columns column_height=\u00bb100&#8243; column_number=\u00bb3&#8243; orderby=\u00bbnone\u00bb title_size=\u00bb16&#8243; border_color=\u00bb#4c341c\u00bb bg_color=\u00bb#fffde0&#8243; bg_hover_color=\u00bb#35286d\u00bb icon_size=\u00bb32&#8243; icon_color=\u00bb#4c341c\u00bb icon_hover_color=\u00bb#fffde0&#8243; txt_color=\u00bb#4c341c\u00bb txt_hover_color=\u00bb#fffde0&#8243; btn_color=\u00bb#fffde0&#8243; btn_hover_color=\u00bb#35286d\u00bb btn_hover_txt_color=\u00bb#fffde0&#8243; columns=\u00bb422, 424, 426&#8243;][\/vc_column_inner][\/vc_row_inner][vc_column_text title=\u00bbBrief description\u00bb disable_pattern=\u00bbfalse\u00bb]How to support impactful projects?<br \/>\nCrowdfunding for sustainability and social innovations.<br \/>\nUnlike classical crowdfunding platforms:<\/p>\n<ul>\n<li type=\"square\">Supported projects are preselected according to their impact evaluation.<\/li>\n<li type=\"square\">Donation is incited by loyalty vouchers and generosity rank.<\/li>\n<li type=\"square\">Donor can choose its reward among various ethical goods and services.<\/li>\n<\/ul>\n<p>The more you support impactful innovations through crowdfunding.<br \/>\nThe more you receive loyalty voucher and generosity rank.<br \/>\nThe more you can choose meaningful goods and services through the online boutique.[\/vc_column_text][vc_column_text title=\u00bbDomain overview\u00bb disable_pattern=\u00bbfalse\u00bb]Via an internet platform, finance a preselected sustainability and social innovation and receive:<\/p>\n<ul>\n<li type=\"square\">Reputation with a generosity rank according to your donation.<\/li>\n<li type=\"square\">Impact via impact assessment of supported projects.<\/li>\n<li type=\"square\">Rewards chosen thanks to loyalty voucher.<\/li>\n<\/ul>\n<p>Crowdfunding for impact.<br \/>\nLoyalty voucher for generosity.<br \/>\nOnline boutique for rewards.[\/vc_column_text][vc_row_inner disable_element=\u00bbyes\u00bb][vc_column_inner][vc_column_text title=\u00bbServices\u00bb disable_pattern=\u00bbfalse\u00bb]We offer electronic business goods and online virtual services such as:<\/p>\n<ul>\n<li type=\"square\">Offers with VirtoSango \u00b7 Home<\/li>\n<\/ul>\n[\/vc_column_text][\/vc_column_inner][\/vc_row_inner][vc_column_text title=\u00bbHistory\u00bb disable_pattern=\u00bbfalse\u00bb]Versatile roots, from a polytechnic engineer, humanitarian aid and development background, with a <strong>sustainable development<\/strong> and <strong>social innovation<\/strong> vocation, through a <strong>sustainable finance<\/strong> and <strong>impact improvement<\/strong> expertise, a seed idea of a reward based virtual\u00a0community born in Alps\u2019 heart at the millenium&#8217;s dawn.<\/p>\n<p>Since then, embracing the stakes of <strong>poverty alleviation<\/strong>, <strong>ecological footprint<\/strong> mitigation and <strong>economic reform<\/strong> rethink, it was essential to positively value cultural creative, changemaker, social entrepreneur and ethical leader through a <strong>virtuous circle<\/strong>. After a decade of applied research and development on social technology for sustainable impact, VirtoSango Group has been created in 2017.[\/vc_column_text][\/vc_column][\/vc_row][vc_row animation=\u00bbfade-in\u00bb disable_element=\u00bbyes\u00bb id=\u00bbmanagement\u00bb][vc_column][mk_font_icons icon=\u00bbmk-moon-stack-star\u00bb color=\u00bb#4c341c\u00bb size=\u00bbmedium\u00bb align=\u00bbcenter\u00bb][mk_ornamental_title text_color=\u00bb#4c341c\u00bb font_family=\u00bbnone\u00bb font_size=\u00bb32&#8243; ornament_style=\u00bbnorman-single\u00bb]Management[\/mk_ornamental_title][vc_column_text title=\u00bbAdvisory board\u00bb disable_pattern=\u00bbfalse\u00bb]Strategy and scientific advisory board.[\/vc_column_text][mk_employees grayscale_image=\u00bbfalse\u00bb count=\u00bb2&#8243; orderby=\u00bbpost__in\u00bb name_color=\u00bb#35286d\u00bb position_color=\u00bb#4c341c\u00bb about_color=\u00bb#4c341c\u00bb social_color=\u00bb#35286d\u00bb categories=\u00bbadvisor\u00bb][vc_column_text title=\u00bbManagement team\u00bb disable_pattern=\u00bbfalse\u00bb]Management directors and human resources.[\/vc_column_text][mk_employees grayscale_image=\u00bbfalse\u00bb count=\u00bb3&#8243; order=\u00bbASC\u00bb orderby=\u00bbpost__in\u00bb name_color=\u00bb#35286d\u00bb position_color=\u00bb#4c341c\u00bb about_color=\u00bb#4c341c\u00bb social_color=\u00bb#35286d\u00bb categories=\u00bbmanager\u00bb][\/vc_column][\/vc_row][vc_row animation=\u00bbfade-in\u00bb disable_element=\u00bbyes\u00bb id=\u00bbethical-codes\u00bb][vc_column][mk_font_icons icon=\u00bbmk-moon-pencil\u00bb color=\u00bb#4c341c\u00bb size=\u00bbmedium\u00bb align=\u00bbcenter\u00bb][mk_ornamental_title text_color=\u00bb#4c341c\u00bb font_family=\u00bbnone\u00bb font_size=\u00bb32&#8243; ornament_style=\u00bbnorman-single\u00bb]Ethical codes[\/mk_ornamental_title][vc_tabs style=\u00bbsimple\u00bb container_bg_color=\u00bb#fffde0&#8243;][vc_tab title=\u00bbBUSINESS ETHICS\u00bb tab_id=\u00bb1481800477-1-3&#8243;][vc_column_text title=\u00bbBusiness ethics or commitment\u00bb disable_pattern=\u00bbfalse\u00bb]Business ethics or commitment[\/vc_column_text][\/vc_tab][vc_tab title=\u00bbRULES AND REGULATIONS\u00bb tab_id=\u00bb1481800477-2-39&#8243;][vc_column_text title=\u00bbConduct for employees or company rules and regulations\u00bb disable_pattern=\u00bbfalse\u00bb]Conduct for employees or company rules and regulations[\/vc_column_text][\/vc_tab][vc_tab title=\u00bbPROFESSIONAL PRACTICE\u00bb tab_id=\u00bb1481800767877-2-2&#8243;][vc_column_text title=\u00bbProfessional practice\u00bb disable_pattern=\u00bbfalse\u00bb]Professional practice[\/vc_column_text][\/vc_tab][\/vc_tabs][\/vc_column][\/vc_row]","protected":false},"excerpt":{"rendered":"<p>Disculpa, pero este contenido est\u00e1 disponible s\u00f3lo en Ingl\u00e9s Estadounidense. For the sake of viewer convenience, the content is shown below in the alternative language. You may click the link to switch the active language.[mk_page_section sidebar=\u00bbsidebar-1&#8243;][vc_column][mk_font_icons icon=\u00bbmk-icon-info\u00bb color=\u00bb#4c341c\u00bb size=\u00bbmedium\u00bb align=\u00bbcenter\u00bb][mk_ornamental_title text_color=\u00bb#4c341c\u00bb font_family=\u00bbnone\u00bb font_size=\u00bb32&#8243; ornament_style=\u00bbnorman-single\u00bb]About us[\/mk_ornamental_title][\/vc_column][\/mk_page_section][vc_row fullwidth=\u00bbtrue\u00bb equal_columns=\u00bbtrue\u00bb attached=\u00bbtrue\u00bb disable_element=\u00bbyes\u00bb][vc_column][mk_animated_columns column_height=\u00bb700&#8243; column_number=\u00bb7&#8243; orderby=\u00bbnone\u00bb title_size=\u00bb16&#8243; border_color=\u00bb#4c341c\u00bb bg_color=\u00bb#fffde0&#8243; [&hellip;]<\/p>\n","protected":false},"author":1,"featured_media":0,"parent":0,"menu_order":0,"comment_status":"closed","ping_status":"closed","template":"","meta":[],"_links":{"self":[{"href":"https:\/\/www.virtosango.org\/es\/wp-json\/wp\/v2\/pages\/84"}],"collection":[{"href":"https:\/\/www.virtosango.org\/es\/wp-json\/wp\/v2\/pages"}],"about":[{"href":"https:\/\/www.virtosango.org\/es\/wp-json\/wp\/v2\/types\/page"}],"author":[{"embeddable":true,"href":"https:\/\/www.virtosango.org\/es\/wp-json\/wp\/v2\/users\/1"}],"replies":[{"embeddable":true,"href":"https:\/\/www.virtosango.org\/es\/wp-json\/wp\/v2\/comments?post=84"}],"version-history":[{"count":243,"href":"https:\/\/www.virtosango.org\/es\/wp-json\/wp\/v2\/pages\/84\/revisions"}],"predecessor-version":[{"id":1668,"href":"https:\/\/www.virtosango.org\/es\/wp-json\/wp\/v2\/pages\/84\/revisions\/1668"}],"wp:attachment":[{"href":"https:\/\/www.virtosango.org\/es\/wp-json\/wp\/v2\/media?parent=84"}],"curies":[{"name":"wp","href":"https:\/\/api.w.org\/{rel}","templated":true}]}}