{"id":110,"date":"2016-11-02T16:47:29","date_gmt":"2016-11-02T15:47:29","guid":{"rendered":"http:\/\/www.virtosango.org\/?page_id=110"},"modified":"2020-11-26T21:34:48","modified_gmt":"2020-11-26T20:34:48","slug":"developers","status":"publish","type":"page","link":"https:\/\/www.virtosango.org\/es\/developers\/","title":{"rendered":"Developers"},"content":{"rendered":"<p class=\"qtranxs-available-languages-message qtranxs-available-languages-message-es\">Disculpa, pero este contenido est\u00e1 disponible s\u00f3lo en <a href=\"https:\/\/www.virtosango.org\/en\/wp-json\/wp\/v2\/pages\/110\" class=\"qtranxs-available-language-link qtranxs-available-language-link-en\" title=\"English\">Ingl\u00e9s Estadounidense<\/a>. For the sake of viewer convenience, the content is shown below in the alternative language. You may click the link to switch the active language.<\/p>[mk_page_section sidebar=\u00bbsidebar-1&#8243;][vc_column][mk_font_icons icon=\u00bbmk-icon-wrench\u00bb color=\u00bb#4c341c\u00bb size=\u00bbmedium\u00bb align=\u00bbcenter\u00bb][mk_ornamental_title text_color=\u00bb#4c341c\u00bb font_family=\u00bbnone\u00bb font_size=\u00bb32&#8243; ornament_style=\u00bbnorman-single\u00bb]Developers[\/mk_ornamental_title][\/vc_column][\/mk_page_section][vc_row animation=\u00bbfade-in\u00bb disable_element=\u00bbyes\u00bb id=\u00bbapplication\u00bb][vc_column][vc_row_inner][vc_column_inner width=\u00bb1\/2&#8243;][mk_font_icons icon=\u00bbmk-icon-mobile\u00bb color=\u00bb#4c341c\u00bb size=\u00bbmedium\u00bb align=\u00bbright\u00bb][\/vc_column_inner][vc_column_inner width=\u00bb1\/2&#8243;][mk_font_icons icon=\u00bbmk-icon-tablet\u00bb color=\u00bb#4c341c\u00bb size=\u00bbmedium\u00bb align=\u00bbleft\u00bb][\/vc_column_inner][\/vc_row_inner][mk_ornamental_title text_color=\u00bb#4c341c\u00bb font_family=\u00bbnone\u00bb font_size=\u00bb32&#8243; ornament_style=\u00bbnorman-single\u00bb]Application \u00b7 Mobile \u00b7 Tablet[\/mk_ornamental_title][vc_column_text title=\u00bbMobile \u00b7 Tablet\u00bb disable_pattern=\u00bbfalse\u00bb]Mobile \u00b7 Tablet: Android, iOS, Windows<br \/>\nRich Internet Application[\/vc_column_text][\/vc_column][\/vc_row][vc_row animation=\u00bbfade-in\u00bb disable_element=\u00bbyes\u00bb id=\u00bbsoftware\u00bb][vc_column][vc_row_inner][vc_column_inner width=\u00bb1\/2&#8243;][mk_font_icons icon=\u00bbmk-moon-screen\u00bb color=\u00bb#4c341c\u00bb size=\u00bbmedium\u00bb align=\u00bbright\u00bb][\/vc_column_inner][vc_column_inner width=\u00bb1\/2&#8243;][mk_font_icons icon=\u00bbmk-icon-laptop\u00bb color=\u00bb#4c341c\u00bb size=\u00bbmedium\u00bb align=\u00bbleft\u00bb][\/vc_column_inner][\/vc_row_inner][mk_ornamental_title text_color=\u00bb#4c341c\u00bb font_family=\u00bbnone\u00bb font_size=\u00bb32&#8243; ornament_style=\u00bbnorman-single\u00bb]Software \u00b7 Desktop \u00b7 Laptop[\/mk_ornamental_title][vc_column_text title=\u00bbDesktop \u00b7 Laptop\u00bb disable_pattern=\u00bbfalse\u00bb]Desktop \u00b7 Laptop: Windows, Apple<br \/>\nRich Desktop Application[\/vc_column_text][\/vc_column][\/vc_row][vc_row animation=\u00bbfade-in\u00bb disable_element=\u00bbyes\u00bb id=\u00bbsaas\u00bb][vc_column][mk_font_icons icon=\u00bbmk-icon-cloud\u00bb color=\u00bb#4c341c\u00bb size=\u00bbmedium\u00bb align=\u00bbcenter\u00bb][mk_ornamental_title text_color=\u00bb#4c341c\u00bb font_family=\u00bbnone\u00bb font_size=\u00bb32&#8243; ornament_style=\u00bbnorman-single\u00bb]SAAS[\/mk_ornamental_title][vc_column_text title=\u00bbService as a Software\u00bb disable_pattern=\u00bbfalse\u00bb]Service as a Software[\/vc_column_text][\/vc_column][\/vc_row][vc_row id=\u00bbco-branding\u00bb][vc_column][mk_font_icons icon=\u00bbmk-icon-tags\u00bb color=\u00bb#4c341c\u00bb size=\u00bbmedium\u00bb align=\u00bbcenter\u00bb][mk_ornamental_title text_color=\u00bb#4c341c\u00bb font_family=\u00bbnone\u00bb font_size=\u00bb32&#8243; ornament_style=\u00bbnorman-single\u00bb]Co-branding[\/mk_ornamental_title][vc_column_text title=\u00bbJoint venture \u00b7 Private label\u00bb disable_pattern=\u00bbfalse\u00bb css=\u00bb.vc_custom_1606422887277{margin-bottom: 0px !important;}\u00bb]For joint venture or private label co-branding, <a href=\"https:\/\/www.virtosango.org\/contact#contact-form\">contact us<\/a>.[\/vc_column_text][\/vc_column][\/vc_row][vc_row animation=\u00bbfade-in\u00bb disable_element=\u00bbyes\u00bb id=\u00bbembed\u00bb][vc_column][mk_font_icons icon=\u00bbmk-icon-code\u00bb color=\u00bb#4c341c\u00bb size=\u00bbmedium\u00bb align=\u00bbcenter\u00bb][mk_ornamental_title text_color=\u00bb#4c341c\u00bb font_family=\u00bbnone\u00bb font_size=\u00bb32&#8243; ornament_style=\u00bbnorman-single\u00bb]Embed[\/mk_ornamental_title][vc_column_text title=\u00bbVirto\u00bb disable_pattern=\u00bbfalse\u00bb]Embed code[\/vc_column_text][\/vc_column][\/vc_row][vc_row animation=\u00bbfade-in\u00bb disable_element=\u00bbyes\u00bb id=\u00bbplugin\u00bb][vc_column][mk_font_icons icon=\u00bbmk-icon-plug\u00bb color=\u00bb#4c341c\u00bb size=\u00bbmedium\u00bb align=\u00bbcenter\u00bb][mk_ornamental_title text_color=\u00bb#4c341c\u00bb font_family=\u00bbnone\u00bb font_size=\u00bb32&#8243; ornament_style=\u00bbnorman-single\u00bb]Plugin[\/mk_ornamental_title][vc_column_text title=\u00bbSocial network\u00bb disable_pattern=\u00bbfalse\u00bb]Social network[\/vc_column_text][vc_column_text title=\u00bbMicro-donation\u00bb disable_pattern=\u00bbfalse\u00bb]Micro-donation[\/vc_column_text][\/vc_column][\/vc_row][vc_row animation=\u00bbfade-in\u00bb disable_element=\u00bbyes\u00bb id=\u00bbapi\u00bb][vc_column][mk_font_icons icon=\u00bbmk-icon-unlock-alt\u00bb color=\u00bb#4c341c\u00bb size=\u00bbmedium\u00bb align=\u00bbcenter\u00bb][mk_ornamental_title text_color=\u00bb#4c341c\u00bb font_family=\u00bbnone\u00bb font_size=\u00bb32&#8243; ornament_style=\u00bbnorman-single\u00bb]API[\/mk_ornamental_title][vc_column_text title=\u00bbOpen Source Application Programming Interface\u00bb disable_pattern=\u00bbfalse\u00bb]Open Source Application Programming Interface[\/vc_column_text][\/vc_column][\/vc_row]","protected":false},"excerpt":{"rendered":"<p>Disculpa, pero este contenido est\u00e1 disponible s\u00f3lo en Ingl\u00e9s Estadounidense. For the sake of viewer convenience, the content is shown below in the alternative language. You may click the link to switch the active language.[mk_page_section sidebar=\u00bbsidebar-1&#8243;][vc_column][mk_font_icons icon=\u00bbmk-icon-wrench\u00bb color=\u00bb#4c341c\u00bb size=\u00bbmedium\u00bb align=\u00bbcenter\u00bb][mk_ornamental_title text_color=\u00bb#4c341c\u00bb font_family=\u00bbnone\u00bb font_size=\u00bb32&#8243; ornament_style=\u00bbnorman-single\u00bb]Developers[\/mk_ornamental_title][\/vc_column][\/mk_page_section][vc_row animation=\u00bbfade-in\u00bb disable_element=\u00bbyes\u00bb id=\u00bbapplication\u00bb][vc_column][vc_row_inner][vc_column_inner width=\u00bb1\/2&#8243;][mk_font_icons icon=\u00bbmk-icon-mobile\u00bb color=\u00bb#4c341c\u00bb size=\u00bbmedium\u00bb align=\u00bbright\u00bb][\/vc_column_inner][vc_column_inner width=\u00bb1\/2&#8243;][mk_font_icons icon=\u00bbmk-icon-tablet\u00bb color=\u00bb#4c341c\u00bb [&hellip;]<\/p>\n","protected":false},"author":1,"featured_media":0,"parent":0,"menu_order":0,"comment_status":"closed","ping_status":"closed","template":"","meta":[],"_links":{"self":[{"href":"https:\/\/www.virtosango.org\/es\/wp-json\/wp\/v2\/pages\/110"}],"collection":[{"href":"https:\/\/www.virtosango.org\/es\/wp-json\/wp\/v2\/pages"}],"about":[{"href":"https:\/\/www.virtosango.org\/es\/wp-json\/wp\/v2\/types\/page"}],"author":[{"embeddable":true,"href":"https:\/\/www.virtosango.org\/es\/wp-json\/wp\/v2\/users\/1"}],"replies":[{"embeddable":true,"href":"https:\/\/www.virtosango.org\/es\/wp-json\/wp\/v2\/comments?post=110"}],"version-history":[{"count":19,"href":"https:\/\/www.virtosango.org\/es\/wp-json\/wp\/v2\/pages\/110\/revisions"}],"predecessor-version":[{"id":1655,"href":"https:\/\/www.virtosango.org\/es\/wp-json\/wp\/v2\/pages\/110\/revisions\/1655"}],"wp:attachment":[{"href":"https:\/\/www.virtosango.org\/es\/wp-json\/wp\/v2\/media?parent=110"}],"curies":[{"name":"wp","href":"https:\/\/api.w.org\/{rel}","templated":true}]}}