{"id":108,"date":"2016-11-02T16:46:47","date_gmt":"2016-11-02T15:46:47","guid":{"rendered":"http:\/\/www.virtosango.org\/?page_id=108"},"modified":"2017-02-27T18:05:00","modified_gmt":"2017-02-27T17:05:00","slug":"media","status":"publish","type":"page","link":"https:\/\/www.virtosango.org\/es\/media\/","title":{"rendered":"Media"},"content":{"rendered":"<p class=\"qtranxs-available-languages-message qtranxs-available-languages-message-es\">Disculpa, pero este contenido est\u00e1 disponible s\u00f3lo en <a href=\"https:\/\/www.virtosango.org\/en\/wp-json\/wp\/v2\/pages\/108\" class=\"qtranxs-available-language-link qtranxs-available-language-link-en\" title=\"English\">Ingl\u00e9s Estadounidense<\/a>. For the sake of viewer convenience, the content is shown below in the alternative language. You may click the link to switch the active language.<\/p>[mk_page_section sidebar=\u00bbsidebar-1&#8243;][vc_column][mk_font_icons icon=\u00bbmk-icon-exclamation\u00bb color=\u00bb#4c341c\u00bb size=\u00bbmedium\u00bb align=\u00bbcenter\u00bb][mk_ornamental_title text_color=\u00bb#4c341c\u00bb font_family=\u00bbnone\u00bb font_size=\u00bb32&#8243; ornament_style=\u00bbnorman-single\u00bb]Media[\/mk_ornamental_title][\/vc_column][\/mk_page_section][vc_row animation=\u00bbfade-in\u00bb id=\u00bbemblem\u00bb][vc_column][mk_font_icons icon=\u00bbmk-icon-paw\u00bb color=\u00bb#4c341c\u00bb size=\u00bbmedium\u00bb align=\u00bbcenter\u00bb][mk_ornamental_title text_color=\u00bb#4c341c\u00bb font_family=\u00bbnone\u00bb font_size=\u00bb32&#8243; ornament_style=\u00bbnorman-single\u00bb]Emblem[\/mk_ornamental_title][vc_column_text title=\u00bbSign \u00b7 Motto\u00bb disable_pattern=\u00bbfalse\u00bb]VirtoSango \u00b7 Vitam Sensu[\/vc_column_text][mk_image src=\u00bbhttp:\/\/www.virtosango.org\/wp-content\/uploads\/2017\/01\/virtosango-sign.png\u00bb image_size=\u00bbfull\u00bb align=\u00bbcenter\u00bb][vc_column_text title=\u00bbSeal\u00bb disable_pattern=\u00bbfalse\u00bb]VS \u00b7 VirtoSango[\/vc_column_text][vc_row_inner][vc_column_inner width=\u00bb1\/3&#8243;][mk_image src=\u00bbhttp:\/\/www.virtosango.org\/wp-content\/uploads\/2017\/01\/virtosango-seal-circle.png\u00bb image_size=\u00bbfull\u00bb align=\u00bbcenter\u00bb][\/vc_column_inner][vc_column_inner width=\u00bb1\/3&#8243;][mk_image src=\u00bbhttp:\/\/www.virtosango.org\/wp-content\/uploads\/2017\/01\/virtosango-seal.png\u00bb image_size=\u00bbfull\u00bb align=\u00bbcenter\u00bb][\/vc_column_inner][vc_column_inner width=\u00bb1\/3&#8243;][mk_image src=\u00bbhttp:\/\/www.virtosango.org\/wp-content\/uploads\/2017\/01\/virtosango-seal-square.png\u00bb image_size=\u00bbfull\u00bb align=\u00bbcenter\u00bb][\/vc_column_inner][\/vc_row_inner][vc_column_text title=\u00bbCurrency symbol\u00bb disable_pattern=\u00bbfalse\u00bb]VIR \u00b7 Virto[\/vc_column_text][mk_image src=\u00bbhttp:\/\/www.virtosango.org\/wp-content\/uploads\/2016\/11\/virto-symbol.png\u00bb image_size=\u00bbfull\u00bb align=\u00bbcenter\u00bb][mk_padding_divider size=\u00bb30&#8243;][\/vc_column][\/vc_row][vc_row animation=\u00bbfade-in\u00bb id=\u00bbpress-book\u00bb][vc_column][mk_font_icons icon=\u00bbmk-moon-bullhorn\u00bb color=\u00bb#4c341c\u00bb size=\u00bbmedium\u00bb align=\u00bbcenter\u00bb][mk_ornamental_title text_color=\u00bb#4c341c\u00bb font_family=\u00bbnone\u00bb font_size=\u00bb32&#8243; ornament_style=\u00bbnorman-single\u00bb]Press book[\/mk_ornamental_title][mk_icon_box2 icon_size=\u00bb32&#8243; icon=\u00bbmk-li-news\u00bb title=\u00bbPRESS REVIEW \u00b7 PERIODICAL ARTICLES\u00bb title_size=\u00bb16&#8243;][\/mk_icon_box2][vc_row_inner][vc_column_inner width=\u00bb1\/4&#8243;][mk_image src=\u00bbhttp:\/\/www.virtosango.org\/wp-content\/uploads\/2016\/11\/le-dauphine-libere-logotype.png\u00bb image_size=\u00bbfull\u00bb target=\u00bb_blank\u00bb title=\u00bbLe Dauphin\u00e9 Lib\u00e9r\u00e9\u00bb desc=\u00bb09.11.2010 \u00b7 06.12.2010&#8243; caption_location=\u00bboutside-image\u00bb align=\u00bbcenter\u00bb][\/vc_column_inner][vc_column_inner width=\u00bb1\/4&#8243;][mk_image src=\u00bbhttp:\/\/www.virtosango.org\/wp-content\/uploads\/2016\/11\/tribune-de-geneve-logotype.jpg\u00bb image_size=\u00bbfull\u00bb target=\u00bb_blank\u00bb title=\u00bbTribune de Gen\u00e8ve\u00bb desc=\u00bb19.10.2010&#8243; caption_location=\u00bboutside-image\u00bb align=\u00bbcenter\u00bb][\/vc_column_inner][vc_column_inner width=\u00bb1\/4&#8243;][mk_image src=\u00bbhttp:\/\/www.virtosango.org\/wp-content\/uploads\/2016\/11\/le-messager-logotype.png\u00bb image_size=\u00bbfull\u00bb target=\u00bb_blank\u00bb title=\u00bbLe Messager\u00bb desc=\u00bb18.11.2010&#8243; caption_location=\u00bboutside-image\u00bb align=\u00bbcenter\u00bb][\/vc_column_inner][vc_column_inner width=\u00bb1\/4&#8243;][mk_image src=\u00bbhttp:\/\/www.virtosango.org\/wp-content\/uploads\/2016\/11\/youphil-logotype.png\u00bb image_size=\u00bbfull\u00bb target=\u00bb_blank\u00bb title=\u00bbYouphil\u00bb desc=\u00bbAltern-Actif \u00b7 2010-2016&#8243; caption_location=\u00bboutside-image\u00bb align=\u00bbcenter\u00bb][\/vc_column_inner][\/vc_row_inner][vc_row_inner disable_element=\u00bbyes\u00bb][vc_column_inner][vc_column_text title=\u00bbPress review\u00bb disable_pattern=\u00bbfalse\u00bb][\/vc_column_text][mk_clients style=\u00bbcolumn\u00bb border_style=\u00bbopened_edges\u00bb column=\u00bb1&#8243; count=\u00bb1&#8243; order=\u00bbDESC\u00bb orderby=\u00bbnone\u00bb border_color=\u00bb#4c341c\u00bb target=\u00bb_blank\u00bb margin_bottom=\u00bb10&#8243; clients=\u00bb789&#8243;][vc_column_text title=\u00bbMedia communication\u00bb disable_pattern=\u00bbfalse\u00bb]Media communication[\/vc_column_text][\/vc_column_inner][\/vc_row_inner][\/vc_column][\/vc_row][vc_row animation=\u00bbfade-in\u00bb id=\u00bbnetworking\u00bb][vc_column][vc_row_inner][vc_column_inner][mk_font_icons icon=\u00bbmk-li-web\u00bb color=\u00bb#4c341c\u00bb size=\u00bbmedium\u00bb align=\u00bbcenter\u00bb][\/vc_column_inner][\/vc_row_inner][mk_ornamental_title text_color=\u00bb#4c341c\u00bb font_family=\u00bbnone\u00bb font_size=\u00bb32&#8243; ornament_style=\u00bbnorman-single\u00bb]Networking[\/mk_ornamental_title][vc_column_text title=\u00bbSocial media links\u00bb disable_pattern=\u00bbfalse\u00bb align=\u00bbcenter\u00bb][\/vc_column_text][mk_social_networks size=\u00bbmedium\u00bb style=\u00bbsimple\u00bb margin=\u00bb20&#8243; icon_color=\u00bb#35286d\u00bb icon_hover_color=\u00bb#f36f23&#8243; align=\u00bbcenter\u00bb linkedin=\u00bbhttps:\/\/www.linkedin.com\/company\/virtosango\u00bb youtube=\u00bbhttps:\/\/www.youtube.com\/channel\/UCZuGNWxnpgxSpBu88QE3MEQ\u00bb][vc_row_inner][vc_column_inner width=\u00bb1\/3&#8243;][mk_icon_box2 icon_size=\u00bb32&#8243; icon=\u00bbmk-icon-share\u00bb title=\u00bbFOLLOW\u00bb title_size=\u00bb16&#8243;][\/mk_icon_box2][\/vc_column_inner][vc_column_inner width=\u00bb1\/3&#8243;][mk_icon_box2 icon_size=\u00bb32&#8243; icon=\u00bbmk-icon-thumbs-up\u00bb title=\u00bbLIKE\u00bb title_size=\u00bb16&#8243;][\/mk_icon_box2][\/vc_column_inner][vc_column_inner width=\u00bb1\/3&#8243;][mk_icon_box2 icon_size=\u00bb32&#8243; icon=\u00bbmk-icon-share-alt\u00bb title=\u00bbSHARE\u00bb title_size=\u00bb16&#8243;][\/mk_icon_box2][\/vc_column_inner][\/vc_row_inner][vc_row_inner disable_element=\u00bbyes\u00bb][vc_column_inner width=\u00bb1\/6&#8243;][mk_font_icons icon=\u00bbmk-li-web\u00bb color=\u00bb#4c341c\u00bb size=\u00bbmedium\u00bb align=\u00bbcenter\u00bb][\/vc_column_inner][vc_column_inner width=\u00bb1\/6&#8243;][mk_font_icons icon=\u00bbmk-icon-rss\u00bb color=\u00bb#4c341c\u00bb size=\u00bbmedium\u00bb align=\u00bbcenter\u00bb][\/vc_column_inner][vc_column_inner width=\u00bb1\/6&#8243;][mk_font_icons icon=\u00bbmk-icon-linkedin\u00bb color=\u00bb#4c341c\u00bb size=\u00bbmedium\u00bb align=\u00bbcenter\u00bb][\/vc_column_inner][vc_column_inner width=\u00bb1\/6&#8243;][mk_font_icons icon=\u00bbmk-icon-twitter\u00bb color=\u00bb#4c341c\u00bb size=\u00bbmedium\u00bb align=\u00bbcenter\u00bb][\/vc_column_inner][vc_column_inner width=\u00bb1\/6&#8243;][mk_font_icons icon=\u00bbmk-icon-facebook\u00bb color=\u00bb#4c341c\u00bb size=\u00bbmedium\u00bb align=\u00bbcenter\u00bb][\/vc_column_inner][vc_column_inner width=\u00bb1\/6&#8243;][mk_font_icons icon=\u00bbmk-icon-youtube\u00bb color=\u00bb#4c341c\u00bb size=\u00bbmedium\u00bb align=\u00bbcenter\u00bb][\/vc_column_inner][\/vc_row_inner][\/vc_column][\/vc_row]","protected":false},"excerpt":{"rendered":"<p>Disculpa, pero este contenido est\u00e1 disponible s\u00f3lo en Ingl\u00e9s Estadounidense. For the sake of viewer convenience, the content is shown below in the alternative language. You may click the link to switch the active language.[mk_page_section sidebar=\u00bbsidebar-1&#8243;][vc_column][mk_font_icons icon=\u00bbmk-icon-exclamation\u00bb color=\u00bb#4c341c\u00bb size=\u00bbmedium\u00bb align=\u00bbcenter\u00bb][mk_ornamental_title text_color=\u00bb#4c341c\u00bb font_family=\u00bbnone\u00bb font_size=\u00bb32&#8243; ornament_style=\u00bbnorman-single\u00bb]Media[\/mk_ornamental_title][\/vc_column][\/mk_page_section][vc_row animation=\u00bbfade-in\u00bb id=\u00bbemblem\u00bb][vc_column][mk_font_icons icon=\u00bbmk-icon-paw\u00bb color=\u00bb#4c341c\u00bb size=\u00bbmedium\u00bb align=\u00bbcenter\u00bb][mk_ornamental_title text_color=\u00bb#4c341c\u00bb font_family=\u00bbnone\u00bb font_size=\u00bb32&#8243; ornament_style=\u00bbnorman-single\u00bb]Emblem[\/mk_ornamental_title][vc_column_text title=\u00bbSign [&hellip;]<\/p>\n","protected":false},"author":1,"featured_media":0,"parent":0,"menu_order":0,"comment_status":"closed","ping_status":"closed","template":"","meta":[],"_links":{"self":[{"href":"https:\/\/www.virtosango.org\/es\/wp-json\/wp\/v2\/pages\/108"}],"collection":[{"href":"https:\/\/www.virtosango.org\/es\/wp-json\/wp\/v2\/pages"}],"about":[{"href":"https:\/\/www.virtosango.org\/es\/wp-json\/wp\/v2\/types\/page"}],"author":[{"embeddable":true,"href":"https:\/\/www.virtosango.org\/es\/wp-json\/wp\/v2\/users\/1"}],"replies":[{"embeddable":true,"href":"https:\/\/www.virtosango.org\/es\/wp-json\/wp\/v2\/comments?post=108"}],"version-history":[{"count":57,"href":"https:\/\/www.virtosango.org\/es\/wp-json\/wp\/v2\/pages\/108\/revisions"}],"predecessor-version":[{"id":1608,"href":"https:\/\/www.virtosango.org\/es\/wp-json\/wp\/v2\/pages\/108\/revisions\/1608"}],"wp:attachment":[{"href":"https:\/\/www.virtosango.org\/es\/wp-json\/wp\/v2\/media?parent=108"}],"curies":[{"name":"wp","href":"https:\/\/api.w.org\/{rel}","templated":true}]}}