{"id":104,"date":"2016-11-02T16:43:06","date_gmt":"2016-11-02T15:43:06","guid":{"rendered":"http:\/\/www.virtosango.org\/?page_id=104"},"modified":"2017-02-06T18:20:54","modified_gmt":"2017-02-06T17:20:54","slug":"newsletter","status":"publish","type":"page","link":"https:\/\/www.virtosango.org\/es\/newsletter\/","title":{"rendered":"Newsletter"},"content":{"rendered":"<p class=\"qtranxs-available-languages-message qtranxs-available-languages-message-es\">Disculpa, pero este contenido est\u00e1 disponible s\u00f3lo en <a href=\"https:\/\/www.virtosango.org\/en\/wp-json\/wp\/v2\/pages\/104\" class=\"qtranxs-available-language-link qtranxs-available-language-link-en\" title=\"English\">Ingl\u00e9s Estadounidense<\/a>. For the sake of viewer convenience, the content is shown below in the alternative language. You may click the link to switch the active language.<\/p>[mk_page_section sidebar=\u00bbsidebar-1&#8243;][vc_column][mk_font_icons icon=\u00bbmk-li-mail\u00bb color=\u00bb#4c341c\u00bb size=\u00bbmedium\u00bb align=\u00bbcenter\u00bb][mk_ornamental_title text_color=\u00bb#4c341c\u00bb font_family=\u00bbnone\u00bb font_size=\u00bb32&#8243; ornament_style=\u00bbnorman-single\u00bb]Newsletter[\/mk_ornamental_title][\/vc_column][\/mk_page_section][vc_row animation=\u00bbfade-in\u00bb id=\u00bbsubscribe\u00bb][vc_column][mk_font_icons icon=\u00bbmk-moon-envelop\u00bb color=\u00bb#4c341c\u00bb size=\u00bbmedium\u00bb align=\u00bbcenter\u00bb][mk_ornamental_title text_color=\u00bb#4c341c\u00bb font_family=\u00bbnone\u00bb font_size=\u00bb32&#8243; ornament_style=\u00bbnorman-single\u00bb]Subscribe[\/mk_ornamental_title][mk_subscribe placeholder_text=\u00bbEmail Address\u00bb button_text=\u00bbSUBSCRIBE\u00bb list_id=\u00bb77ac814f1f\u00bb optin=\u00bbtrue\u00bb space_between=\u00bb10&#8243; subscribe_size=\u00bbmedium\u00bb btn_bg_color=\u00bb#35286d\u00bb btn_text_color=\u00bb#fffde0&#8243; btn_border_color=\u00bb#35286d\u00bb input_bg_color=\u00bb#fffde0&#8243; input_placeholder_color=\u00bb#4c341c\u00bb input_border_color=\u00bb#4c341c\u00bb][\/vc_column][\/vc_row][vc_row animation=\u00bbfade-in\u00bb disable_element=\u00bbyes\u00bb id=\u00bbunsubscribe\u00bb][vc_column][mk_font_icons icon=\u00bbmk-moon-cancel-circle\u00bb color=\u00bb#4c341c\u00bb size=\u00bbmedium\u00bb align=\u00bbcenter\u00bb][mk_ornamental_title text_color=\u00bb#4c341c\u00bb font_family=\u00bbnone\u00bb font_size=\u00bb32&#8243; ornament_style=\u00bbnorman-single\u00bb]Unsubscribe[\/mk_ornamental_title][mk_subscribe btn_text_color=\u00bb#eeeeee\u00bb btn_border_color=\u00bb#eeeeee\u00bb input_placeholder_color=\u00bb#eeeeee\u00bb input_border_color=\u00bb#eeeeee\u00bb][\/vc_column][\/vc_row][vc_row][vc_column][\/vc_column][\/vc_row]","protected":false},"excerpt":{"rendered":"<p>Disculpa, pero este contenido est\u00e1 disponible s\u00f3lo en Ingl\u00e9s Estadounidense. For the sake of viewer convenience, the content is shown below in the alternative language. You may click the link to switch the active language.[mk_page_section sidebar=\u00bbsidebar-1&#8243;][vc_column][mk_font_icons icon=\u00bbmk-li-mail\u00bb color=\u00bb#4c341c\u00bb size=\u00bbmedium\u00bb align=\u00bbcenter\u00bb][mk_ornamental_title text_color=\u00bb#4c341c\u00bb font_family=\u00bbnone\u00bb font_size=\u00bb32&#8243; ornament_style=\u00bbnorman-single\u00bb]Newsletter[\/mk_ornamental_title][\/vc_column][\/mk_page_section][vc_row animation=\u00bbfade-in\u00bb id=\u00bbsubscribe\u00bb][vc_column][mk_font_icons icon=\u00bbmk-moon-envelop\u00bb color=\u00bb#4c341c\u00bb size=\u00bbmedium\u00bb align=\u00bbcenter\u00bb][mk_ornamental_title text_color=\u00bb#4c341c\u00bb font_family=\u00bbnone\u00bb font_size=\u00bb32&#8243; ornament_style=\u00bbnorman-single\u00bb]Subscribe[\/mk_ornamental_title][mk_subscribe placeholder_text=\u00bbEmail [&hellip;]<\/p>\n","protected":false},"author":1,"featured_media":0,"parent":0,"menu_order":0,"comment_status":"closed","ping_status":"closed","template":"","meta":[],"_links":{"self":[{"href":"https:\/\/www.virtosango.org\/es\/wp-json\/wp\/v2\/pages\/104"}],"collection":[{"href":"https:\/\/www.virtosango.org\/es\/wp-json\/wp\/v2\/pages"}],"about":[{"href":"https:\/\/www.virtosango.org\/es\/wp-json\/wp\/v2\/types\/page"}],"author":[{"embeddable":true,"href":"https:\/\/www.virtosango.org\/es\/wp-json\/wp\/v2\/users\/1"}],"replies":[{"embeddable":true,"href":"https:\/\/www.virtosango.org\/es\/wp-json\/wp\/v2\/comments?post=104"}],"version-history":[{"count":17,"href":"https:\/\/www.virtosango.org\/es\/wp-json\/wp\/v2\/pages\/104\/revisions"}],"predecessor-version":[{"id":1557,"href":"https:\/\/www.virtosango.org\/es\/wp-json\/wp\/v2\/pages\/104\/revisions\/1557"}],"wp:attachment":[{"href":"https:\/\/www.virtosango.org\/es\/wp-json\/wp\/v2\/media?parent=104"}],"curies":[{"name":"wp","href":"https:\/\/api.w.org\/{rel}","templated":true}]}}