{"id":102,"date":"2016-11-02T16:41:18","date_gmt":"2016-11-02T15:41:18","guid":{"rendered":"http:\/\/www.virtosango.org\/?page_id=102"},"modified":"2017-04-20T09:56:34","modified_gmt":"2017-04-20T07:56:34","slug":"support-us","status":"publish","type":"page","link":"https:\/\/www.virtosango.org\/es\/support-us\/","title":{"rendered":"Support us"},"content":{"rendered":"<p class=\"qtranxs-available-languages-message qtranxs-available-languages-message-es\">Disculpa, pero este contenido est\u00e1 disponible s\u00f3lo en <a href=\"https:\/\/www.virtosango.org\/en\/wp-json\/wp\/v2\/pages\/102\" class=\"qtranxs-available-language-link qtranxs-available-language-link-en\" title=\"English\">Ingl\u00e9s Estadounidense<\/a>. For the sake of viewer convenience, the content is shown below in the alternative language. You may click the link to switch the active language.<\/p>[mk_page_section sidebar=\u00bbsidebar-1&#8243;][vc_column][mk_font_icons icon=\u00bbmk-moon-heart\u00bb color=\u00bb#4c341c\u00bb size=\u00bbmedium\u00bb align=\u00bbcenter\u00bb][mk_ornamental_title text_color=\u00bb#4c341c\u00bb font_family=\u00bbnone\u00bb font_size=\u00bb32&#8243; ornament_style=\u00bbnorman-single\u00bb]Support us[\/mk_ornamental_title][\/vc_column][\/mk_page_section][vc_row disable_element=\u00bbyes\u00bb id=\u00bbsponsoring\u00bb][vc_column][mk_font_icons icon=\u00bbmk-icon-leaf\u00bb color=\u00bb#4c341c\u00bb size=\u00bbmedium\u00bb align=\u00bbcenter\u00bb][mk_ornamental_title text_color=\u00bb#4c341c\u00bb font_family=\u00bbnone\u00bb font_size=\u00bb32&#8243; ornament_style=\u00bbnorman-single\u00bb]Sponsoring[\/mk_ornamental_title][vc_column_text title=\u00bbCampaign\u00bb disable_pattern=\u00bbfalse\u00bb][\/vc_column_text][\/vc_column][\/vc_row][vc_row animation=\u00bbfade-in\u00bb disable_element=\u00bbyes\u00bb id=\u00bbintroducer\u00bb][vc_column][mk_font_icons icon=\u00bbmk-icon-puzzle-piece\u00bb color=\u00bb#4c341c\u00bb size=\u00bbmedium\u00bb align=\u00bbcenter\u00bb][mk_ornamental_title text_color=\u00bb#4c341c\u00bb font_family=\u00bbnone\u00bb font_size=\u00bb32&#8243; ornament_style=\u00bbnorman-single\u00bb]Introducer[\/mk_ornamental_title][vc_column_text title=\u00bbAffiliation\u00bb disable_pattern=\u00bbfalse\u00bb]Affiliation[\/vc_column_text][vc_column_text title=\u00bbPatronage\u00bb disable_pattern=\u00bbfalse\u00bb]Patronage[\/vc_column_text][vc_column_text title=\u00bbDistribution\u00bb disable_pattern=\u00bbfalse\u00bb]Distribution[\/vc_column_text][\/vc_column][\/vc_row][vc_row animation=\u00bbfade-in\u00bb disable_element=\u00bbyes\u00bb id=\u00bbgift\u00bb][vc_column][mk_font_icons icon=\u00bbmk-icon-gift\u00bb color=\u00bb#4c341c\u00bb size=\u00bbmedium\u00bb align=\u00bbcenter\u00bb][mk_ornamental_title text_color=\u00bb#4c341c\u00bb font_family=\u00bbnone\u00bb font_size=\u00bb32&#8243; ornament_style=\u00bbnorman-single\u00bb]Gift[\/mk_ornamental_title][vc_column_text title=\u00bbGift card certificate\u00bb disable_pattern=\u00bbfalse\u00bb]Gift card certificate[\/vc_column_text][\/vc_column][\/vc_row][vc_row animation=\u00bbfade-in\u00bb disable_element=\u00bbyes\u00bb id=\u00bbmicro-donation\u00bb][vc_column][mk_font_icons icon=\u00bbmk-icon-tint\u00bb color=\u00bb#4c341c\u00bb size=\u00bbmedium\u00bb align=\u00bbcenter\u00bb][mk_ornamental_title text_color=\u00bb#4c341c\u00bb font_family=\u00bbnone\u00bb font_size=\u00bb32&#8243; ornament_style=\u00bbnorman-single\u00bb]Micro-donation[\/mk_ornamental_title][vc_column_text title=\u00bbVirto\u00bb disable_pattern=\u00bbfalse\u00bb]Virto[\/vc_column_text][\/vc_column][\/vc_row][vc_row id=\u00bbguestbook\u00bb][vc_column][mk_font_icons icon=\u00bbmk-moon-pen-2&#8243; color=\u00bb#4c341c\u00bb size=\u00bbmedium\u00bb align=\u00bbcenter\u00bb][mk_ornamental_title text_color=\u00bb#4c341c\u00bb font_family=\u00bbnone\u00bb font_size=\u00bb32&#8243; ornament_style=\u00bbnorman-single\u00bb]Guestbook[\/mk_ornamental_title][\/vc_column][\/vc_row]","protected":false},"excerpt":{"rendered":"<p>Disculpa, pero este contenido est\u00e1 disponible s\u00f3lo en Ingl\u00e9s Estadounidense. For the sake of viewer convenience, the content is shown below in the alternative language. You may click the link to switch the active language.[mk_page_section sidebar=\u00bbsidebar-1&#8243;][vc_column][mk_font_icons icon=\u00bbmk-moon-heart\u00bb color=\u00bb#4c341c\u00bb size=\u00bbmedium\u00bb align=\u00bbcenter\u00bb][mk_ornamental_title text_color=\u00bb#4c341c\u00bb font_family=\u00bbnone\u00bb font_size=\u00bb32&#8243; ornament_style=\u00bbnorman-single\u00bb]Support us[\/mk_ornamental_title][\/vc_column][\/mk_page_section][vc_row disable_element=\u00bbyes\u00bb id=\u00bbsponsoring\u00bb][vc_column][mk_font_icons icon=\u00bbmk-icon-leaf\u00bb color=\u00bb#4c341c\u00bb size=\u00bbmedium\u00bb align=\u00bbcenter\u00bb][mk_ornamental_title text_color=\u00bb#4c341c\u00bb font_family=\u00bbnone\u00bb font_size=\u00bb32&#8243; ornament_style=\u00bbnorman-single\u00bb]Sponsoring[\/mk_ornamental_title][vc_column_text [&hellip;]<\/p>\n","protected":false},"author":1,"featured_media":0,"parent":0,"menu_order":0,"comment_status":"open","ping_status":"open","template":"","meta":[],"_links":{"self":[{"href":"https:\/\/www.virtosango.org\/es\/wp-json\/wp\/v2\/pages\/102"}],"collection":[{"href":"https:\/\/www.virtosango.org\/es\/wp-json\/wp\/v2\/pages"}],"about":[{"href":"https:\/\/www.virtosango.org\/es\/wp-json\/wp\/v2\/types\/page"}],"author":[{"embeddable":true,"href":"https:\/\/www.virtosango.org\/es\/wp-json\/wp\/v2\/users\/1"}],"replies":[{"embeddable":true,"href":"https:\/\/www.virtosango.org\/es\/wp-json\/wp\/v2\/comments?post=102"}],"version-history":[{"count":21,"href":"https:\/\/www.virtosango.org\/es\/wp-json\/wp\/v2\/pages\/102\/revisions"}],"predecessor-version":[{"id":1618,"href":"https:\/\/www.virtosango.org\/es\/wp-json\/wp\/v2\/pages\/102\/revisions\/1618"}],"wp:attachment":[{"href":"https:\/\/www.virtosango.org\/es\/wp-json\/wp\/v2\/media?parent=102"}],"curies":[{"name":"wp","href":"https:\/\/api.w.org\/{rel}","templated":true}]}}