{"id":84,"date":"2016-11-02T16:37:31","date_gmt":"2016-11-02T15:37:31","guid":{"rendered":"http:\/\/www.virtosango.org\/?page_id=84"},"modified":"2020-12-03T20:13:50","modified_gmt":"2020-12-03T19:13:50","slug":"about","status":"publish","type":"page","link":"https:\/\/www.virtosango.org\/eo\/about\/","title":{"rendered":"About"},"content":{"rendered":"<p class=\"qtranxs-available-languages-message qtranxs-available-languages-message-eo\">Pardonu, tiu enhavo estas nur disponebla en <a href=\"https:\/\/www.virtosango.org\/en\/wp-json\/wp\/v2\/pages\/84\" class=\"qtranxs-available-language-link qtranxs-available-language-link-en\" title=\"English\">Usona Angla<\/a>. For the sake of viewer convenience, the content is shown below in the alternative language. You may click the link to switch the active language.<\/p>[mk_page_section sidebar=&#8221;sidebar-1&#8243;][vc_column][mk_font_icons icon=&#8221;mk-icon-info&#8221; color=&#8221;#4c341c&#8221; size=&#8221;medium&#8221; align=&#8221;center&#8221;][mk_ornamental_title text_color=&#8221;#4c341c&#8221; font_family=&#8221;none&#8221; font_size=&#8221;32&#8243; ornament_style=&#8221;norman-single&#8221;]About us[\/mk_ornamental_title][\/vc_column][\/mk_page_section][vc_row fullwidth=&#8221;true&#8221; equal_columns=&#8221;true&#8221; attached=&#8221;true&#8221; disable_element=&#8221;yes&#8221;][vc_column][mk_animated_columns column_height=&#8221;700&#8243; column_number=&#8221;7&#8243; orderby=&#8221;none&#8221; title_size=&#8221;16&#8243; border_color=&#8221;#4c341c&#8221; bg_color=&#8221;#fffde0&#8243; bg_hover_color=&#8221;#35286d&#8221; icon_size=&#8221;32&#8243; icon_color=&#8221;#4c341c&#8221; icon_hover_color=&#8221;#fffde0&#8243; txt_color=&#8221;#4c341c&#8221; txt_hover_color=&#8221;#fffde0&#8243; btn_color=&#8221;#fffde0&#8243; btn_hover_color=&#8221;#35286d&#8221; btn_hover_txt_color=&#8221;#fffde0&#8243; columns=&#8221;430, 428, 432, 434, 436, 438, 440&#8243;][\/vc_column][\/vc_row][vc_row animation=&#8221;fade-in&#8221; id=&#8221;guiding-principle&#8221;][vc_column][mk_font_icons icon=&#8221;mk-moon-keyhole&#8221; color=&#8221;#4c341c&#8221; size=&#8221;medium&#8221; align=&#8221;center&#8221;][mk_ornamental_title text_color=&#8221;#4c341c&#8221; font_family=&#8221;none&#8221; font_size=&#8221;32&#8243; ornament_style=&#8221;norman-single&#8221;]Guiding\u00a0principle[\/mk_ornamental_title][vc_column_text title=&#8221;Motto&#8221; disable_pattern=&#8221;false&#8221;]<em>Vitam Sensu<\/em> \u00b7\u00a0Meaningful Lifestyle[\/vc_column_text][vc_column_text title=&#8221;Philosophy&#8221; disable_pattern=&#8221;false&#8221;]\u201cWealth as a whole consists in using things rather than in owning them\u201d \u00b7 Aristotle<br \/>\nLife philosophy and contentment is a question of way and <strong>meaning of life<\/strong>.<br \/>\nPursuit of happiness is a mindset and lifestyle, a way of thinking and acting, an <strong>art of living<\/strong>.[\/vc_column_text][vc_column_text title=&#8221;Vision&#8221; disable_pattern=&#8221;false&#8221;]Contribute to the emergence, recognition and sharing of <strong>wealth and value<\/strong> with the finality of living in a perennial <strong>world of peace<\/strong> through harmonious and integral evolution of Mankind and Earth.[\/vc_column_text][vc_column_text title=&#8221;Mission&#8221; disable_pattern=&#8221;false&#8221;]We reveal millions of individual and collective wealth co-creation within <strong>thousands of community, territory, organization<\/strong> for a better activity diversity equilibrium between social and environment, north and south, rural and urban through <strong>ecological footprint mitigration<\/strong> and <strong>well-being improvement<\/strong> by three-frouths by 2030.[\/vc_column_text][vc_column_text title=&#8221;Theory of change&#8221; disable_pattern=&#8221;false&#8221;]If people design various <strong>impactful tools<\/strong> to valorize, stimulate, exalt their virtuous behaviour, they can be in a state of <strong>self-emancipation <\/strong>to reach a common intention of <strong>continuous improvement<\/strong> of humanity with nature.[\/vc_column_text][vc_column_text title=&#8221;Core values&#8221; disable_pattern=&#8221;false&#8221;]<strong>Fulfilment<\/strong>: we share a legitimate aspiration of integral well-being, ecology and benevolence.<br \/>\n<strong>Deontology<\/strong>: we embrace a profound sense of loyalty, responsibility and ethics.<br \/>\n<strong>Alliance<\/strong>: we gather individual commitment and collective empowerment with bravery and nobility.<br \/>\n<strong>Vigour<\/strong>: we are both authentic and optimist, empathic and enthusiastic, perspicacious and peseverant.<br \/>\n<strong>Metamorphosis<\/strong>: we seek conviviality, creativity, altruism for our society enhancement and accomplishment.[\/vc_column_text][\/vc_column][\/vc_row][vc_row animation=&#8221;fade-in&#8221; id=&#8221;charter&#8221;][vc_column][mk_font_icons icon=&#8221;mk-icon-key&#8221; color=&#8221;#4c341c&#8221; size=&#8221;medium&#8221; align=&#8221;center&#8221;][mk_ornamental_title text_color=&#8221;#4c341c&#8221; font_family=&#8221;none&#8221; font_size=&#8221;32&#8243; ornament_style=&#8221;norman-single&#8221;]Charter[\/mk_ornamental_title][vc_column_text title=&#8221;Constitutional ethical charter&#8221; disable_pattern=&#8221;false&#8221;]Our belief make our reality\u00a0\u00b7 Virtuous creed<\/p>\n<ol>\n<li>We respect divine nature of sacred life, beyond birth and death, and its inconditionnal love.<\/li>\n<li>We respect cosmic spiral of evolution, individually, collectivelly, internally, externally.<\/li>\n<li>We respect that absolute is the quest, non-dual and intemporal, that truth is the sum of truths.<\/li>\n<li>We respect golden rule or ethics of reciprocity, treat others how you wish to be treated.<\/li>\n<li>We respect diversity and freedom of ethnic, language, cultural, spiritual affiliations and convictions.<\/li>\n<li>We respect participatory, deliberative or sortition democracy for open governance, election and decision voting system.<\/li>\n<li>We respect resource management, sharing and gift for common good, such as nature, heritage\u00a0and currency.<\/li>\n<li>We respect life integrity, privacy, intimacy and daily commitment for its preservation.<\/li>\n<\/ol>\n[\/vc_column_text][\/vc_column][\/vc_row][vc_row animation=&#8221;fade-in&#8221; disable_element=&#8221;yes&#8221; id=&#8221;culture&#8221;][vc_column][mk_font_icons icon=&#8221;mk-moon-quill-2&#8243; color=&#8221;#4c341c&#8221; size=&#8221;medium&#8221; align=&#8221;center&#8221;][mk_ornamental_title text_color=&#8221;#4c341c&#8221; font_family=&#8221;none&#8221; font_size=&#8221;32&#8243; ornament_style=&#8221;norman-single&#8221;]Culture[\/mk_ornamental_title][vc_accordions style=&#8221;simple-style&#8221; action_style=&#8221;toggle-action&#8221; container_bg_color=&#8221;#fffde0&#8243;][vc_accordion_tab title=&#8221;VIRTUOUS VADE MECUM&#8221;][vc_column_text disable_pattern=&#8221;false&#8221;]Responsible and virtuous citizen memento<\/p>\n<ol>\n<li>Creative cultural:<\/li>\n<li>Ethical leader:<\/li>\n<li>Sustainable entrepreneur: eco-friendly, green business, social entrepreneur<\/li>\n<li>Prosperity changemaker<\/li>\n<li>Extra-ordinary hero: master of your life, not ordinary to be a conquering hero on a daily basis, Anonymous, \u03bb\u03ac\u03bc\u03b2\u03b4\u03b1, Tartempion, Bellatrix, Heimatlos, Qu\u012bdam, Anonimaj, refugee, stateless, exiled, emigrant, expatriated<\/li>\n<li>Skillful virtuoso: splendid, maestro, prodigy, incredible<\/li>\n<li>Artless ingenuous:<\/li>\n<li>Valourous valiant knight: chivalry and nobility<\/li>\n<li>Gallant dandy: galantery and gentlemany<\/li>\n<li>Steadfast loyalty: faithful, upright, unshakable, unfailing, unwavering<\/li>\n<li>Modest wise: sagacity, perspicacity, judicious<\/li>\n<li>Volontary sobriety: happy sobriety, voluntary simplicity<\/li>\n<\/ol>\n[\/vc_column_text][\/vc_accordion_tab][vc_accordion_tab title=&#8221;NATION \u00b7 CITIZENSHIP&#8221;][vc_column_text disable_pattern=&#8221;false&#8221;]Educative and imaginary nation<\/p>\n<ul>\n<li type=\"square\">Informally:<br \/>\nVirtoSango Nation (English)<br \/>\nNation VirtoSango (French)<br \/>\nNaci\u00f3n VirtoSango (Spanish)<br \/>\nNacio VirtoSango (Esperanto)<br \/>\nNatio VirtoSango (Latin)<\/li>\n<li type=\"square\">Acronym: VS<\/li>\n<li type=\"square\">Motto:<br \/>\nMeaningful Lifestyle (English)<br \/>\nUne Vie pleine de Sens (French)<br \/>\nVida Significativa (Spanish)<br \/>\nVivo Senco (Esperanto)<br \/>\nVitam Sensu (Latin)<\/li>\n<li type=\"square\">Virtuous virtues:<br \/>\nWisdom \u00b7 Prosperity \u00b7 Magnanimity (English)<br \/>\nSagesse \u00b7 Prosp\u00e9rit\u00e9 \u00b7 Magnanimit\u00e9 (French)<br \/>\nSabidur\u00eda \u00b7 Prosperidad \u00b7 Magnanimidad (Spanish)<br \/>\nSa\u011do \u00b7 Prospero \u00b7 Noblanimeco (Esperanto)<br \/>\nS\u0103p\u012dent\u012da \u00b7 Prosperitas \u00b7 Magnanim\u012dt\u0101s (Latin)<\/li>\n<li type=\"square\">Demonym:<br \/>\nVirtuous (English)<br \/>\nVertueux (French)<br \/>\nVirtuoso (Spanish)<br \/>\nVirta (Esperanto)<br \/>\nVirtuosus (Latin)<\/li>\n<li type=\"square\">Inception date: March 17, 2017<\/li>\n<li type=\"square\">Virtuous\u00a0languages:<br \/>\nEnglish, French <em>Fran\u00e7ais<\/em>, and Spanish <em>Espa\u00f1ol<\/em> at a common level<br \/>\nEsperanto <em>Esperanto<\/em>, and Latin <em>Latina<\/em> at an unusual level<\/li>\n<li type=\"square\">Currency: Virtuous virto (VIR)<\/li>\n<li type=\"square\">Live by: virtonisation<\/li>\n<li type=\"square\">Movement: virtonism<\/li>\n<li type=\"square\">Adept: virtonist<\/li>\n<li type=\"square\">Connoisseur: virtophilous<\/li>\n<\/ul>\n[\/vc_column_text][\/vc_accordion_tab][vc_accordion_tab title=&#8221;MONETARY INNOVATION&#8221;][vc_column_text disable_pattern=&#8221;false&#8221;]Artistic and virtual currency<\/p>\n<ul>\n<li type=\"square\">Abbreviation, label: virto<\/li>\n<li type=\"square\">Code, symbol: VIR<\/li>\n<li type=\"square\">Sign, icon: Vy<\/li>\n<li type=\"square\">Denomination: Virtuous virto (uncountable plural)<\/li>\n<li type=\"square\">Decimal fraction \u00a2 (plural):<br \/>\nCent(s) (English)<br \/>\nCentime(s) (Fran\u00e7ais)<br \/>\nCentavo(s) (Espa\u00f1ol)<br \/>\nCendo(j) (Esperanto)<br \/>\nCentesimus (Latin)<\/li>\n<li type=\"square\">Format:<br \/>\n\u201c&#8217;\u201d thousand separator<br \/>\n\u201c.\u201d 2 decimals mark<br \/>\nSuffix, right with space position<\/li>\n<li type=\"square\">Traditional European long scale number:<br \/>\nThousand for 1&#8217;000 or k for kilo<br \/>\nMillion (Mio) for 1&#8217;000&#8217;000 or M for Mega<br \/>\nMilliard (Mrd) for 1&#8217;000&#8217;000&#8217;000 or G for Giga<br \/>\nBillion for 1&#8217;000&#8217;000&#8217;000&#8217;000 or T for Tera<\/li>\n<\/ul>\n[\/vc_column_text][\/vc_accordion_tab][\/vc_accordions][\/vc_column][\/vc_row][vc_row animation=&#8221;fade-in&#8221; id=&#8221;objectives&#8221;][vc_column][mk_font_icons icon=&#8221;mk-moon-compass&#8221; color=&#8221;#4c341c&#8221; size=&#8221;medium&#8221; align=&#8221;center&#8221;][mk_ornamental_title text_color=&#8221;#4c341c&#8221; font_family=&#8221;none&#8221; font_size=&#8221;32&#8243; ornament_style=&#8221;norman-single&#8221;]Objectives[\/mk_ornamental_title][vc_row_inner disable_element=&#8221;yes&#8221;][vc_column_inner width=&#8221;1\/3&#8243;][vc_column_text title=&#8221;Since 2017&#8243; disable_pattern=&#8221;false&#8221;][\/vc_column_text][mk_milestone icon=&#8221;mk-moon-coins&#8221; align=&#8221;center&#8221; icon_color=&#8221;#4c341c&#8221; stop=&#8221;10000&#8243; speed=&#8221;1753&#8243; suffix=&#8221;VIR&#8221; text=&#8221;CIRCULATION&#8221; text_color=&#8221;#4c341c&#8221; text_size=&#8221;16&#8243; font_family=&#8221;none&#8221; desc_size=&#8221;16&#8243;][\/vc_column_inner][vc_column_inner width=&#8221;1\/3&#8243;][mk_milestone icon=&#8221;mk-icon-paper-plane-o&#8221; align=&#8221;center&#8221; icon_color=&#8221;#4c341c&#8221; stop=&#8221;5&#8243; speed=&#8221;1753&#8243; text=&#8221;PROJECT LEADERS&#8221; text_color=&#8221;#4c341c&#8221; text_size=&#8221;16&#8243; font_family=&#8221;none&#8221; desc_size=&#8221;16&#8243;][\/vc_column_inner][vc_column_inner width=&#8221;1\/3&#8243;][mk_milestone icon=&#8221;mk-moon-hand&#8221; align=&#8221;center&#8221; icon_color=&#8221;#4c341c&#8221; speed=&#8221;1753&#8243; text=&#8221;BACKERS&#8221; text_color=&#8221;#4c341c&#8221; text_size=&#8221;16&#8243; font_family=&#8221;none&#8221; desc_size=&#8221;16&#8243;][\/vc_column_inner][\/vc_row_inner][vc_row_inner disable_element=&#8221;yes&#8221;][vc_column_inner width=&#8221;1\/3&#8243;][mk_icon_box2 icon_size=&#8221;32&#8243; icon=&#8221;mk-moon-medal-2&#8243; title=&#8221;FIRST ON CURRENCIES&#8221; title_size=&#8221;16&#8243;][\/mk_icon_box2][\/vc_column_inner][vc_column_inner width=&#8221;1\/3&#8243;][mk_icon_box2 icon_size=&#8221;32&#8243; icon=&#8221;mk-icon-trophy&#8221; title=&#8221;FIRST ON IMPACT&#8221; title_size=&#8221;16&#8243;][\/mk_icon_box2][\/vc_column_inner][vc_column_inner width=&#8221;1\/3&#8243;][mk_icon_box2 icon_size=&#8221;32&#8243; icon=&#8221;mk-moon-leaf-2&#8243; title=&#8221;FOOTPRINT CARBON NEUTRAL&#8221; title_size=&#8221;16&#8243;][\/mk_icon_box2][\/vc_column_inner][\/vc_row_inner][vc_column_text title=&#8221;By 2050&#8243; disable_pattern=&#8221;false&#8221;][\/vc_column_text][vc_row_inner disable_element=&#8221;yes&#8221;][vc_column_inner width=&#8221;1\/3&#8243;][mk_milestone icon=&#8221;mk-li-net&#8221; align=&#8221;center&#8221; icon_color=&#8221;#4c341c&#8221; stop=&#8221;700000&#8243; speed=&#8221;1753&#8243; text=&#8221;NETWORKS&#8221; text_color=&#8221;#4c341c&#8221; text_size=&#8221;16&#8243; font_family=&#8221;none&#8221; desc_size=&#8221;16&#8243;][\/vc_column_inner][vc_column_inner width=&#8221;1\/3&#8243;][mk_milestone icon=&#8221;mk-moon-home-4&#8243; align=&#8221;center&#8221; icon_color=&#8221;#4c341c&#8221; stop=&#8221;50000000&#8243; speed=&#8221;1753&#8243; text=&#8221;ORGANIZATIONS&#8221; text_color=&#8221;#4c341c&#8221; text_size=&#8221;16&#8243; font_family=&#8221;none&#8221; desc_size=&#8221;16&#8243;][\/vc_column_inner][vc_column_inner width=&#8221;1\/3&#8243;][mk_milestone icon=&#8221;mk-li-users&#8221; align=&#8221;center&#8221; icon_color=&#8221;#4c341c&#8221; stop=&#8221;3000000000&#8243; speed=&#8221;1753&#8243; text=&#8221;USERS&#8221; text_color=&#8221;#4c341c&#8221; text_size=&#8221;16&#8243; font_family=&#8221;none&#8221; desc_size=&#8221;16&#8243;][\/vc_column_inner][\/vc_row_inner][vc_row_inner][vc_column_inner width=&#8221;1\/3&#8243;][mk_chart percent=&#8221;75&#8243; bar_color=&#8221;#4c341c&#8221; track_color=&#8221;#fffde0&#8243; line_width=&#8221;7&#8243; bar_size=&#8221;95&#8243; content_type=&#8221;icon&#8221; icon=&#8221;mk-moon-bars&#8221; icon_color=&#8221;#4c341c&#8221; desc=&#8221;PROJECT SUCCESS RATE&#8221; desc_text_size=&#8221;16&#8243; desc_color=&#8221;#4c341c&#8221;][\/vc_column_inner][vc_column_inner width=&#8221;1\/3&#8243;][mk_chart percent=&#8221;75&#8243; bar_color=&#8221;#4c341c&#8221; track_color=&#8221;#fffde0&#8243; line_width=&#8221;7&#8243; bar_size=&#8221;95&#8243; content_type=&#8221;icon&#8221; icon=&#8221;mk-moon-flower&#8221; icon_color=&#8221;#4c341c&#8221; desc=&#8221;ECOLOGICAL FOOTPRINT MITIGATION&#8221; desc_text_size=&#8221;16&#8243; desc_color=&#8221;#4c341c&#8221;][\/vc_column_inner][vc_column_inner width=&#8221;1\/3&#8243;][mk_chart percent=&#8221;75&#8243; bar_color=&#8221;#4c341c&#8221; track_color=&#8221;#fffde0&#8243; line_width=&#8221;7&#8243; bar_size=&#8221;95&#8243; content_type=&#8221;icon&#8221; icon=&#8221;mk-moon-happy&#8221; icon_color=&#8221;#4c341c&#8221; desc=&#8221;WELL-BEING IMPROVEMENT&#8221; desc_text_size=&#8221;16&#8243; desc_color=&#8221;#4c341c&#8221;][\/vc_column_inner][\/vc_row_inner][mk_padding_divider size=&#8221;30&#8243;][\/vc_column][\/vc_row][vc_row equal_columns=&#8221;true&#8221; attached=&#8221;true&#8221; animation=&#8221;fade-in&#8221; id=&#8221;presentation&#8221;][vc_column][mk_font_icons icon=&#8221;mk-icon-magic&#8221; color=&#8221;#4c341c&#8221; size=&#8221;medium&#8221; align=&#8221;center&#8221;][mk_ornamental_title text_color=&#8221;#4c341c&#8221; font_family=&#8221;none&#8221; font_size=&#8221;32&#8243; ornament_style=&#8221;norman-single&#8221;]Presentation[\/mk_ornamental_title][vc_row_inner disable_element=&#8221;yes&#8221;][vc_column_inner][mk_animated_columns column_height=&#8221;100&#8243; column_number=&#8221;3&#8243; orderby=&#8221;none&#8221; title_size=&#8221;16&#8243; border_color=&#8221;#4c341c&#8221; bg_color=&#8221;#fffde0&#8243; bg_hover_color=&#8221;#35286d&#8221; icon_size=&#8221;32&#8243; icon_color=&#8221;#4c341c&#8221; icon_hover_color=&#8221;#fffde0&#8243; txt_color=&#8221;#4c341c&#8221; txt_hover_color=&#8221;#fffde0&#8243; btn_color=&#8221;#fffde0&#8243; btn_hover_color=&#8221;#35286d&#8221; btn_hover_txt_color=&#8221;#fffde0&#8243; columns=&#8221;422, 424, 426&#8243;][\/vc_column_inner][\/vc_row_inner][vc_column_text title=&#8221;Brief description&#8221; disable_pattern=&#8221;false&#8221;]How to support impactful projects?<br \/>\nCrowdfunding for sustainability and social innovations.<br \/>\nUnlike classical crowdfunding platforms:<\/p>\n<ul>\n<li type=\"square\">Supported projects are preselected according to their impact evaluation.<\/li>\n<li type=\"square\">Donation is incited by loyalty vouchers and generosity rank.<\/li>\n<li type=\"square\">Donor can choose its reward among various ethical goods and services.<\/li>\n<\/ul>\n<p>The more you support impactful innovations through crowdfunding.<br \/>\nThe more you receive loyalty voucher and generosity rank.<br \/>\nThe more you can choose meaningful goods and services through the online boutique.[\/vc_column_text][vc_column_text title=&#8221;Domain overview&#8221; disable_pattern=&#8221;false&#8221;]Via an internet platform, finance a preselected sustainability and social innovation and receive:<\/p>\n<ul>\n<li type=\"square\">Reputation with a generosity rank according to your donation.<\/li>\n<li type=\"square\">Impact via impact assessment of supported projects.<\/li>\n<li type=\"square\">Rewards chosen thanks to loyalty voucher.<\/li>\n<\/ul>\n<p>Crowdfunding for impact.<br \/>\nLoyalty voucher for generosity.<br \/>\nOnline boutique for rewards.[\/vc_column_text][vc_row_inner disable_element=&#8221;yes&#8221;][vc_column_inner][vc_column_text title=&#8221;Services&#8221; disable_pattern=&#8221;false&#8221;]We offer electronic business goods and online virtual services such as:<\/p>\n<ul>\n<li type=\"square\">Offers with VirtoSango \u00b7 Home<\/li>\n<\/ul>\n[\/vc_column_text][\/vc_column_inner][\/vc_row_inner][vc_column_text title=&#8221;History&#8221; disable_pattern=&#8221;false&#8221;]Versatile roots, from a polytechnic engineer, humanitarian aid and development background, with a <strong>sustainable development<\/strong> and <strong>social innovation<\/strong> vocation, through a <strong>sustainable finance<\/strong> and <strong>impact improvement<\/strong> expertise, a seed idea of a reward based virtual\u00a0community born in Alps\u2019 heart at the millenium&#8217;s dawn.<\/p>\n<p>Since then, embracing the stakes of <strong>poverty alleviation<\/strong>, <strong>ecological footprint<\/strong> mitigation and <strong>economic reform<\/strong> rethink, it was essential to positively value cultural creative, changemaker, social entrepreneur and ethical leader through a <strong>virtuous circle<\/strong>. After a decade of applied research and development on social technology for sustainable impact, VirtoSango Group has been created in 2017.[\/vc_column_text][\/vc_column][\/vc_row][vc_row animation=&#8221;fade-in&#8221; disable_element=&#8221;yes&#8221; id=&#8221;management&#8221;][vc_column][mk_font_icons icon=&#8221;mk-moon-stack-star&#8221; color=&#8221;#4c341c&#8221; size=&#8221;medium&#8221; align=&#8221;center&#8221;][mk_ornamental_title text_color=&#8221;#4c341c&#8221; font_family=&#8221;none&#8221; font_size=&#8221;32&#8243; ornament_style=&#8221;norman-single&#8221;]Management[\/mk_ornamental_title][vc_column_text title=&#8221;Advisory board&#8221; disable_pattern=&#8221;false&#8221;]Strategy and scientific advisory board.[\/vc_column_text][mk_employees grayscale_image=&#8221;false&#8221; count=&#8221;2&#8243; orderby=&#8221;post__in&#8221; name_color=&#8221;#35286d&#8221; position_color=&#8221;#4c341c&#8221; about_color=&#8221;#4c341c&#8221; social_color=&#8221;#35286d&#8221; categories=&#8221;advisor&#8221;][vc_column_text title=&#8221;Management team&#8221; disable_pattern=&#8221;false&#8221;]Management directors and human resources.[\/vc_column_text][mk_employees grayscale_image=&#8221;false&#8221; count=&#8221;3&#8243; order=&#8221;ASC&#8221; orderby=&#8221;post__in&#8221; name_color=&#8221;#35286d&#8221; position_color=&#8221;#4c341c&#8221; about_color=&#8221;#4c341c&#8221; social_color=&#8221;#35286d&#8221; categories=&#8221;manager&#8221;][\/vc_column][\/vc_row][vc_row animation=&#8221;fade-in&#8221; disable_element=&#8221;yes&#8221; id=&#8221;ethical-codes&#8221;][vc_column][mk_font_icons icon=&#8221;mk-moon-pencil&#8221; color=&#8221;#4c341c&#8221; size=&#8221;medium&#8221; align=&#8221;center&#8221;][mk_ornamental_title text_color=&#8221;#4c341c&#8221; font_family=&#8221;none&#8221; font_size=&#8221;32&#8243; ornament_style=&#8221;norman-single&#8221;]Ethical codes[\/mk_ornamental_title][vc_tabs style=&#8221;simple&#8221; container_bg_color=&#8221;#fffde0&#8243;][vc_tab title=&#8221;BUSINESS ETHICS&#8221; tab_id=&#8221;1481800477-1-3&#8243;][vc_column_text title=&#8221;Business ethics or commitment&#8221; disable_pattern=&#8221;false&#8221;]Business ethics or commitment[\/vc_column_text][\/vc_tab][vc_tab title=&#8221;RULES AND REGULATIONS&#8221; tab_id=&#8221;1481800477-2-39&#8243;][vc_column_text title=&#8221;Conduct for employees or company rules and regulations&#8221; disable_pattern=&#8221;false&#8221;]Conduct for employees or company rules and regulations[\/vc_column_text][\/vc_tab][vc_tab title=&#8221;PROFESSIONAL PRACTICE&#8221; tab_id=&#8221;1481800767877-2-2&#8243;][vc_column_text title=&#8221;Professional practice&#8221; disable_pattern=&#8221;false&#8221;]Professional practice[\/vc_column_text][\/vc_tab][\/vc_tabs][\/vc_column][\/vc_row]","protected":false},"excerpt":{"rendered":"<p>Pardonu, tiu enhavo estas nur disponebla en Usona Angla. For the sake of viewer convenience, the content is shown below in the alternative language. You may click the link to switch the active language.[mk_page_section sidebar=&#8221;sidebar-1&#8243;][vc_column][mk_font_icons icon=&#8221;mk-icon-info&#8221; color=&#8221;#4c341c&#8221; size=&#8221;medium&#8221; align=&#8221;center&#8221;][mk_ornamental_title text_color=&#8221;#4c341c&#8221; font_family=&#8221;none&#8221; font_size=&#8221;32&#8243; ornament_style=&#8221;norman-single&#8221;]About us[\/mk_ornamental_title][\/vc_column][\/mk_page_section][vc_row fullwidth=&#8221;true&#8221; equal_columns=&#8221;true&#8221; attached=&#8221;true&#8221; disable_element=&#8221;yes&#8221;][vc_column][mk_animated_columns column_height=&#8221;700&#8243; column_number=&#8221;7&#8243; orderby=&#8221;none&#8221; title_size=&#8221;16&#8243; border_color=&#8221;#4c341c&#8221; bg_color=&#8221;#fffde0&#8243; bg_hover_color=&#8221;#35286d&#8221; [&hellip;]<\/p>\n","protected":false},"author":1,"featured_media":0,"parent":0,"menu_order":0,"comment_status":"closed","ping_status":"closed","template":"","meta":[],"_links":{"self":[{"href":"https:\/\/www.virtosango.org\/eo\/wp-json\/wp\/v2\/pages\/84"}],"collection":[{"href":"https:\/\/www.virtosango.org\/eo\/wp-json\/wp\/v2\/pages"}],"about":[{"href":"https:\/\/www.virtosango.org\/eo\/wp-json\/wp\/v2\/types\/page"}],"author":[{"embeddable":true,"href":"https:\/\/www.virtosango.org\/eo\/wp-json\/wp\/v2\/users\/1"}],"replies":[{"embeddable":true,"href":"https:\/\/www.virtosango.org\/eo\/wp-json\/wp\/v2\/comments?post=84"}],"version-history":[{"count":243,"href":"https:\/\/www.virtosango.org\/eo\/wp-json\/wp\/v2\/pages\/84\/revisions"}],"predecessor-version":[{"id":1668,"href":"https:\/\/www.virtosango.org\/eo\/wp-json\/wp\/v2\/pages\/84\/revisions\/1668"}],"wp:attachment":[{"href":"https:\/\/www.virtosango.org\/eo\/wp-json\/wp\/v2\/media?parent=84"}],"curies":[{"name":"wp","href":"https:\/\/api.w.org\/{rel}","templated":true}]}}