{"id":108,"date":"2016-11-02T16:46:47","date_gmt":"2016-11-02T15:46:47","guid":{"rendered":"http:\/\/www.virtosango.org\/?page_id=108"},"modified":"2017-02-27T18:05:00","modified_gmt":"2017-02-27T17:05:00","slug":"media","status":"publish","type":"page","link":"https:\/\/www.virtosango.org\/eo\/media\/","title":{"rendered":"Media"},"content":{"rendered":"<p class=\"qtranxs-available-languages-message qtranxs-available-languages-message-eo\">Pardonu, tiu enhavo estas nur disponebla en <a href=\"https:\/\/www.virtosango.org\/en\/wp-json\/wp\/v2\/pages\/108\" class=\"qtranxs-available-language-link qtranxs-available-language-link-en\" title=\"English\">Usona Angla<\/a>. For the sake of viewer convenience, the content is shown below in the alternative language. You may click the link to switch the active language.<\/p>[mk_page_section sidebar=&#8221;sidebar-1&#8243;][vc_column][mk_font_icons icon=&#8221;mk-icon-exclamation&#8221; color=&#8221;#4c341c&#8221; size=&#8221;medium&#8221; align=&#8221;center&#8221;][mk_ornamental_title text_color=&#8221;#4c341c&#8221; font_family=&#8221;none&#8221; font_size=&#8221;32&#8243; ornament_style=&#8221;norman-single&#8221;]Media[\/mk_ornamental_title][\/vc_column][\/mk_page_section][vc_row animation=&#8221;fade-in&#8221; id=&#8221;emblem&#8221;][vc_column][mk_font_icons icon=&#8221;mk-icon-paw&#8221; color=&#8221;#4c341c&#8221; size=&#8221;medium&#8221; align=&#8221;center&#8221;][mk_ornamental_title text_color=&#8221;#4c341c&#8221; font_family=&#8221;none&#8221; font_size=&#8221;32&#8243; ornament_style=&#8221;norman-single&#8221;]Emblem[\/mk_ornamental_title][vc_column_text title=&#8221;Sign \u00b7 Motto&#8221; disable_pattern=&#8221;false&#8221;]VirtoSango \u00b7 Vitam Sensu[\/vc_column_text][mk_image src=&#8221;http:\/\/www.virtosango.org\/wp-content\/uploads\/2017\/01\/virtosango-sign.png&#8221; image_size=&#8221;full&#8221; align=&#8221;center&#8221;][vc_column_text title=&#8221;Seal&#8221; disable_pattern=&#8221;false&#8221;]VS \u00b7 VirtoSango[\/vc_column_text][vc_row_inner][vc_column_inner width=&#8221;1\/3&#8243;][mk_image src=&#8221;http:\/\/www.virtosango.org\/wp-content\/uploads\/2017\/01\/virtosango-seal-circle.png&#8221; image_size=&#8221;full&#8221; align=&#8221;center&#8221;][\/vc_column_inner][vc_column_inner width=&#8221;1\/3&#8243;][mk_image src=&#8221;http:\/\/www.virtosango.org\/wp-content\/uploads\/2017\/01\/virtosango-seal.png&#8221; image_size=&#8221;full&#8221; align=&#8221;center&#8221;][\/vc_column_inner][vc_column_inner width=&#8221;1\/3&#8243;][mk_image src=&#8221;http:\/\/www.virtosango.org\/wp-content\/uploads\/2017\/01\/virtosango-seal-square.png&#8221; image_size=&#8221;full&#8221; align=&#8221;center&#8221;][\/vc_column_inner][\/vc_row_inner][vc_column_text title=&#8221;Currency symbol&#8221; disable_pattern=&#8221;false&#8221;]VIR \u00b7 Virto[\/vc_column_text][mk_image src=&#8221;http:\/\/www.virtosango.org\/wp-content\/uploads\/2016\/11\/virto-symbol.png&#8221; image_size=&#8221;full&#8221; align=&#8221;center&#8221;][mk_padding_divider size=&#8221;30&#8243;][\/vc_column][\/vc_row][vc_row animation=&#8221;fade-in&#8221; id=&#8221;press-book&#8221;][vc_column][mk_font_icons icon=&#8221;mk-moon-bullhorn&#8221; color=&#8221;#4c341c&#8221; size=&#8221;medium&#8221; align=&#8221;center&#8221;][mk_ornamental_title text_color=&#8221;#4c341c&#8221; font_family=&#8221;none&#8221; font_size=&#8221;32&#8243; ornament_style=&#8221;norman-single&#8221;]Press book[\/mk_ornamental_title][mk_icon_box2 icon_size=&#8221;32&#8243; icon=&#8221;mk-li-news&#8221; title=&#8221;PRESS REVIEW \u00b7 PERIODICAL ARTICLES&#8221; title_size=&#8221;16&#8243;][\/mk_icon_box2][vc_row_inner][vc_column_inner width=&#8221;1\/4&#8243;][mk_image src=&#8221;http:\/\/www.virtosango.org\/wp-content\/uploads\/2016\/11\/le-dauphine-libere-logotype.png&#8221; image_size=&#8221;full&#8221; target=&#8221;_blank&#8221; title=&#8221;Le Dauphin\u00e9 Lib\u00e9r\u00e9&#8221; desc=&#8221;09.11.2010 \u00b7 06.12.2010&#8243; caption_location=&#8221;outside-image&#8221; align=&#8221;center&#8221;][\/vc_column_inner][vc_column_inner width=&#8221;1\/4&#8243;][mk_image src=&#8221;http:\/\/www.virtosango.org\/wp-content\/uploads\/2016\/11\/tribune-de-geneve-logotype.jpg&#8221; image_size=&#8221;full&#8221; target=&#8221;_blank&#8221; title=&#8221;Tribune de Gen\u00e8ve&#8221; desc=&#8221;19.10.2010&#8243; caption_location=&#8221;outside-image&#8221; align=&#8221;center&#8221;][\/vc_column_inner][vc_column_inner width=&#8221;1\/4&#8243;][mk_image src=&#8221;http:\/\/www.virtosango.org\/wp-content\/uploads\/2016\/11\/le-messager-logotype.png&#8221; image_size=&#8221;full&#8221; target=&#8221;_blank&#8221; title=&#8221;Le Messager&#8221; desc=&#8221;18.11.2010&#8243; caption_location=&#8221;outside-image&#8221; align=&#8221;center&#8221;][\/vc_column_inner][vc_column_inner width=&#8221;1\/4&#8243;][mk_image src=&#8221;http:\/\/www.virtosango.org\/wp-content\/uploads\/2016\/11\/youphil-logotype.png&#8221; image_size=&#8221;full&#8221; target=&#8221;_blank&#8221; title=&#8221;Youphil&#8221; desc=&#8221;Altern-Actif \u00b7 2010-2016&#8243; caption_location=&#8221;outside-image&#8221; align=&#8221;center&#8221;][\/vc_column_inner][\/vc_row_inner][vc_row_inner disable_element=&#8221;yes&#8221;][vc_column_inner][vc_column_text title=&#8221;Press review&#8221; disable_pattern=&#8221;false&#8221;][\/vc_column_text][mk_clients style=&#8221;column&#8221; border_style=&#8221;opened_edges&#8221; column=&#8221;1&#8243; count=&#8221;1&#8243; order=&#8221;DESC&#8221; orderby=&#8221;none&#8221; border_color=&#8221;#4c341c&#8221; target=&#8221;_blank&#8221; margin_bottom=&#8221;10&#8243; clients=&#8221;789&#8243;][vc_column_text title=&#8221;Media communication&#8221; disable_pattern=&#8221;false&#8221;]Media communication[\/vc_column_text][\/vc_column_inner][\/vc_row_inner][\/vc_column][\/vc_row][vc_row animation=&#8221;fade-in&#8221; id=&#8221;networking&#8221;][vc_column][vc_row_inner][vc_column_inner][mk_font_icons icon=&#8221;mk-li-web&#8221; color=&#8221;#4c341c&#8221; size=&#8221;medium&#8221; align=&#8221;center&#8221;][\/vc_column_inner][\/vc_row_inner][mk_ornamental_title text_color=&#8221;#4c341c&#8221; font_family=&#8221;none&#8221; font_size=&#8221;32&#8243; ornament_style=&#8221;norman-single&#8221;]Networking[\/mk_ornamental_title][vc_column_text title=&#8221;Social media links&#8221; disable_pattern=&#8221;false&#8221; align=&#8221;center&#8221;][\/vc_column_text][mk_social_networks size=&#8221;medium&#8221; style=&#8221;simple&#8221; margin=&#8221;20&#8243; icon_color=&#8221;#35286d&#8221; icon_hover_color=&#8221;#f36f23&#8243; align=&#8221;center&#8221; linkedin=&#8221;https:\/\/www.linkedin.com\/company\/virtosango&#8221; youtube=&#8221;https:\/\/www.youtube.com\/channel\/UCZuGNWxnpgxSpBu88QE3MEQ&#8221;][vc_row_inner][vc_column_inner width=&#8221;1\/3&#8243;][mk_icon_box2 icon_size=&#8221;32&#8243; icon=&#8221;mk-icon-share&#8221; title=&#8221;FOLLOW&#8221; title_size=&#8221;16&#8243;][\/mk_icon_box2][\/vc_column_inner][vc_column_inner width=&#8221;1\/3&#8243;][mk_icon_box2 icon_size=&#8221;32&#8243; icon=&#8221;mk-icon-thumbs-up&#8221; title=&#8221;LIKE&#8221; title_size=&#8221;16&#8243;][\/mk_icon_box2][\/vc_column_inner][vc_column_inner width=&#8221;1\/3&#8243;][mk_icon_box2 icon_size=&#8221;32&#8243; icon=&#8221;mk-icon-share-alt&#8221; title=&#8221;SHARE&#8221; title_size=&#8221;16&#8243;][\/mk_icon_box2][\/vc_column_inner][\/vc_row_inner][vc_row_inner disable_element=&#8221;yes&#8221;][vc_column_inner width=&#8221;1\/6&#8243;][mk_font_icons icon=&#8221;mk-li-web&#8221; color=&#8221;#4c341c&#8221; size=&#8221;medium&#8221; align=&#8221;center&#8221;][\/vc_column_inner][vc_column_inner width=&#8221;1\/6&#8243;][mk_font_icons icon=&#8221;mk-icon-rss&#8221; color=&#8221;#4c341c&#8221; size=&#8221;medium&#8221; align=&#8221;center&#8221;][\/vc_column_inner][vc_column_inner width=&#8221;1\/6&#8243;][mk_font_icons icon=&#8221;mk-icon-linkedin&#8221; color=&#8221;#4c341c&#8221; size=&#8221;medium&#8221; align=&#8221;center&#8221;][\/vc_column_inner][vc_column_inner width=&#8221;1\/6&#8243;][mk_font_icons icon=&#8221;mk-icon-twitter&#8221; color=&#8221;#4c341c&#8221; size=&#8221;medium&#8221; align=&#8221;center&#8221;][\/vc_column_inner][vc_column_inner width=&#8221;1\/6&#8243;][mk_font_icons icon=&#8221;mk-icon-facebook&#8221; color=&#8221;#4c341c&#8221; size=&#8221;medium&#8221; align=&#8221;center&#8221;][\/vc_column_inner][vc_column_inner width=&#8221;1\/6&#8243;][mk_font_icons icon=&#8221;mk-icon-youtube&#8221; color=&#8221;#4c341c&#8221; size=&#8221;medium&#8221; align=&#8221;center&#8221;][\/vc_column_inner][\/vc_row_inner][\/vc_column][\/vc_row]","protected":false},"excerpt":{"rendered":"<p>Pardonu, tiu enhavo estas nur disponebla en Usona Angla. For the sake of viewer convenience, the content is shown below in the alternative language. You may click the link to switch the active language.[mk_page_section sidebar=&#8221;sidebar-1&#8243;][vc_column][mk_font_icons icon=&#8221;mk-icon-exclamation&#8221; color=&#8221;#4c341c&#8221; size=&#8221;medium&#8221; align=&#8221;center&#8221;][mk_ornamental_title text_color=&#8221;#4c341c&#8221; font_family=&#8221;none&#8221; font_size=&#8221;32&#8243; ornament_style=&#8221;norman-single&#8221;]Media[\/mk_ornamental_title][\/vc_column][\/mk_page_section][vc_row animation=&#8221;fade-in&#8221; id=&#8221;emblem&#8221;][vc_column][mk_font_icons icon=&#8221;mk-icon-paw&#8221; color=&#8221;#4c341c&#8221; size=&#8221;medium&#8221; align=&#8221;center&#8221;][mk_ornamental_title text_color=&#8221;#4c341c&#8221; font_family=&#8221;none&#8221; font_size=&#8221;32&#8243; ornament_style=&#8221;norman-single&#8221;]Emblem[\/mk_ornamental_title][vc_column_text title=&#8221;Sign \u00b7 [&hellip;]<\/p>\n","protected":false},"author":1,"featured_media":0,"parent":0,"menu_order":0,"comment_status":"closed","ping_status":"closed","template":"","meta":[],"_links":{"self":[{"href":"https:\/\/www.virtosango.org\/eo\/wp-json\/wp\/v2\/pages\/108"}],"collection":[{"href":"https:\/\/www.virtosango.org\/eo\/wp-json\/wp\/v2\/pages"}],"about":[{"href":"https:\/\/www.virtosango.org\/eo\/wp-json\/wp\/v2\/types\/page"}],"author":[{"embeddable":true,"href":"https:\/\/www.virtosango.org\/eo\/wp-json\/wp\/v2\/users\/1"}],"replies":[{"embeddable":true,"href":"https:\/\/www.virtosango.org\/eo\/wp-json\/wp\/v2\/comments?post=108"}],"version-history":[{"count":57,"href":"https:\/\/www.virtosango.org\/eo\/wp-json\/wp\/v2\/pages\/108\/revisions"}],"predecessor-version":[{"id":1608,"href":"https:\/\/www.virtosango.org\/eo\/wp-json\/wp\/v2\/pages\/108\/revisions\/1608"}],"wp:attachment":[{"href":"https:\/\/www.virtosango.org\/eo\/wp-json\/wp\/v2\/media?parent=108"}],"curies":[{"name":"wp","href":"https:\/\/api.w.org\/{rel}","templated":true}]}}